{"id":16847,"date":"2021-10-28T10:03:09","date_gmt":"2021-10-28T10:03:09","guid":{"rendered":"https:\/\/www.grillsymbol.com\/become-a-dealer\/"},"modified":"2022-04-01T07:27:59","modified_gmt":"2022-04-01T07:27:59","slug":"werden-sie-haendler","status":"publish","type":"page","link":"https:\/\/www.grillsymbol.com\/de\/werden-sie-haendler\/","title":{"rendered":"Werden Sie H\u00e4ndler"},"content":{"rendered":"<p>[vc_row full_width=&#8220;stretch_row&#8220; el_class=&#8220;dealer-section&#8220;][vc_column][vc_column_text]<div class=\"bad-section\">\r\n\t\t\t<div class=\"bad-container\"><h2>Wiederverk\u00e4ufer werden  <\/h2><div class=\"bad-row\">\r\n\t\t\t\t\t<div class=\"bad-box\">\r\n\t\t\t\t\t\t<div class=\"bad-box-3\">\r\n\t\t\t\t\t\t\t<div class=\"box-img dd\">\r\n\t\t\t\t\t\t\t\t<img decoding=\"async\" src=\"https:\/\/www.grillsymbol.com\/wp-content\/themes\/handystore-child\/img\/DiamondDealer.png\">\r\n\t\t\t\t\t\t\t\t<span>Diamond Dealer<\/span>\r\n\t\t\t\t\t\t\t<\/div>\r\n\t\t\t\t\t\t\t<h5>Authorized Diamond Dealer<\/h5>\r\n\t\t\t\t\t\t\t<ul>\r\n\t\t\t\t\t\t\t\t<li>Franchise-Vereinbarung. Vertretungsrechte f\u00fcr das Gesamtsortiment und Sonderprojekte auf dem Zielmarkt<\/li>\r\n                                <li>Gross- und Einzelhandel in dem Ausstellungsraum und in dem offiziellen Online-Shop der Zielgruppe von GrillSymbol<\/li>\r\n                                <li>Kostelose Lieferung f\u00fcr Grosseinkauf. Schneller und teilweise kostenloser Dropshipping<\/li>\r\n                                <li>Unterst\u00fctzung bei den Verkaufskampagnen<\/li>\r\n                                <li>Unters\u00fctzung f\u00fcr Messsen und Ausstellungen<\/li>\r\n\t\t\t\t\t\t\t<\/ul>\r\n\t\t\t\t\t\t<\/div>\r\n\t\t\t\t\t\t<div class=\"bad-box-3\">\r\n\t\t\t\t\t\t\t<div class=\"box-img pd\">\r\n\t\t\t\t\t\t\t\t<img decoding=\"async\" src=\"https:\/\/www.grillsymbol.com\/wp-content\/themes\/handystore-child\/img\/GoldDealer.png\">\r\n\t\t\t\t\t\t\t\t<span>Platinum Dealer<\/span>\r\n\t\t\t\t\t\t\t<\/div>\r\n\t\t\t\t\t\t\t<h5>Authorized Platinum Dealer<\/h5>\r\n\t\t\t\t\t\t\t<ul>\r\n\t\t\t\t\t\t\t\t<li>Vertretungsrechte f\u00fcr das gesamte Sortiment auf dem Zielmarkt<\/li>\r\n                                <li>Verkauf im Ausstellungsraum, Gesch\u00e4ft oder \u00fcber den Online-Shop des H\u00e4ndlers<\/li>\r\n                                <li>Kostelose Lieferung f\u00fcr Grosseinkauf. Schneller und teilweise kostenloser Dropshipping<\/li>\r\n                                <li>Unterst\u00fctzung bei den Verkaufskampagnen<\/li>\r\n                                <li>Unters\u00fctzung f\u00fcr Messsen und Ausstellungen<\/li>\r\n\t\t\t\t\t\t\t<\/ul>\r\n\t\t\t\t\t\t<\/div>\r\n\t\t\t\t\t\t<div class=\"bad-box-3\">\r\n\t\t\t\t\t\t\t<div class=\"box-img gd\">\r\n\t\t\t\t\t\t\t\t<img decoding=\"async\" src=\"https:\/\/www.grillsymbol.com\/wp-content\/themes\/handystore-child\/img\/PlatinumDealer.png\">\r\n\t\t\t\t\t\t\t\t<span>Gold Dealer<\/span>\r\n\t\t\t\t\t\t\t<\/div>\r\n\t\t\t\t\t\t\t<h5>Authorized Gold e-Dealer<\/h5>\r\n\t\t\t\t\t\t\t<ul>\r\n                                <li>Vertretungsrechte f\u00fcr 150-200 Sortimentsprodukte auf dem Zielmarkt<\/li>\r\n                                <li>Verkauf \u00fcber den Online-Shop des H\u00e4ndlers<\/li>\r\n                                <li>Schneller und kostenloser Dropshipping*<\/li>\r\n                                <li>Unterst\u00fctzung bei den Verkaufskampagnen<\/li>\r\n\t\t\t\t\t\t\t<\/ul>\r\n\t\t\t\t\t\t<\/div>\r\n\t\t\t\t\t\t<div class=\"bad-box-3\">\r\n\t\t\t\t\t\t\t<div class=\"box-img sd\">\r\n\t\t\t\t\t\t\t\t<img decoding=\"async\" src=\"https:\/\/www.grillsymbol.com\/wp-content\/themes\/handystore-child\/img\/SilverDealer.png\">\r\n\t\t\t\t\t\t\t\t<span>Silver Dealer<\/span>\r\n\t\t\t\t\t\t\t<\/div>\r\n\t\t\t\t\t\t\t<h5>Authorized Silver Dealer<\/h5>\r\n\t\t\t\t\t\t\t<ul>\r\n\t\t\t\t\t\t\t\t<li>Vertretungsrechte f\u00fcr 10-50 Sortimentsprodukte auf dem Zielmarkt<\/li>\r\n                                <li>Verkauf \u00fcber den Online-Shop des H\u00e4ndlers<\/li>\r\n                                <li>Schneller und teilweise kostenloser Dropshipping<\/li>\r\n                                <li>Unterst\u00fctzung bei den Verkaufskampagnen<\/li>\r\n\t\t\t\t\t\t\t<\/ul>\r\n\t\t\t\t\t\t<\/div>\r\n\t\t\t\t\t<\/div>\r\n\t\t\t\t<\/div>\r\n\t\t\t<\/div>\r\n\t\t\t<div class=\"finddealer\">\r\n\t\t\t<a href=\"https:\/\/www.grillsymbol.com\/de\/haendlersuche\/\">H\u00e4ndlersuche<\/a>\r\n\t\t\t<ul>\r\n\t\t\t<li><img decoding=\"async\" src=\"https:\/\/www.grillsymbol.com\/wp-content\/themes\/handystore-child\/img\/flag1.png\" \/><\/li>\r\n\t\t\t<li><img decoding=\"async\" src=\"https:\/\/www.grillsymbol.com\/wp-content\/themes\/handystore-child\/img\/flag3.png\" \/><\/li>\r\n\t\t\t<li><img decoding=\"async\" src=\"https:\/\/www.grillsymbol.com\/wp-content\/themes\/handystore-child\/img\/flag2.png\" \/><\/li>\r\n\t\t\t<li><img decoding=\"async\" src=\"https:\/\/www.grillsymbol.com\/wp-content\/themes\/handystore-child\/img\/flag4.png\" \/><\/li>\r\n\t\t\t<li><img decoding=\"async\" src=\"https:\/\/www.grillsymbol.com\/wp-content\/themes\/handystore-child\/img\/flag5.png\" \/><\/li>\r\n\t\t\t<li><img decoding=\"async\" src=\"https:\/\/www.grillsymbol.com\/wp-content\/themes\/handystore-child\/img\/flag7.jpg\" \/><\/li>\r\n\r\n\t\t\t<\/ul>\r\n\t\t\t<\/div>\r\n\t\t<\/div>[\/vc_column_text][\/vc_column][\/vc_row][vc_row full_width=&#8220;stretch_row&#8220; css=&#8220;.vc_custom_1609222015261{background-color: #f3f3f3 !important;}&#8220; el_class=&#8220;contact-row&#8220;][vc_column][vc_column_text]<\/p>\n<div class=\"cell-wrapper layout-widget-wrapper\">\n<h3 style=\"text-align: center;\">Wenn Sie Fragen oder Anregungen haben, kontaktieren Sie uns bitte.<\/h3>\n<\/div>\n<p>[\/vc_column_text][vc_row_inner][vc_column_inner width=&#8220;2\/3&#8243;][vc_column_text]\n<div class=\"wpcf7 no-js\" id=\"wpcf7-f4795-o1\" lang=\"en-US\" dir=\"ltr\">\n<div class=\"screen-reader-response\"><p role=\"status\" aria-live=\"polite\" aria-atomic=\"true\"><\/p> <ul><\/ul><\/div>\n<form action=\"\/de\/wp-json\/wp\/v2\/pages\/16847#wpcf7-f4795-o1\" method=\"post\" class=\"wpcf7-form init\" aria-label=\"Contact form\" novalidate=\"novalidate\" data-status=\"init\">\n<div style=\"display: none;\">\n<input type=\"hidden\" name=\"_wpcf7\" value=\"4795\" \/>\n<input type=\"hidden\" name=\"_wpcf7_version\" value=\"5.9.6\" \/>\n<input type=\"hidden\" name=\"_wpcf7_locale\" value=\"en_US\" \/>\n<input type=\"hidden\" name=\"_wpcf7_unit_tag\" value=\"wpcf7-f4795-o1\" \/>\n<input type=\"hidden\" name=\"_wpcf7_container_post\" value=\"0\" \/>\n<input type=\"hidden\" name=\"_wpcf7_posted_data_hash\" value=\"\" \/>\n<\/div>\n<div class=\"csfield half-field\">\n\t<div>\n\t\t<p><span class=\"wpcf7-form-control-wrap\" data-name=\"your-name\"><input size=\"40\" maxlength=\"80\" class=\"wpcf7-form-control wpcf7-text wpcf7-validates-as-required\" aria-required=\"true\" aria-invalid=\"false\" placeholder=\"Name*\" value=\"\" type=\"text\" name=\"your-name\" \/><\/span>\n\t\t<\/p>\n\t<\/div>\n<\/div>\n<div class=\"csfield half-field\">\n\t<div>\n\t\t<p><span class=\"wpcf7-form-control-wrap\" data-name=\"your-email\"><input size=\"40\" maxlength=\"80\" class=\"wpcf7-form-control wpcf7-email wpcf7-validates-as-required wpcf7-text wpcf7-validates-as-email\" aria-required=\"true\" aria-invalid=\"false\" placeholder=\"Email*\" value=\"\" type=\"email\" name=\"your-email\" \/><\/span>\n\t\t<\/p>\n\t<\/div>\n<\/div>\n<div class=\"csfield half-field\">\n\t<div>\n\t\t<p><span class=\"wpcf7-form-control-wrap\" data-name=\"tel-137\"><input size=\"40\" maxlength=\"80\" class=\"wpcf7-form-control wpcf7-tel wpcf7-text wpcf7-validates-as-tel\" aria-invalid=\"false\" placeholder=\"Telefon\" value=\"\" type=\"tel\" name=\"tel-137\" \/><\/span>\n\t\t<\/p>\n\t<\/div>\n<\/div>\n<div class=\"csfield half-field\">\n\t<div>\n\t\t<p><span class=\"wpcf7-form-control-wrap\" data-name=\"select-topic\"><select class=\"wpcf7-form-control wpcf7-select wpcf7-validates-as-required\" aria-required=\"true\" aria-invalid=\"false\" name=\"select-topic\"><option value=\"W\u00e4hlen Sie Thema\">W\u00e4hlen Sie Thema<\/option><option value=\"Produktanfrage\">Produktanfrage<\/option><option value=\"M\u00f6chte Rechnung f\u00fcr die Firma\">M\u00f6chte Rechnung f\u00fcr die Firma<\/option><option value=\"Garantie\/Pflege\">Garantie\/Pflege<\/option><option value=\"M\u00f6chte Weiterverk\u00e4ufer werden\">M\u00f6chte Weiterverk\u00e4ufer werden<\/option><option value=\"M\u00f6chte Franchise kaufen\">M\u00f6chte Franchise kaufen<\/option><option value=\"Sonstiges\">Sonstiges<\/option><\/select><\/span>\n\t\t<\/p>\n\t<\/div>\n<\/div>\n<div class=\"csfield full-field\">\n\t<div>\n\t\t<p><span class=\"wpcf7-form-control-wrap\" data-name=\"your-message\"><textarea cols=\"40\" rows=\"10\" maxlength=\"400\" class=\"wpcf7-form-control wpcf7-textarea\" aria-invalid=\"false\" placeholder=\"Nachricht\" name=\"your-message\"><\/textarea><\/span>\n\t\t<\/p>\n\t<\/div>\n<\/div>\n<div class=\"csfield message-wrap\">\n\t<div>\n\t\t<p><input class=\"wpcf7-form-control wpcf7-submit has-spinner\" type=\"submit\" value=\"Nachricht verschicken\" \/>\n\t\t<\/p>\n\t<\/div>\n<\/div><input type=\"hidden\" id=\"ct_checkjs_cf7_52720e003547c70561bf5e03b95aa99f\" name=\"ct_checkjs_cf7\" value=\"0\" \/><label class=\"apbct_special_field\" id=\"apbct_label_id26762\" for=\"apbct__email_id__wp_contact_form_7_26762\">26762<\/label><input \n        id=\"apbct__email_id__wp_contact_form_7_26762\" \n        class=\"apbct_special_field apbct__email_id__wp_contact_form_7\"\n        autocomplete=\"off\" \n        name=\"apbct__email_id__wp_contact_form_7_26762\"  \n        type=\"text\" \n        value=\"26762\" \n        size=\"30\" \n        apbct_event_id=\"26762\"\n        maxlength=\"200\" \n    \/><input \n        id=\"apbct_event_id\"\n        class=\"apbct_special_field\"\n        name=\"apbct_event_id\"\n        type=\"hidden\" \n        value=\"26762\" \n            \/><input type='hidden' class='wpcf7-pum' value='{\"closepopup\":false,\"closedelay\":0,\"openpopup\":false,\"openpopup_id\":0}' \/><div class=\"wpcf7-response-output\" aria-hidden=\"true\"><\/div>\n<\/form>\n<\/div>\n[\/vc_column_text][\/vc_column_inner][vc_column_inner el_class=&#8220;gray-box&#8220; width=&#8220;1\/3&#8243; css=&#8220;.vc_custom_1609216513240{background-color: #4f4f4f !important;}&#8220;][vc_column_text]<\/p>\n<div class=\"contact-boxdetail\">\n<p><img loading=\"lazy\" decoding=\"async\" class=\"alignnone size-full wp-image-518\" src=\"https:\/\/www.grillsymbol.com\/wp-content\/uploads\/2021\/02\/imgpsh_fullsize_anim-6.png\" alt=\"\" width=\"17\" height=\"22\" \/><\/p>\n<div class=\"details\">\n<h6>Adresse<\/h6>\n<p>Suur-S\u00f5jam\u00e4e 19A<br \/>\n11415 Tallinn, Estonia<\/p>\n<\/div>\n<\/div>\n<div class=\"contact-boxdetail\">\n<p><img loading=\"lazy\" decoding=\"async\" class=\"alignnone size-full wp-image-520\" src=\"https:\/\/www.grillsymbol.com\/wp-content\/uploads\/2021\/02\/imgpsh_fullsize_anim-4.png\" alt=\"\" width=\"17\" height=\"13\" \/><\/p>\n<div class=\"details\">\n<h6>Email<\/h6>\n<p><a href=\"mailto:info@grillsymbol.com\">info@grillsymbol.com<\/a><\/p>\n<\/div>\n<\/div>\n<div class=\"contact-boxdetail\">\n<p><img loading=\"lazy\" decoding=\"async\" class=\"alignnone size-full wp-image-519\" src=\"https:\/\/www.grillsymbol.com\/wp-content\/uploads\/2021\/02\/imgpsh_fullsize_anim-5.png\" alt=\"\" width=\"17\" height=\"17\" \/><\/p>\n<div class=\"details\">\n<h6>Telefon<\/h6>\n<p><a href=\"tel:+49 3931 351 3988\">+49 3931 351 3988<\/a><\/p>\n<\/div>\n<\/div>\n<p>[\/vc_column_text][\/vc_column_inner][\/vc_row_inner][\/vc_column][\/vc_row][vc_row][vc_column][vc_column_text]<h4 style=\"color: #151515;text-align: center;font-family:Roboto;font-weight:100;font-style:normal\" class=\"vc_custom_heading\">Kundenberatung und Kontakte:<\/h4><div class=\"vc_row wpb_row vc_row-fluid\"><div class=\"wpb_column vc_column_container vc_col-sm-4\"><div class=\"vc_column-inner \"><div class=\"wpb_wrapper\"><div class=\"pt-member-contact wpb_content_element img-pos-left flag-en\"><div class=\"text-wrapper\"><div class=\"contact-img-wrapper\"><img loading=\"lazy\" decoding=\"async\" alt=\"\" src=\"https:\/\/www.grillsymbol.com\/wp-content\/themes\/handystore-child\/img\/DSC_1030.jpg\" width=\"312\" height=\"312\"><\/div><h3>Laur Suurv\u00e4li<\/h3><span>Verkaufsleiter in Europa\/ CEO<\/span><p>Mob: +372 56 669 723<br>laur@grillsymbol.com<\/p><img decoding=\"async\" src=\"https:\/\/www.grillsymbol.com\/wp-content\/plugins\/sitepress-multilingual-cms\/res\/flags\/en.png\"> <img decoding=\"async\" src=\"https:\/\/www.grillsymbol.com\/wp-content\/plugins\/sitepress-multilingual-cms\/res\/flags\/et.png\"> <img decoding=\"async\" src=\"https:\/\/www.grillsymbol.com\/wp-content\/plugins\/sitepress-multilingual-cms\/res\/flags\/fi.png\"><\/div><\/div><\/div><\/div><\/div><div class=\"wpb_column vc_column_container vc_col-sm-4\"><div class=\"vc_column-inner \"><div class=\"wpb_wrapper\"><div class=\"pt-member-contact wpb_content_element img-pos-left flag-se\"><div class=\"text-wrapper\"><div class=\"contact-img-wrapper\"><img loading=\"lazy\" decoding=\"async\" alt=\"\" src=\"https:\/\/www.grillsymbol.com\/wp-content\/themes\/handystore-child\/img\/annika.jpg\" width=\"286\" height=\"286\"><\/div><h3>Annika Aas<\/h3><span>on temporary leave<\/span><span>Verkaufsleiter in Skandinavien<\/span><p>Mob: +372 58 536 820<br>annika@grillsymbol.com<\/p><img decoding=\"async\" src=\"https:\/\/www.grillsymbol.com\/wp-content\/plugins\/sitepress-multilingual-cms\/res\/flags\/sv.png\"> <img decoding=\"async\" src=\"https:\/\/www.grillsymbol.com\/wp-content\/plugins\/sitepress-multilingual-cms\/res\/flags\/en.png\"> <img decoding=\"async\" src=\"https:\/\/www.grillsymbol.com\/wp-content\/plugins\/sitepress-multilingual-cms\/res\/flags\/da.png\"> <img decoding=\"async\" src=\"https:\/\/www.grillsymbol.com\/wp-content\/plugins\/sitepress-multilingual-cms\/res\/flags\/no.png\"><\/div><\/div><\/div><\/div><\/div><div class=\"wpb_column vc_column_container vc_col-sm-4\"><div class=\"vc_column-inner \"><div class=\"wpb_wrapper\"><div class=\"pt-member-contact wpb_content_element img-pos-left flag-se\"><div class=\"text-wrapper\"><div class=\"contact-img-wrapper\"><img loading=\"lazy\" decoding=\"async\" alt=\"\" src=\"https:\/\/www.grillsymbol.com\/wp-content\/uploads\/2022\/03\/woman-images-avatar.png\" width=\"280\" height=\"280\"><\/div><h3>Liisa N\u00f5ukas<\/h3><span> <\/span><p>Mob: +372 58 536 820<br>liisa@grillsymbol.com<\/p><img decoding=\"async\" src=\"https:\/\/www.grillsymbol.com\/wp-content\/plugins\/sitepress-multilingual-cms\/res\/flags\/de.png\"> <img decoding=\"async\" src=\"https:\/\/www.grillsymbol.com\/wp-content\/plugins\/sitepress-multilingual-cms\/res\/flags\/en.png\"> <img decoding=\"async\" src=\"https:\/\/www.grillsymbol.com\/wp-content\/plugins\/sitepress-multilingual-cms\/res\/flags\/et.png\"><\/div><\/div><\/div><\/div><\/div><\/div>[\/vc_column_text][\/vc_column][\/vc_row][vc_row disable_element=&#8220;yes&#8220;][vc_column][vc_column_text]<div id=\"map\"><\/div>\r\n\t<script>\r\n  var map;\r\n  function initMap() {\r\n    map = new google.maps.Map(document.getElementById(\"map\"), {\r\n      zoom: 10,\r\n      draggable: false,\r\n      scrollwheel: false,\r\n      disableDoubleClickZoom: true,\r\n      center: new google.maps.LatLng(59.4192583,24.8335418),\r\n      mapTypeId: \"roadmap\"\r\n    });\r\n    function addMarker(feature) {\r\n      var image = {\r\n\t\t\turl: \"https:\/\/www.grillsymbol.com\/wp-content\/themes\/handystore-child\/img\/marker.png\",\r\n\t\t\tscaledSize: new google.maps.Size(32, 32),\r\n\t\t}\r\n      var marker = new google.maps.Marker({\r\n        position: feature.position,\r\n        icon: image,\r\n\t\toptimized: false,\r\n        map: map\r\n      });\r\n    }\r\n    var features = [\r\n    {\r\n      position: new google.maps.LatLng(59.4192583,24.8335418),\r\n      type: \"info\"\r\n    }\r\n    ];\r\n    for (var i = 0, feature; feature = features[i]; i++) {\r\n      addMarker(feature);\r\n    }\r\n  }\r\n<\/script>\r\n\t<script src=\"https:\/\/maps.googleapis.com\/maps\/api\/js?key=AIzaSyAoSDInipC_Qpnb620qjWyoxIKXI_dSQsU&callback=initMap\" async defer><\/script>\r\n\t[\/vc_column_text][\/vc_column][\/vc_row][vc_row disable_element=&#8220;yes&#8220;][vc_column width=&#8220;1\/2&#8243;][vc_column_text]<\/p>\n<h3 style=\"text-align: center; font-size: 24px;\">Feeling formal?<\/h3>\n<h4 style=\"text-align: center; font-size: 18px;\">(Then fill this out and we&#8217;ll get back to you.)<\/h4>\n<div class=\"contact_form\">\n<div class=\"wpcf7 no-js\" id=\"wpcf7-f1828-o2\" lang=\"en-US\" dir=\"ltr\">\n<div class=\"screen-reader-response\"><p role=\"status\" aria-live=\"polite\" aria-atomic=\"true\"><\/p> <ul><\/ul><\/div>\n<form action=\"\/de\/wp-json\/wp\/v2\/pages\/16847#wpcf7-f1828-o2\" method=\"post\" class=\"wpcf7-form init\" aria-label=\"Contact form\" novalidate=\"novalidate\" data-status=\"init\">\n<div style=\"display: none;\">\n<input type=\"hidden\" name=\"_wpcf7\" value=\"1828\" \/>\n<input type=\"hidden\" name=\"_wpcf7_version\" value=\"5.9.6\" \/>\n<input type=\"hidden\" name=\"_wpcf7_locale\" value=\"en_US\" \/>\n<input type=\"hidden\" name=\"_wpcf7_unit_tag\" value=\"wpcf7-f1828-o2\" \/>\n<input type=\"hidden\" name=\"_wpcf7_container_post\" value=\"0\" \/>\n<input type=\"hidden\" name=\"_wpcf7_posted_data_hash\" value=\"\" \/>\n<\/div>\n<div class=\"csfield half-field\">\n\t<div>\n\t\t<p><span class=\"wpcf7-form-control-wrap\" data-name=\"your-name\"><input size=\"40\" maxlength=\"80\" class=\"wpcf7-form-control wpcf7-text wpcf7-validates-as-required\" aria-required=\"true\" aria-invalid=\"false\" placeholder=\"Name*\" value=\"\" type=\"text\" name=\"your-name\" \/><\/span>\n\t\t<\/p>\n\t<\/div>\n<\/div>\n<div class=\"csfield half-field\">\n\t<div>\n\t\t<p><span class=\"wpcf7-form-control-wrap\" data-name=\"your-email\"><input size=\"40\" maxlength=\"80\" class=\"wpcf7-form-control wpcf7-email wpcf7-validates-as-required wpcf7-text wpcf7-validates-as-email\" aria-required=\"true\" aria-invalid=\"false\" placeholder=\"Email*\" value=\"\" type=\"email\" name=\"your-email\" \/><\/span>\n\t\t<\/p>\n\t<\/div>\n<\/div>\n<div class=\"csfield half-field\">\n\t<div>\n\t\t<p><span class=\"wpcf7-form-control-wrap\" data-name=\"tel-137\"><input size=\"40\" maxlength=\"80\" class=\"wpcf7-form-control wpcf7-tel wpcf7-text wpcf7-validates-as-tel\" aria-invalid=\"false\" placeholder=\"Phone\" value=\"\" type=\"tel\" name=\"tel-137\" \/><\/span>\n\t\t<\/p>\n\t<\/div>\n<\/div>\n<div class=\"csfield half-field\">\n\t<div>\n\t\t<p><span class=\"wpcf7-form-control-wrap\" data-name=\"select-topic\"><select class=\"wpcf7-form-control wpcf7-select wpcf7-validates-as-required\" aria-required=\"true\" aria-invalid=\"false\" name=\"select-topic\"><option value=\"select a option\">select a option<\/option><option value=\"Question about a product\">Question about a product<\/option><option value=\"Invoice for a company\">Invoice for a company<\/option><option value=\"Warranty\/maintenance\">Warranty\/maintenance<\/option><option value=\"I wish to become a distributor\">I wish to become a distributor<\/option><option value=\"I wish to buy a franchise\">I wish to buy a franchise<\/option><option value=\"Other\">Other<\/option><\/select><\/span>\n\t\t<\/p>\n\t<\/div>\n<\/div>\n<div class=\"csfield full-field\">\n\t<div>\n\t\t<p><span class=\"wpcf7-form-control-wrap\" data-name=\"your-message\"><textarea cols=\"40\" rows=\"10\" maxlength=\"400\" class=\"wpcf7-form-control wpcf7-textarea\" aria-invalid=\"false\" placeholder=\"Message\" name=\"your-message\"><\/textarea><\/span>\n\t\t<\/p>\n\t<\/div>\n<\/div>\n<div class=\"csfield message-wrap\">\n\t<div>\n\t\t<p><input class=\"wpcf7-form-control wpcf7-submit has-spinner\" type=\"submit\" value=\"Send Message\" \/>\n\t\t<\/p>\n\t<\/div>\n<\/div><input type=\"hidden\" id=\"ct_checkjs_cf7_9f53d83ec0691550f7d2507d57f4f5a2\" name=\"ct_checkjs_cf7\" value=\"0\" \/><label class=\"apbct_special_field\" id=\"apbct_label_id25757\" for=\"apbct__email_id__wp_contact_form_7_25757\">25757<\/label><input \n        id=\"apbct__email_id__wp_contact_form_7_25757\" \n        class=\"apbct_special_field apbct__email_id__wp_contact_form_7\"\n        autocomplete=\"off\" \n        name=\"apbct__email_id__wp_contact_form_7_25757\"  \n        type=\"text\" \n        value=\"25757\" \n        size=\"30\" \n        apbct_event_id=\"25757\"\n        maxlength=\"200\" \n    \/><input \n        id=\"apbct_event_id\"\n        class=\"apbct_special_field\"\n        name=\"apbct_event_id\"\n        type=\"hidden\" \n        value=\"25757\" \n            \/><input type='hidden' class='wpcf7-pum' value='{\"closepopup\":false,\"closedelay\":0,\"openpopup\":false,\"openpopup_id\":0}' \/><div class=\"wpcf7-response-output\" aria-hidden=\"true\"><\/div>\n<\/form>\n<\/div>\n<\/div>\n<p>[\/vc_column_text][\/vc_column][vc_column width=&#8220;1\/2&#8243;][vc_column_text]<\/p>\n<h3 style=\"font-size: 24px; text-align: center;\">Prefer other methods?<\/h3>\n<h4 style=\"font-size: 18px; text-align: center;\">(We have those too.)<\/h4>\n<h3 style=\"font-size: 24px; text-align: center;\">Phone<\/h3>\n<h4 style=\"font-size: 18px; text-align: center;\"><strong>+372 6 827 212<\/strong><\/h4>\n<p>&nbsp;<\/p>\n<h3 style=\"font-size: 24px; text-align: center;\">Email<\/h3>\n<h4 style=\"font-size: 18px; text-align: center;\"><strong><a href=\"mailto:info@grillsymbol.com\">info@grillsymbol.com<\/a><\/strong><\/h4>\n<p>&nbsp;<\/p>\n<h3 style=\"font-size: 24px; text-align: center;\">Address<\/h3>\n<h4 style=\"font-size: 18px; text-align: center;\">Suur-S\u00f5jam\u00e4e 19A<br \/>\n11415 Tallinn, Estonia<\/h4>\n<p>[\/vc_column_text][\/vc_column][\/vc_row]<\/p>\n","protected":false},"excerpt":{"rendered":"<p>[vc_row full_width=&#8220;stretch_row&#8220; el_class=&#8220;dealer-section&#8220;][vc_column][vc_column_text][\/vc_column_text][\/vc_column][\/vc_row][vc_row full_width=&#8220;stretch_row&#8220; css=&#8220;.vc_custom_1609222015261{background-color: #f3f3f3 !important;}&#8220; el_class=&#8220;contact-row&#8220;][vc_column][vc_column_text] Wenn Sie Fragen oder Anregungen haben, kontaktieren Sie uns bitte. [\/vc_column_text][vc_row_inner][vc_column_inner width=&#8220;2\/3&#8243;][vc_column_text][\/vc_column_text][\/vc_column_inner][vc_column_inner el_class=&#8220;gray-box&#8220; width=&#8220;1\/3&#8243; css=&#8220;.vc_custom_1609216513240{background-color: #4f4f4f !important;}&#8220;][vc_column_text] Adresse Suur-S\u00f5jam\u00e4e 19A 11415 Tallinn, Estonia Email info@grillsymbol.com Telefon +49 3931 351 3988 [\/vc_column_text][\/vc_column_inner][\/vc_row_inner][\/vc_column][\/vc_row][vc_row][vc_column][vc_column_text][\/vc_column_text][\/vc_column][\/vc_row][vc_row disable_element=&#8220;yes&#8220;][vc_column][vc_column_text][\/vc_column_text][\/vc_column][\/vc_row][vc_row disable_element=&#8220;yes&#8220;][vc_column width=&#8220;1\/2&#8243;][vc_column_text] Feeling formal? (Then fill this out and we&#8217;ll get back to you.) [\/vc_column_text][\/vc_column][vc_column [&hellip;]<\/p>\n","protected":false},"author":1,"featured_media":0,"parent":0,"menu_order":0,"comment_status":"closed","ping_status":"closed","template":"","meta":{"footnotes":""},"class_list":["post-16847","page","type-page","status-publish","hentry"],"_links":{"self":[{"href":"https:\/\/www.grillsymbol.com\/de\/wp-json\/wp\/v2\/pages\/16847","targetHints":{"allow":["GET"]}}],"collection":[{"href":"https:\/\/www.grillsymbol.com\/de\/wp-json\/wp\/v2\/pages"}],"about":[{"href":"https:\/\/www.grillsymbol.com\/de\/wp-json\/wp\/v2\/types\/page"}],"author":[{"embeddable":true,"href":"https:\/\/www.grillsymbol.com\/de\/wp-json\/wp\/v2\/users\/1"}],"replies":[{"embeddable":true,"href":"https:\/\/www.grillsymbol.com\/de\/wp-json\/wp\/v2\/comments?post=16847"}],"version-history":[{"count":0,"href":"https:\/\/www.grillsymbol.com\/de\/wp-json\/wp\/v2\/pages\/16847\/revisions"}],"wp:attachment":[{"href":"https:\/\/www.grillsymbol.com\/de\/wp-json\/wp\/v2\/media?parent=16847"}],"curies":[{"name":"wp","href":"https:\/\/api.w.org\/{rel}","templated":true}]}}