{"id":17974,"date":"2022-05-31T12:25:10","date_gmt":"2022-05-31T12:25:10","guid":{"rendered":"https:\/\/www.grillsymbol.com\/?page_id=17974"},"modified":"2022-06-03T04:37:06","modified_gmt":"2022-06-03T04:37:06","slug":"bedienungsanleitung-fuer-chef-holzkohlegrills","status":"publish","type":"page","link":"https:\/\/www.grillsymbol.com\/de\/ueber-die-materialien-und-bodenformen-der-pfannen\/bedienungsanleitung-fuer-chef-holzkohlegrills\/","title":{"rendered":"Bedienungsanleitung f\u00fcr Chef Holzkohlegrills"},"content":{"rendered":"<p>[vc_row][vc_column][vc_column_text]<strong>Bedienungsanleitung\/Garantiebedingungen f\u00fcr Holzkohlegrills:<\/strong><\/p>\n<p>(Modelle: Chef, Chef XL, Chef XXL, Chef XXL Silver, Naked Chef, Naked Chef XL)<br \/>\n<strong>Wichtig!<\/strong> Lesen sie die Bedienungsanleitung, bevor Sie das Ger\u00e4t verwenden. Das Ger\u00e4t ist nur f\u00fcr den Au\u00dfenbereich bestimmt. Zum Erhitzen des Ger\u00e4ts sind Holz, Grillbriketts und Holzkohle geeignet.<\/p>\n<p><strong>Sicherheitsanforderungen:<\/strong><\/p>\n<ul>\n<li>Lassen Sie das Ger\u00e4t w\u00e4hrend des Erhitzens nicht unbeaufsichtigt.<\/li>\n<li>Kinder d\u00fcrfen das Ger\u00e4t nicht benutzen.<\/li>\n<li>Das Ger\u00e4t darf nur f\u00fcr den vorgesehenen Zweck verwendet werden.<\/li>\n<li>Das Ger\u00e4t wird w\u00e4hrend des Betriebs hei\u00df und kann Verbrennungen verursachen.<\/li>\n<li>Bewegen Sie das Ger\u00e4t w\u00e4hrend des Betriebs nicht und versuchen Sie nicht, einzelne Teile zu trennen.<\/li>\n<li>Halten Sie keine brennbaren Materialien in der N\u00e4he des Ger\u00e4ts.<\/li>\n<li>Stellen sie das Ger\u00e4t nicht auf Holzboden oder -terrasse.<\/li>\n<li>Verwenden Sie kein unvollst\u00e4ndiges Ger\u00e4t \u2013 stellen Sie fest, dass alle Details installiert sind (Schubladen, Thermometer).<\/li>\n<\/ul>\n<p>&nbsp;<\/p>\n<p><strong>Teile des Ger\u00e4ts:<\/strong><\/p>\n<p>&nbsp;<\/p>\n<table width=\"624\">\n<tbody>\n<tr>\n<td width=\"208\"><strong>Teil:<\/strong><\/td>\n<td width=\"208\"><strong>Chef:<\/strong><\/td>\n<td width=\"208\"><strong>Chef-XL:<\/strong><\/td>\n<td width=\"208\"><strong>Chef-XXL:<\/strong><\/td>\n<td width=\"208\"><strong>Chef-XXL Silver:<\/strong><\/td>\n<td width=\"208\"><strong>Chef-N:<\/strong><\/td>\n<td width=\"208\"><strong>Chef-NXL:<\/strong><\/td>\n<\/tr>\n<tr>\n<td width=\"208\">Grillgeh\u00e4use (aus Cor-Ten Stahl)<\/td>\n<td width=\"208\"><span style=\"color: #000000;\">\u2713<\/span><\/td>\n<td width=\"208\"><span style=\"color: #000000;\">\u2713<\/span><\/td>\n<td width=\"208\"><span style=\"color: #000000;\">\u2713<\/span><\/td>\n<td width=\"208\"><span style=\"color: #000000;\">\u2713<\/span><\/td>\n<td width=\"208\"><span style=\"color: #000000;\">\u2713<\/span><\/td>\n<td width=\"208\"><span style=\"color: #000000;\">\u2713<\/span><\/td>\n<\/tr>\n<tr>\n<td width=\"208\">Grillrost (aus Stahl)<\/td>\n<td width=\"208\">1 St.<\/td>\n<td width=\"208\">2 St.<\/td>\n<td width=\"208\">2 St.<\/td>\n<td width=\"208\">2 St.<\/td>\n<td width=\"208\">1 St.<\/td>\n<td width=\"208\">2 St.<\/td>\n<\/tr>\n<tr>\n<td width=\"208\">Beine (aus Edelstahl)<\/td>\n<td width=\"208\"><span style=\"color: #000000;\">\u2713<\/span><\/td>\n<td width=\"208\"><span style=\"color: #000000;\">\u2713<\/span><\/td>\n<td width=\"208\"><span style=\"color: #000000;\">\u2713<\/span><\/td>\n<td width=\"208\"><span style=\"color: #000000;\">\u2713<\/span><\/td>\n<td width=\"208\"><span style=\"color: #000000;\">\u2713<\/span><\/td>\n<td width=\"208\"><span style=\"color: #000000;\">\u2713<\/span><\/td>\n<\/tr>\n<tr>\n<td width=\"208\">Schachtel f\u00fcr Kohle<\/td>\n<td width=\"208\"><span style=\"color: #000000;\">\u2713<\/span><\/td>\n<td width=\"208\"><span style=\"color: #000000;\">\u2713<\/span><\/td>\n<td width=\"208\"><span style=\"color: #000000;\">\u2713<\/span><\/td>\n<td width=\"208\"><span style=\"color: #000000;\">\u2713<\/span><\/td>\n<td width=\"208\"><span style=\"color: #000000;\">\u2713<\/span><\/td>\n<td width=\"208\"><span style=\"color: #000000;\">\u2713<\/span><\/td>\n<\/tr>\n<tr>\n<td width=\"208\">Deckel (aus Edelstahl)<\/td>\n<td width=\"208\"><span style=\"color: #000000;\">\u2713<\/span><\/td>\n<td width=\"208\"><span style=\"color: #000000;\">\u2713<\/span><\/td>\n<td width=\"208\">Zubeh\u00f6r<\/td>\n<td width=\"208\">Zubeh\u00f6r<\/td>\n<td width=\"208\">Zubeh\u00f6r<\/td>\n<td width=\"208\">Zubeh\u00f6r<\/td>\n<\/tr>\n<tr>\n<td width=\"208\">Thermometer<\/td>\n<td width=\"208\"><span style=\"color: #000000;\">\u2713<\/span><\/td>\n<td width=\"208\"><span style=\"color: #000000;\">\u2713<\/span><\/td>\n<td width=\"208\">Zubeh\u00f6r<\/td>\n<td width=\"208\">Zubeh\u00f6r<\/td>\n<td width=\"208\">Zubeh\u00f6r<\/td>\n<td width=\"208\">Zubeh\u00f6r<\/td>\n<\/tr>\n<tr>\n<td width=\"208\">Seitenablage (aus Edelstahl)<\/td>\n<td width=\"208\"><span style=\"color: #000000;\">\u2713<\/span><\/td>\n<td width=\"208\"><span style=\"color: #000000;\">\u2713<\/span><\/td>\n<td width=\"208\"><span style=\"color: #000000;\">x<\/span><\/td>\n<td width=\"208\"><span style=\"color: #000000;\">x<\/span><\/td>\n<td width=\"208\">Zubeh\u00f6r<\/td>\n<td width=\"208\">Zubeh\u00f6r<\/td>\n<\/tr>\n<tr>\n<td width=\"208\">Unteres Regal<\/td>\n<td width=\"208\"><span style=\"color: #000000;\">\u2713<\/span><\/td>\n<td width=\"208\"><span style=\"color: #000000;\">\u2713<\/span><\/td>\n<td width=\"208\"><span style=\"color: #000000;\">x<\/span><\/td>\n<td width=\"208\"><span style=\"color: #000000;\">x<\/span><\/td>\n<td width=\"208\">Zubeh\u00f6r<\/td>\n<td width=\"208\">Zubeh\u00f6r<\/td>\n<\/tr>\n<tr>\n<td width=\"208\">Tr\u00e4ger f\u00fcr unteren Regal<\/td>\n<td width=\"208\"><span style=\"color: #000000;\">\u2713<\/span><\/td>\n<td width=\"208\"><span style=\"color: #000000;\">\u2713<\/span><\/td>\n<td width=\"208\"><span style=\"color: #000000;\">x<\/span><\/td>\n<td width=\"208\"><span style=\"color: #000000;\">x<\/span><\/td>\n<td width=\"208\">Zubeh\u00f6r<\/td>\n<td width=\"208\">Zubeh\u00f6r<\/td>\n<\/tr>\n<\/tbody>\n<\/table>\n<p>&nbsp;<\/p>\n<p><strong>Montage und Inbetriebnahme Holzkohlegrills<\/strong><\/p>\n<ol>\n<li>Entfernen sie alle Verpackungsteile um und im Ofen.<\/li>\n<li>Montieren Sie St\u00fctzen f\u00fcr Beine und Beine.<\/li>\n<li>Stellen Sie Schublade f\u00fcr Kohle in das Grillgeh\u00e4use rein.<\/li>\n<li>Montieren Sie das Thermometer und den Deckelgriff (Modelle Chef und Chef-XL).<\/li>\n<li>Stellen Sie den Ofen auf einen festen und flachen feuerfesten Boden.<\/li>\n<li>Montieren Sie die Seitenablagen (Modelle Chef und Chef-XL).<\/li>\n<li>Den Grill und die Grillroste heizen, damit die technischen \u00d6le herausbrennen k\u00f6nnen (ca. 10-15 Minuten).<\/li>\n<li>Den Grillrost mit Speise\u00f6l schmieren oder bespr\u00fchen und \u00d6l verkohlen lassen.<\/li>\n<li>Wiederholen Sie diese Prozedur 3-5 Mal, so dass die Grillroste eine Schutzschicht aus Speise\u00f6l bekommen.<\/li>\n<\/ol>\n<p>&nbsp;<\/p>\n<p><strong>Oberfl\u00e4chenbehandlung des Cor-Ten-Stahls:<\/strong> der Grillgeh\u00e4use ist aus 3 mm Cor-Ten-Stahl gefertigt. Dieses Material ist wetterfest und nimmt mit der Zeit eine br\u00e4unliche Farbe an. Wenn Sie m\u00f6chten, dass die Cor-Ten Oberfl\u00e4che schnell braun wird (der neue Grillgeh\u00e4use hat die \u00fcbliche Stahlfarbe, d. h. er ist silbergrau), empfehlen wir Ihnen, die Au\u00dfenseite des Grills mit 1 %-iger Kochsalzl\u00f6sung zu bespr\u00fchen. Die Rostschicht bildet sich schneller, wenn Sie die Au\u00dfenseite des Grills vor der ersten Heizung bearbeiten. Man muss 3-10-mal spr\u00fchen, um das Ergebnis zu erzielen. Mit dem Grill erhalten Sie eine umfassende Anleitung zur Wartung von Cor-Ten-Stahl. Alle Anleitungen sind auch elektronisch verf\u00fcgbar unter: <a href=\"https:\/\/www.grillsymbol.com\/de\/\">www.grillsymbol.com<\/a><\/p>\n<p>&nbsp;<\/p>\n<p><strong>Wartung des Grillrostes (Zig-Zag Grillroste)<\/strong><\/p>\n<p>Die Grillroste sind aus 5 mm Kohlenstoffstahl (bei Naked Chef und Naked Chef XL aus 8 mm Stahl) angefertigt. Kohlenstoffstahl ist sehr guter W\u00e4rmeleiter und hat daher sehr gute Brateigenschaften. W\u00e4hrend des Grillens formt sich auf dem Rost eine sch\u00fctzende Schicht, welche durch das Brennen des Fettes in den Stahlporen entsteht. Der Grillrost kann mit dem festen Pfannen- oder Grillspatel, Stahlb\u00fcrste oder Schaber (aus Stahl oder Edelstahl) gereinigt werden. Es ist einfach den Grillrost zu reingingen, wenn dieser noch hei\u00df ist, die Essens Reste l\u00e4sen sich dann besser. Wir empfehlen den Grillrost direkt nach dem Grillen, wenn dieser noch hei\u00df ist, reinigen und die abgek\u00fchlten Grillroste mit Speise\u00f6l spr\u00fchen oder schmieren.<\/p>\n<p>Wenn Grill l\u00e4nger nicht benutzt wurde, Grillroste noch Essensreste haben, nicht einge\u00f6lt sind und leicht rosten, dann m\u00fcssen Sie sich noch keine Sorgen machen. Rost ist bei Stahl und insbesondere bei feuchten Bedingungen \u00fcblich. Um den Grillrost zu reinigen, folgen Sie die Anleitung:<\/p>\n<ol>\n<li>Den Grill heizen und die Grillroste hei\u00df werden lassen.<\/li>\n<li>Den gr\u00f6\u00dferen Schmutz mit Pfannen- oder Grillspatel entfernen (geht leichter, wenn Rost hei\u00dfist).<\/li>\n<li>Wenn Grillrost etwas verrostet ist, dann den Rost mit Stahlb\u00fcrste entfernen.<\/li>\n<li>Nachdem Rost entfern worden ist, dann k\u00f6nnen Sie den Grillrost mit Speise\u00f6l bespr\u00fchen oder schmieren.<\/li>\n<li>\u00d6l wird in das Grillrost einbrennen und eine neue Schutzschicht bilden.<\/li>\n<li>Gleichzeitig werden die Essensreste in den Zwischenr\u00e4umen und unter des Grillrosts verbrennen.<\/li>\n<\/ol>\n<p>Den oben beschriebenen Prozess k\u00f6nnen Sie am besten direkt vor dem Grillen durchf\u00fchren, der Grill muss dann nicht extra geheizt werden. Sie m\u00fcssen etwa 5-10 Minuten Zeit extra einplanen.<\/p>\n<p>Wenn Sie einen Naked Chef Modell haben, welcher keinen Deckel hat und es steht im freien, dann ist es eher wahrscheinlich, dass die Grillroste anfangen zu rosten. Um dies zu vermeiden, empfehlen wir die Grillreste in einem trockenen oder \u00fcberdachten Platz aufzubewahren oder als Zubeh\u00f6r einen Deckel zu kaufen.<\/p>\n<p>Mehr Information und Tipps zum Grillen finden Sie auf unserer Webseite <a href=\"https:\/\/www.grillsymbol.com\/de\/\">www.grillsymbol.com.<\/a><\/p>\n<p><strong>Garantie:<\/strong><\/p>\n<ul>\n<li>Das Ger\u00e4t und seine Teile haben eine 24-monatige Herstellungs- und Materialgarantie. Die Garantie gilt nur gegen Vorlage des Original-Kaufbelegs.<\/li>\n<li>Die Garantie umfasst keine Anweisungen zur Verwendung des Ger\u00e4ts, sie umfasst auch nicht die Wartung, Reinigung, Wiederherstellung des kommerziellen Erscheinungsbilds oder die Beseitigung von M\u00e4ngeln, die durch Nichteinhaltung der Gebrauchsanleitung verursacht wurden.<\/li>\n<li>Die Garantie deckt nicht den normalen Verschlei\u00df des Ger\u00e4ts und die Reparatur der daraus resultierenden M\u00e4ngel ab. Sowie M\u00e4ngel, die f\u00fcr den zweckgem\u00e4\u00dfen Gebrauch des Ger\u00e4ts unbedeutend sind (z. B. Kratzer u.\u00e4.).<\/li>\n<li>Wenn w\u00e4hrend der Garantiezeit ein Defekt am Produkt oder seinen Teilen auftritt, wenden Sie sich an den Verk\u00e4ufer des Ger\u00e4ts.<\/li>\n<\/ul>\n<p>[\/vc_column_text][\/vc_column][\/vc_row]<\/p>\n","protected":false},"excerpt":{"rendered":"<p>[vc_row][vc_column][vc_column_text]Bedienungsanleitung\/Garantiebedingungen f\u00fcr Holzkohlegrills: (Modelle: Chef, Chef XL, Chef XXL, Chef XXL Silver, Naked Chef, Naked Chef XL) Wichtig! Lesen sie die Bedienungsanleitung, bevor Sie das Ger\u00e4t verwenden. Das Ger\u00e4t ist nur f\u00fcr den Au\u00dfenbereich bestimmt. Zum Erhitzen des Ger\u00e4ts sind Holz, Grillbriketts und Holzkohle geeignet. Sicherheitsanforderungen: Lassen Sie das Ger\u00e4t w\u00e4hrend des Erhitzens nicht unbeaufsichtigt. [&hellip;]<\/p>\n","protected":false},"author":1,"featured_media":0,"parent":5326,"menu_order":0,"comment_status":"closed","ping_status":"closed","template":"","meta":{"footnotes":""},"class_list":["post-17974","page","type-page","status-publish","hentry"],"_links":{"self":[{"href":"https:\/\/www.grillsymbol.com\/de\/wp-json\/wp\/v2\/pages\/17974","targetHints":{"allow":["GET"]}}],"collection":[{"href":"https:\/\/www.grillsymbol.com\/de\/wp-json\/wp\/v2\/pages"}],"about":[{"href":"https:\/\/www.grillsymbol.com\/de\/wp-json\/wp\/v2\/types\/page"}],"author":[{"embeddable":true,"href":"https:\/\/www.grillsymbol.com\/de\/wp-json\/wp\/v2\/users\/1"}],"replies":[{"embeddable":true,"href":"https:\/\/www.grillsymbol.com\/de\/wp-json\/wp\/v2\/comments?post=17974"}],"version-history":[{"count":0,"href":"https:\/\/www.grillsymbol.com\/de\/wp-json\/wp\/v2\/pages\/17974\/revisions"}],"up":[{"embeddable":true,"href":"https:\/\/www.grillsymbol.com\/de\/wp-json\/wp\/v2\/pages\/5326"}],"wp:attachment":[{"href":"https:\/\/www.grillsymbol.com\/de\/wp-json\/wp\/v2\/media?parent=17974"}],"curies":[{"name":"wp","href":"https:\/\/api.w.org\/{rel}","templated":true}]}}