{"id":18142,"date":"2022-06-09T13:21:06","date_gmt":"2022-06-09T13:21:06","guid":{"rendered":"https:\/\/www.grillsymbol.com\/bbq-tips\/"},"modified":"2024-02-21T09:37:35","modified_gmt":"2024-02-21T09:37:35","slug":"geschaeftskunde","status":"publish","type":"page","link":"https:\/\/www.grillsymbol.com\/de\/geschaeftskunde\/","title":{"rendered":"GESCH\u00c4FTSKUNDE"},"content":{"rendered":"<p>[vc_row][vc_column width=&#8220;2\/3&#8243;][vc_column_text]<strong>Willkommen bei GrillSymbol als Gesch\u00e4ftskunde!<\/strong><\/p>\n<p>GrillSymbol ist Familiengesch\u00e4ft. Die f\u00fcnfte Generation w\u00e4chst mit neuen und frischen Ideen heran und produziert wird weiterhin in dem Werk in Tallinn. Im Jahr 2025 feiert GrillSymbol das Jubil\u00e4um seiner 100-j\u00e4hrigen Erfahrung.<\/p>\n<p>Um als Unternehmer zu bestellen, bitte kontaktieren Sie uns \u00fcber E-Mail an <a href=\"mailto:order@grillsymbol.com\">order@grillsymbol.com<\/a>. Bitte senden Sie uns Firmendaten und Lieferadresse, wir antworten so schnell wie m\u00f6glich.<\/p>\n<p>Bei Bestellungen \u00fcber 1500 EUR (ohne MwSt.) wird ein zus\u00e4tzlicher Rabatt gew\u00e4hrt.<\/p>\n<p>Wir produzieren die Blument\u00f6pfe und -beh\u00e4lter auch in verschiedenen Massen \u2013 bitte senden Sie uns Ihre Anfrage!<\/p>\n<p>&nbsp;<\/p>\n<p>[\/vc_column_text][\/vc_column][vc_column width=&#8220;1\/3&#8243;][vc_single_image image=&#8220;21764&#8243;][\/vc_column][\/vc_row]<\/p>\n","protected":false},"excerpt":{"rendered":"<p>[vc_row][vc_column width=&#8220;2\/3&#8243;][vc_column_text]Willkommen bei GrillSymbol als Gesch\u00e4ftskunde! GrillSymbol ist Familiengesch\u00e4ft. Die f\u00fcnfte Generation w\u00e4chst mit neuen und frischen Ideen heran und produziert wird weiterhin in dem Werk in Tallinn. Im Jahr 2025 feiert GrillSymbol das Jubil\u00e4um seiner 100-j\u00e4hrigen Erfahrung. Um als Unternehmer zu bestellen, bitte kontaktieren Sie uns \u00fcber E-Mail an order@grillsymbol.com. Bitte senden Sie uns [&hellip;]<\/p>\n","protected":false},"author":1,"featured_media":21764,"parent":0,"menu_order":0,"comment_status":"closed","ping_status":"closed","template":"","meta":{"footnotes":""},"class_list":["post-18142","page","type-page","status-publish","has-post-thumbnail","hentry"],"_links":{"self":[{"href":"https:\/\/www.grillsymbol.com\/de\/wp-json\/wp\/v2\/pages\/18142","targetHints":{"allow":["GET"]}}],"collection":[{"href":"https:\/\/www.grillsymbol.com\/de\/wp-json\/wp\/v2\/pages"}],"about":[{"href":"https:\/\/www.grillsymbol.com\/de\/wp-json\/wp\/v2\/types\/page"}],"author":[{"embeddable":true,"href":"https:\/\/www.grillsymbol.com\/de\/wp-json\/wp\/v2\/users\/1"}],"replies":[{"embeddable":true,"href":"https:\/\/www.grillsymbol.com\/de\/wp-json\/wp\/v2\/comments?post=18142"}],"version-history":[{"count":0,"href":"https:\/\/www.grillsymbol.com\/de\/wp-json\/wp\/v2\/pages\/18142\/revisions"}],"wp:featuredmedia":[{"embeddable":true,"href":"https:\/\/www.grillsymbol.com\/de\/wp-json\/wp\/v2\/media\/21764"}],"wp:attachment":[{"href":"https:\/\/www.grillsymbol.com\/de\/wp-json\/wp\/v2\/media?parent=18142"}],"curies":[{"name":"wp","href":"https:\/\/api.w.org\/{rel}","templated":true}]}}