{"id":3458,"date":"2017-02-08T09:12:41","date_gmt":"2017-02-08T09:12:41","guid":{"rendered":"https:\/\/www.grillsymbol.com\/delivery-infomation\/"},"modified":"2017-05-15T05:16:17","modified_gmt":"2017-05-15T05:16:17","slug":"delivery-infomation","status":"publish","type":"page","link":"https:\/\/www.grillsymbol.com\/de\/delivery-infomation\/","title":{"rendered":"Lieferbedingungen"},"content":{"rendered":"<p>Ware wird an die vom K\u00e4ufer in der Bestellung gegebenen Lieferungsadresse geliefert. Der K\u00e4ufer bekommt Informationen \u00fcber die Lieferung durch Kontaktangaben in der Bestellung. Die Warenlieferung wird entsprechend der gew\u00e4hlten Lieferungsweise ausgef\u00fchrt. Lieferungsweisen: der Kurier bringt die Ware an die Adresse des K\u00e4ufers. Abh\u00e4ngig von der Ware und vom Land ist Kurierfirma DHL, DPD, Itella oder lokale Post. Der K\u00e4ufer bekommt eine Kennzeichenummer seiner Lieferung, so kann er durch Vertretung seines Landes die Ware verfolgen.<\/p>\n<p>Achten Sie bitte bei Bestellung auf \u00a0Richtigkeit der Angaben, um Missverst\u00e4ndnisse und Aufsch\u00fcbe bei der Lieferung zu vermeiden. GrillSymbol AG und Kurierfirma \u00fcbernehmen keine Verantwortung \u00fcber Aufsch\u00fcbe und Missverst\u00e4ndnisse, die wegen Unkorrektheit oder Unrichtigkeit der vom K\u00e4ufer gegebenen Angaben entstanden sind.<\/p>\n<p>Ware wird nur in dem Fall dritten Personen \u00fcbergeben, wenn der K\u00e4ufer in der Bestellung eine dritte Person zum Empf\u00e4nger bestimmt hat.<\/p>\n","protected":false},"excerpt":{"rendered":"<p>Ware wird an die vom K\u00e4ufer in der Bestellung gegebenen Lieferungsadresse geliefert. Der K\u00e4ufer bekommt Informationen \u00fcber die Lieferung durch Kontaktangaben in der Bestellung. Die Warenlieferung wird entsprechend der gew\u00e4hlten Lieferungsweise ausgef\u00fchrt. Lieferungsweisen: der Kurier bringt die Ware an die Adresse des K\u00e4ufers. Abh\u00e4ngig von der Ware und vom Land ist Kurierfirma DHL, DPD, Itella [&hellip;]<\/p>\n","protected":false},"author":1,"featured_media":0,"parent":0,"menu_order":0,"comment_status":"closed","ping_status":"closed","template":"","meta":{"footnotes":""},"class_list":["post-3458","page","type-page","status-publish","hentry"],"_links":{"self":[{"href":"https:\/\/www.grillsymbol.com\/de\/wp-json\/wp\/v2\/pages\/3458","targetHints":{"allow":["GET"]}}],"collection":[{"href":"https:\/\/www.grillsymbol.com\/de\/wp-json\/wp\/v2\/pages"}],"about":[{"href":"https:\/\/www.grillsymbol.com\/de\/wp-json\/wp\/v2\/types\/page"}],"author":[{"embeddable":true,"href":"https:\/\/www.grillsymbol.com\/de\/wp-json\/wp\/v2\/users\/1"}],"replies":[{"embeddable":true,"href":"https:\/\/www.grillsymbol.com\/de\/wp-json\/wp\/v2\/comments?post=3458"}],"version-history":[{"count":0,"href":"https:\/\/www.grillsymbol.com\/de\/wp-json\/wp\/v2\/pages\/3458\/revisions"}],"wp:attachment":[{"href":"https:\/\/www.grillsymbol.com\/de\/wp-json\/wp\/v2\/media?parent=3458"}],"curies":[{"name":"wp","href":"https:\/\/api.w.org\/{rel}","templated":true}]}}