{"id":3467,"date":"2016-08-02T09:02:50","date_gmt":"2016-08-02T09:02:50","guid":{"rendered":"https:\/\/www.grillsymbol.com\/about\/"},"modified":"2022-11-11T09:08:51","modified_gmt":"2022-11-11T09:08:51","slug":"ueber-uns","status":"publish","type":"page","link":"https:\/\/www.grillsymbol.com\/de\/ueber-uns\/","title":{"rendered":"\u00dcber uns"},"content":{"rendered":"<p>[vc_row][vc_column][vc_raw_html]JTNDZGl2JTNFJTBBJTNDaDQlMjBzdHlsZSUzRCUyMmZvbnQtZmFtaWx5JTNBJTI3Um9ib3RvJTI3JTNCJTIwZm9udC13ZWlnaHQlM0ElMjBsaWdodGVyJTNCJTIyJTNFR3JpbGxTeW1ib2wtJTIwRXJmYWhydW5nZW4lMjBzZWl0JTIwMTkyNSUzQyUyRmg0JTNFJTNDJTJGZGl2JTNF[\/vc_raw_html][\/vc_column][\/vc_row][vc_row][vc_column width=&#8220;2\/3&#8243;][vc_column_text]<\/p>\n<div class=\"vc_row wpb_row vc_row-fluid\">\n<div class=\"wpb_column vc_column_container vc_col-sm-12\">\n<div class=\"vc_column-inner \">\n<div class=\"wpb_wrapper\">\n<div class=\"wpb_raw_code wpb_content_element wpb_raw_html\">\n<div class=\"wpb_wrapper\">\n<div>\n<h4><\/h4>\n<\/div>\n<\/div>\n<\/div>\n<\/div>\n<\/div>\n<\/div>\n<\/div>\n<div class=\"vc_row wpb_row vc_row-fluid\">\n<div class=\"wpb_column vc_column_container vc_col-sm-8\">\n<div class=\"vc_column-inner \">\n<div class=\"wpb_wrapper\">\n<div class=\"wpb_text_column wpb_content_element \">\n<div class=\"wpb_wrapper\">\n<p>Der erste Vorg\u00e4nger des heutigen GrillSymbols ist der Schmied <strong>Johannes Moisar<\/strong>, der im Jahre 1925 in Tallinn in der Paldiskistrasse ein Schmiede-Eisenwarengesch\u00e4ft er\u00f6ffnete. In der Schmiede wurden unter anderem auch kleine Eisenpfannen und verschiedene Ersatzteile f\u00fcr Feuerstellen und Herde gefertigt.<\/p>\n<p>Mit der Ankunft der Sowjetischen Macht im Jahre 1940 wurde das Unternehmen nationalisiert und als Ergebnis verschiedener Vereinigungen waren Erzeugnisse f\u00fcr die \u00d6ffentlichkeit nicht mehr erreichbar und wertvolle Erfahrungen\u00a0 gingen verloren. So vergingen 57 Jahre. Dann wurde Estnische Republik wieder unabh\u00e4ngig, Unternehmung war wieder erlaubt und hatte gute Aussichten.<\/p>\n<p><strong>Um historische Kontinuit\u00e4t wieder herzustellen<\/strong>, haben Br\u00fcder Ivar und Laur Suurv\u00e4li die Familien- traditionen erneuert. 1997 wurde Unternehmen Symbol O\u00dc gegr\u00fcndet und so wurden erste Pfannen hergestellt. Die waren viel gr\u00f6sser als im Jahr 1925, aber von demselben Material angefertigt wie damals. Die Erfahrung mehrerer Generationen best\u00e4tigt, dass bei richtiger Verwendung Gebrauchsdauer einer Eisenpfanne mit dickem Boden sogar 100 Jahre sein kann.<\/p>\n<p>2008 wurde zur Herstellung solcher Pfannen, die auch hohe Anspr\u00fcche der Kunden erf\u00fcllen, das Unternehmen GrillSymbol O\u00dc gegr\u00fcndet. Heute ist daraus unsere popul\u00e4rste Produktlinie herausgewachsen, die den Namen \u201ePRO\u201c tr\u00e4gt. <strong>Wie professionell.<\/strong> Erzeugnisse der PRO-Linie sind langlebig und sicher, sie sind leicht zu pflegen und f\u00fcr eine lange Zeit verwendbar.<\/p>\n<p>In Jahren 2006-2007 haben wir unsere Produktpalette erweitert und haben uns ausser Herstellung der Pfannen auch der <strong>Produktion der R\u00e4uchergrills gewidmet<\/strong>. In unserer Produktentwicklung haben wir Erfahrungen mehrerer BBQ-Meister benutzt, die mit unseren Pfannen an BBQ-Wettbewerben in Estland, Deutschland und Grossbritannien teilgenommen haben. Unsere \u00d6fen der Q-Serie sind sowohl von Profis als auch von Haushaltsverbraucher hoch gesch\u00e4tzt, weil gefertigtes Fleisch einfach unvergleichbar gut schmeckt.<\/p>\n<p>2016 haben wir unsere \u201eBasic\u201c-Linie auf den Markt gebracht. Im Vergleich zu \u201ePRO\u201c-Linie ist \u201eBasic\u201c g\u00fcnstiger und hat nur grundlegende Details, die eine Pfanne braucht.<\/p>\n<p>2017 kehrten wir zu unseren Wurzeln zur\u00fcck und belebten unsere Erfahrung bei der Herstellung von Feuerstellen. Unsere Feuerschalen sind aus Cor-Ten-Stahl gefertigt und nach dem nordischen Lebensstil gestaltet: <strong>Einfachheit, Funktionalit\u00e4t und wetterfestes Material<\/strong> sind mit mythologischen Symbolen kombiniert. Heute ist die Kollektion auf 14 Modelle angewachsen und wird jedes Jahr durch neue Modelle erg\u00e4nzt.<\/p>\n<p>Im Jahr 2018 wurde unser Sortiment an Cor-Ten-Stahlprodukten erweitert und wir haben eine Kollektion von Blument\u00f6pfen und modularen WoodStock-Regalen auf den Markt gebracht. Im laufenden Jahr 2021 werden wir mit mehreren neuen Produktlinien in den Markt eintreten und die bestehenden erg\u00e4nzen. Der Anteil der Produktentwicklung wird in unserer Arbeit von Jahr zu Jahr wichtiger. Wir versuchen st\u00e4ndig, unsere alten und neuen Kunden mit neuen Produkten zu \u00fcberraschen und bieten schon heute die Trends von morgen an.<\/p>\n<p>GrillSymbol ist ein Familienunternehmen. Heute w\u00e4chst schon die f\u00fcnfte Generation mit neuen und frischen Ideen heran und unsere Produkte werden wie bisher im Tallinner Werk hergestellt. Im Jahr 2025 feiert GrillSymbol das 100-j\u00e4hrige Bestehen.<\/p>\n<\/div>\n<\/div>\n<\/div>\n<\/div>\n<\/div>\n<\/div>\n<p>[\/vc_column_text][\/vc_column][vc_column width=&#8220;1\/3&#8243;][vc_single_image image=&#8220;8254&#8243; img_size=&#8220;medium&#8220;][\/vc_column][\/vc_row][vc_row][vc_column][vc_column_text]<h4 style=\"color: #151515;text-align: center;font-family:Roboto;font-weight:100;font-style:normal\" class=\"vc_custom_heading\">Unser Team<\/h4><div class=\"vc_row wpb_row vc_row-fluid\"><div class=\"wpb_column vc_column_container vc_col-sm-4\"><div class=\"vc_column-inner \"><div class=\"wpb_wrapper\"><div class=\"pt-member-contact wpb_content_element img-pos-left flag-en\"><div class=\"text-wrapper\"><div class=\"contact-img-wrapper\"><img loading=\"lazy\" decoding=\"async\" alt=\"\" src=\"https:\/\/www.grillsymbol.com\/wp-content\/themes\/handystore-child\/img\/DSC_1030.jpg\" width=\"312\" height=\"312\"><\/div><h3>Laur Suurv\u00e4li<\/h3><span>Verkaufsleiter in Europa\/ CEO<\/span><p>Mob: +372 56 669 723<br>laur@grillsymbol.com<\/p><img decoding=\"async\" src=\"https:\/\/www.grillsymbol.com\/wp-content\/plugins\/sitepress-multilingual-cms\/res\/flags\/en.png\"> <img decoding=\"async\" src=\"https:\/\/www.grillsymbol.com\/wp-content\/plugins\/sitepress-multilingual-cms\/res\/flags\/et.png\"> <img decoding=\"async\" src=\"https:\/\/www.grillsymbol.com\/wp-content\/plugins\/sitepress-multilingual-cms\/res\/flags\/fi.png\"><\/div><\/div><\/div><\/div><\/div><div class=\"wpb_column vc_column_container vc_col-sm-4\"><div class=\"vc_column-inner \"><div class=\"wpb_wrapper\"><div class=\"pt-member-contact wpb_content_element img-pos-left flag-se\"><div class=\"text-wrapper\"><div class=\"contact-img-wrapper\"><img loading=\"lazy\" decoding=\"async\" alt=\"\" src=\"https:\/\/www.grillsymbol.com\/wp-content\/themes\/handystore-child\/img\/annika.jpg\" width=\"286\" height=\"286\"><\/div><h3>Annika Aas<\/h3><span>on temporary leave<\/span><span>Verkaufsleiter in Skandinavien<\/span><p>Mob: +372 58 536 820<br>annika@grillsymbol.com<\/p><img decoding=\"async\" src=\"https:\/\/www.grillsymbol.com\/wp-content\/plugins\/sitepress-multilingual-cms\/res\/flags\/sv.png\"> <img decoding=\"async\" src=\"https:\/\/www.grillsymbol.com\/wp-content\/plugins\/sitepress-multilingual-cms\/res\/flags\/en.png\"> <img decoding=\"async\" src=\"https:\/\/www.grillsymbol.com\/wp-content\/plugins\/sitepress-multilingual-cms\/res\/flags\/da.png\"> <img decoding=\"async\" src=\"https:\/\/www.grillsymbol.com\/wp-content\/plugins\/sitepress-multilingual-cms\/res\/flags\/no.png\"><\/div><\/div><\/div><\/div><\/div><div class=\"wpb_column vc_column_container vc_col-sm-4\"><div class=\"vc_column-inner \"><div class=\"wpb_wrapper\"><div class=\"pt-member-contact wpb_content_element img-pos-left flag-se\"><div class=\"text-wrapper\"><div class=\"contact-img-wrapper\"><img loading=\"lazy\" decoding=\"async\" alt=\"\" src=\"https:\/\/www.grillsymbol.com\/wp-content\/uploads\/2022\/03\/woman-images-avatar.png\" width=\"280\" height=\"280\"><\/div><h3>Liisa N\u00f5ukas<\/h3><span> <\/span><p>Mob: +372 58 536 820<br>liisa@grillsymbol.com<\/p><img decoding=\"async\" src=\"https:\/\/www.grillsymbol.com\/wp-content\/plugins\/sitepress-multilingual-cms\/res\/flags\/de.png\"> <img decoding=\"async\" src=\"https:\/\/www.grillsymbol.com\/wp-content\/plugins\/sitepress-multilingual-cms\/res\/flags\/en.png\"> <img decoding=\"async\" src=\"https:\/\/www.grillsymbol.com\/wp-content\/plugins\/sitepress-multilingual-cms\/res\/flags\/et.png\"><\/div><\/div><\/div><\/div><\/div><\/div>[\/vc_column_text][\/vc_column][\/vc_row]<\/p>\n","protected":false},"excerpt":{"rendered":"<p>[vc_row][vc_column][vc_raw_html]JTNDZGl2JTNFJTBBJTNDaDQlMjBzdHlsZSUzRCUyMmZvbnQtZmFtaWx5JTNBJTI3Um9ib3RvJTI3JTNCJTIwZm9udC13ZWlnaHQlM0ElMjBsaWdodGVyJTNCJTIyJTNFR3JpbGxTeW1ib2wtJTIwRXJmYWhydW5nZW4lMjBzZWl0JTIwMTkyNSUzQyUyRmg0JTNFJTNDJTJGZGl2JTNF[\/vc_raw_html][\/vc_column][\/vc_row][vc_row][vc_column width=&#8220;2\/3&#8243;][vc_column_text] Der erste Vorg\u00e4nger des heutigen GrillSymbols ist der Schmied Johannes Moisar, der im Jahre 1925 in Tallinn in der Paldiskistrasse ein Schmiede-Eisenwarengesch\u00e4ft er\u00f6ffnete. In der Schmiede wurden unter anderem auch kleine Eisenpfannen und verschiedene Ersatzteile f\u00fcr Feuerstellen und Herde gefertigt. Mit der Ankunft der Sowjetischen Macht im Jahre 1940 wurde das Unternehmen nationalisiert [&hellip;]<\/p>\n","protected":false},"author":1,"featured_media":0,"parent":0,"menu_order":0,"comment_status":"closed","ping_status":"closed","template":"","meta":{"footnotes":""},"class_list":["post-3467","page","type-page","status-publish","hentry"],"_links":{"self":[{"href":"https:\/\/www.grillsymbol.com\/de\/wp-json\/wp\/v2\/pages\/3467","targetHints":{"allow":["GET"]}}],"collection":[{"href":"https:\/\/www.grillsymbol.com\/de\/wp-json\/wp\/v2\/pages"}],"about":[{"href":"https:\/\/www.grillsymbol.com\/de\/wp-json\/wp\/v2\/types\/page"}],"author":[{"embeddable":true,"href":"https:\/\/www.grillsymbol.com\/de\/wp-json\/wp\/v2\/users\/1"}],"replies":[{"embeddable":true,"href":"https:\/\/www.grillsymbol.com\/de\/wp-json\/wp\/v2\/comments?post=3467"}],"version-history":[{"count":0,"href":"https:\/\/www.grillsymbol.com\/de\/wp-json\/wp\/v2\/pages\/3467\/revisions"}],"wp:attachment":[{"href":"https:\/\/www.grillsymbol.com\/de\/wp-json\/wp\/v2\/media?parent=3467"}],"curies":[{"name":"wp","href":"https:\/\/api.w.org\/{rel}","templated":true}]}}