{"id":3470,"date":"2016-08-01T15:22:58","date_gmt":"2016-08-01T15:22:58","guid":{"rendered":"https:\/\/www.grillsymbol.com\/terms-and-conditions\/"},"modified":"2017-06-20T11:58:44","modified_gmt":"2017-06-20T11:58:44","slug":"auftragsbedingungen","status":"publish","type":"page","link":"https:\/\/www.grillsymbol.com\/de\/auftragsbedingungen\/","title":{"rendered":"Auftragsbedingungen"},"content":{"rendered":"<p><b>Kaufen und Bestellen im Web-Shop<\/b><\/p>\n<p>Im Web-Shop k\u00f6nnen Sie diese Waren kaufen, bei denen es Knopf \u201cIn den Warenkorb\u201d gibt. Der Preis und die Erreichbarkeit k\u00f6nnen laufend fristlos ge\u00e4ndert werden. Wenn der K\u00e4ufer ihre Bestellung vor der Preis\u00e4nderung aufgegeben hat, gilt ihm der im Zeitpunkt der Bestellung gegoltener Preis.<\/p>\n<ol>\n<li>Verk\u00e4ufer hat Recht den durch Web-Shop geschlossenen Veraufsvertrag r\u00fcckg\u00e4ngig machen und die Ware nicht zu \u00fcbergeben oder die Dienstleistung nicht zu erweisen in folgenden F\u00e4llen: Ware ist im Lager alle.<\/li>\n<li>Best\u00e4tigen Sie Ihre Bestellung mit Knopfdr\u00fccken \u201cBest\u00e4tigung und Bezahlung\u201d. Danach f\u00fchren Sie Ihre Angaben ein, w\u00e4hlen Sie Bezahlungs- und Lieferungsweise und reichen sie Ihre Bestellung ein. Der Verkaufsvertrag gilt als geschlossen nach der Bestellungsbest\u00e4tigung und dem Zahlungseingang der Kaufsumme auf Konto der GrillSymbol AG. Die unbezahlte Bestellungsbest\u00e4tigung wird von dem Verk\u00e4ufer nicht erf\u00fcllt.<\/li>\n<li>Bezahlung: f\u00fcr Waren k\u00f6nnen Sie durch Bezahlungssystems PayPal und Make Commerce bezahlen und wir akzeptieren die meisten Kreditkarten. Zur Bezahlung brauchen Sie kein PayPal -oder Make Commerce-Konto zu haben. Im Web-Sop des GrillSymbol.com gilt als W\u00e4hrung Euro. Nach der Bezahlung der Kaufsumme sendet der Web-Shop Ihnen die Bestellungsbest\u00e4tigung und die Rechnung.<\/li>\n<\/ol>\n<p>Alle pers\u00f6nliche Angaben, die im Laufe des Web-Shop-Besuchs und Kaufprozesses bekannt geworden sind, werden von uns als konfidentiell behandelt. Verschl\u00fcsselte Datenkommunikation mit Banken garantiert die Sicherheit der pers\u00f6nlichen und Kontoangaben der Kunden. Die Vertreter und Mitarbeiter der GrillSymbol AG haben keinen Zutritt su diesen verschl\u00fcsselten Angaben.<\/p>\n","protected":false},"excerpt":{"rendered":"<p>Kaufen und Bestellen im Web-Shop Im Web-Shop k\u00f6nnen Sie diese Waren kaufen, bei denen es Knopf \u201cIn den Warenkorb\u201d gibt. Der Preis und die Erreichbarkeit k\u00f6nnen laufend fristlos ge\u00e4ndert werden. Wenn der K\u00e4ufer ihre Bestellung vor der Preis\u00e4nderung aufgegeben hat, gilt ihm der im Zeitpunkt der Bestellung gegoltener Preis. Verk\u00e4ufer hat Recht den durch Web-Shop [&hellip;]<\/p>\n","protected":false},"author":1,"featured_media":0,"parent":0,"menu_order":0,"comment_status":"closed","ping_status":"closed","template":"","meta":{"footnotes":""},"class_list":["post-3470","page","type-page","status-publish","hentry"],"_links":{"self":[{"href":"https:\/\/www.grillsymbol.com\/de\/wp-json\/wp\/v2\/pages\/3470","targetHints":{"allow":["GET"]}}],"collection":[{"href":"https:\/\/www.grillsymbol.com\/de\/wp-json\/wp\/v2\/pages"}],"about":[{"href":"https:\/\/www.grillsymbol.com\/de\/wp-json\/wp\/v2\/types\/page"}],"author":[{"embeddable":true,"href":"https:\/\/www.grillsymbol.com\/de\/wp-json\/wp\/v2\/users\/1"}],"replies":[{"embeddable":true,"href":"https:\/\/www.grillsymbol.com\/de\/wp-json\/wp\/v2\/comments?post=3470"}],"version-history":[{"count":0,"href":"https:\/\/www.grillsymbol.com\/de\/wp-json\/wp\/v2\/pages\/3470\/revisions"}],"wp:attachment":[{"href":"https:\/\/www.grillsymbol.com\/de\/wp-json\/wp\/v2\/media?parent=3470"}],"curies":[{"name":"wp","href":"https:\/\/api.w.org\/{rel}","templated":true}]}}