{"id":5303,"date":"2017-05-04T07:03:07","date_gmt":"2017-05-04T07:03:07","guid":{"rendered":"https:\/\/www.grillsymbol.com\/instruction-manual-for-pans\/"},"modified":"2023-08-17T09:38:19","modified_gmt":"2023-08-17T09:38:19","slug":"bedienungsanleitung-der-pfannen","status":"publish","type":"page","link":"https:\/\/www.grillsymbol.com\/de\/ueber-die-materialien-und-bodenformen-der-pfannen\/bedienungsanleitung-der-pfannen\/","title":{"rendered":"Bedienungsanleitung der Pfannen"},"content":{"rendered":"<p><b>Bedienungsanleitung\/Garantiebedingungen:\u00a0 <\/b><b><br \/>\n<\/b>(Modellen PRO-960, PRO-960-3, PRO-960i, PRO-915, PRO-720, PRO-720i, PRO-675, PRO-580, PRO-580i, PRO-545, PRO-460, PRO-460i, PRO-450, PRO-545-CAT, PRO-545i-CAT, PRO-450-CAT, PRO-450i-CAT, Basic-580, Basic-720, Basic-960)<\/p>\n<p><b>Wichtig! <\/b><b><br \/>\n<\/b>Vor der Anwendung des Ger\u00e4ts machen Sie sich mit der Bedienungsanleitung bekannt. Das Ger\u00e4t ist nur im Freien verwendbar. Das Ger\u00e4t funktioniert mit Erdgas zum Grillen.<\/p>\n<p><b> Sicherheitsanforderungen:<\/b><\/p>\n<ol>\n<li>Das Ger\u00e4t soll nicht ohne Aufsicht funktionieren.<\/li>\n<li>Den Kindern ist die Anwendung des Ger\u00e4ts verboten.<\/li>\n<li>Das Ger\u00e4t darf nur im Freien angewendet werden.<\/li>\n<li>Das Ger\u00e4t soll nur zweckm\u00e4ssig angewendet werden.<\/li>\n<li>Die Pfanne wird w\u00e4hrend der Heizung heiss und Verbrennungen sind m\u00f6glich.\u00a0Wir empfehlen die Benutzung hitzebest\u00e4ndiger Handschuhe.<\/li>\n<li>Bewegen sie das Ger\u00e4t und den Gasballon w\u00e4hrend der Arbeit nicht.<\/li>\n<li>Versuchen sie es nicht, vom funktionierenden Ger\u00e4t ein Einzelteil zu entfernen.<\/li>\n<li>Bewahren sie in der N\u00e4he des funktionierenden Ger\u00e4ts keine flammbare Materialien auf.<\/li>\n<li>Der Gasbrenner soll nur in Betrieben repariert werden, die Recht daf\u00fcr haben.<\/li>\n<li>Nach der Arbeit drehen Sie immer den Hahn des Gasballons\/die Klappe und Gasventile des Gasbrenners zu.<\/li>\n<li>Drehen Sie die Gash\u00e4hne sofort zu, wenn Sie Gasgeruch sp\u00fcren.<\/li>\n<li>Verwenden sie niemals das Ger\u00e4t, das technisch nicht in Ordnung ist.<\/li>\n<li>Bewahren Sie den Gasballon nicht unmittelbar in der Sonnenlicht auf.<\/li>\n<li>Der Gasschlauch soll alle 2 Jahre ausgetauscht werden.<\/li>\n<li>Bei der Montage des Ger\u00e4ts drehen sie immer die Befestigungsbolzen der F\u00fcsse zu.<\/li>\n<\/ol>\n<p><b>Technische Angaben und Teile des Ger\u00e4ts:<\/b><\/p>\n<ol>\n<li>Pfanne aus 3-5 mm dicken Stahl oder Edelstahl.<\/li>\n<li>Gasbrenner mit 1-3 Ringe, Leistungsf\u00e4higkeit 6,5, 11,4 oder 21 kw<\/li>\n<li>Windschutz\/Tragkostruktion des Ger\u00e4ts<\/li>\n<li>F\u00fcsse 3 St.<\/li>\n<li>Der Topfdeckel (nur f\u00fcr Cataplana-Modelle)\n<p>Gasminderer\/Reduktor: man muss darauf achten, \u00a0dass Gasballon und \u00a0Minderer miteinander passen.<\/li>\n<\/ol>\n<p><b>Anz\u00fcnden und Anwendung:<\/b><\/p>\n<ol>\n<li>Pr\u00fcfen Sie, dass Gasballon voll ist.<\/li>\n<li>Pr\u00fcfen Sie, dass der Gasminderer \u00a0korrekt zum Gasballon befestigt ist.<\/li>\n<li>Verwenden Sie einen 30 mbar Gasreduktor,\u00a0 dessen maximale Durchlassf\u00e4higkeit 1 kg\/h ist.<\/li>\n<li>Bei dem Reduktor mit Gewinde pr\u00fcfen Sie, dass der Verdichtungsring da ist.<\/li>\n<li>Pr\u00fcfen Sie, dass alle Teile gut befestigt sind.<\/li>\n<li>Pr\u00fcfen Sie, dass Ausgleichsventile in der Position \u201cOFF\u201d w\u00e4ren und drehen sie den Hahn \u00a0des Gasballons auf.<\/li>\n<li>\u00d6ffnen Sie Ventil(e) des Gasbrenners. \u00a0(Sieh Markierung der Ventile)<\/li>\n<li>Dr\u00fccken Sie den Knopf f\u00fcr Elektroanz\u00fcndung. (ausser Basic-Serie und PRO-460\/460 Inox)<\/li>\n<li>Falls die Gasflamme \u00a0nicht\u00a0 aufgeht, drehen sie den Gasballonhahn wieder zu, lassen Sie den ausfliessenden Gas verwehen und versuchen Sie es in einigen Minuten wieder.<\/li>\n<\/ol>\n<p><b>Temperaturen auf der Pfanne:<\/b><\/p>\n<ol>\n<li>Gasventile maximal ge\u00f6ffnet \u2013 wenn die Pfanne aufgehitzt ist und Ausgleichsventile maximal ge\u00f6ffnet sind, kann die Temperatur in der Mitte der Pfanne \u00fcber 300 C und an den R\u00e4ndern \u00a0\u00fcber 200 C erreichen. Diese Position wird nur f\u00fcr schnelles Aufhitzen der Pfanne verwendet. Benutzen \u00a0Sie diese Position nicht bei herk\u00f6mmlichen Zubereitung!<\/li>\n<li>Gasventile halbge\u00f6ffnet \u2013 diese Position wird bei mittlerer bis gr\u00f6sser Belastung benutzt.<\/li>\n<li>Gasventile wenig ge\u00f6ffnet &#8211; \u00a0wird bei kleiner Belastung benutzt.Temperaturen k\u00f6nnen sehr verschieden sein, das h\u00e4ngt von der Lufttemperatur, vom Wind und von der Essenmenge auf der Pfanne ab.\n<p>Mit Ausgleichsventilen k\u00f6nnen Sie die Temperaturen nach Ihrem Bedarf regulieren.<\/li>\n<\/ol>\n<p><b>Erstanwendung:<\/b><b> (STAHLPFANNEN)<\/b><\/p>\n<p>Vor der ersten Anwendung m\u00fcssen Sie die Pfanne einbrennen, im Laufe der Einbrennung verbrennen technische \u00d6le und es entsteht der vor Anbrennung sch\u00fctzende Schicht auf der Pfanne. Machen Sie es so: \u00a0Z\u00fcnden sie den Brenner in mittleren Position an, giessen Sie etwas Lebensmittel\u00f6l auf die Pfanne. Heizen Sie die Pfanne 10-15 Minuten, erg\u00e4nzen Sie bei Bedarf noch \u00d6l und lassen Sie die Pfanne wieder abk\u00fchlen. Reinigen Sie die abgek\u00fchlte Pfanne von \u00d6lresten (entfernen sie auch die sch\u00e4umenden Stellen). Wiederholen sie diese T\u00e4tigkeit, bis die Pfannfl\u00e4che dunkel und glatt geworden ist. Bei der Erhitzung sollten Sie darauf achten, dass Temperatur nicht zu hoch wird, denn in diesem Fall ist das Ergebnis entgegengesetzt und der Schutzschicht verbrennt. Bei dem Einbrennen verbrennen die technischen \u00d6lreste von der ganzen Pfannfl\u00e4che, doch der Schutzschicht an den R\u00e4ndern entsteht erst nach ersten Zubereitungen. Achtung! Das Einbrennen der Pfanne ist sehr wichtig, ohne diese Ausf\u00fchrung kann das Essen unangenehm schmecken und auf der Pfanne anbrennen.<\/p>\n<p><b>Erstanwendung:<\/b><b> (INOX- PFANNEN)<\/b><\/p>\n<p>Entfernen Sie die Schutzfolie. Sp\u00fclen Sie die Pfanne vor erster Anwendung mit warmem Wasser, man darf auch Sp\u00fclmittel benutzen. \u00a0Sp\u00fclen sie gr\u00fcndlich aus.<\/p>\n<p><b>Pflegen:<\/b><\/p>\n<p><b>Reinigung der Pfanne \u2013 <\/b>es ist nicht empfehlenswert, die<b> Stahlpfanne <\/b>mit \u00a0Wasser zu reinigen, Wasser weicht den eingebrannten Schutzschicht ein \u00a0und kann Rost verursachen. Falls Sie das doch gemacht haben, sollten Sie das oben beschriebene Ausf\u00fchren wiederholen. Die Stahlpfanne wird mit grobem Salz gereinigt \u2013 nach der Anwendung und Entfernung der Speisereste sch\u00fctten Sie auf die heisse (mit funktionierenden Gasbrenner) Pfanne grobes Salz, das verbrauchte Fett wird in die Salzkristalle eingesaugt. Nach der Bearbeitung mit Salz tragen Sie d\u00fcnnen Schicht \u00d6l oder Fett auf die Pfanne \u2013 Salz verursacht in Ber\u00fchrung mit Wasser und beim Aufbewahren in feuchten Verh\u00e4ltnissen Rost. Mit Sp\u00fclmittel sollten Sie die Pfanne nicht reinigen \u2013 so bekommt das Essen einen unangenehmen Geschmack. Wenn sich auf der Pfanne ein dicker und ungleichm\u00e4ssiger Schicht von Schmutz angesammelt hat, k\u00f6nnen Sie das mit Hilfe eines Metall- oder Holzspatens entfernen.<\/p>\n<p><b>Inox-Pfannen <\/b>(aus Edelstahl) werden mit warmem Wasser und Sp\u00fclmittel gereinigt. Zur Entfernung gr\u00f6sseren Schmutzes k\u00f6nnen Sie auch einen Wischlappen aus Draht benutzen, aber so k\u00f6nnen Sie Oberfl\u00e4che der Pfanne kratzen. Das beeinflusst die Zubereitung des Essens nicht, aber die Pfanne sieht nicht mehr so gl\u00e4nzend aus.<\/p>\n<p><b>Reinigung des Windschutzes \u2013<\/b> im Laufe der Anwendung werden sich an die \u00e4ussere Seitenpaneele Speisereste, Fett u.a. angesammelt. Zur Reinigung verwenden Sie herk\u00f6mmliche Sp\u00fclmittel, sp\u00fclen Sie gr\u00fcndlich aus.<\/p>\n<p><b>Reinigung des Gasbrenners &#8211; <\/b>\u00a0leichten Schmutz k\u00f6nnen sie vom Brenner mit trockenem oder leicht feuchtem Wischlappen entfernen. Falls die kleinen L\u00f6cher am Brenner verstopft sind, k\u00f6nnen Sie diese mit d\u00fcnnem Metalldraht reinigen.<\/p>\n<p>&nbsp;<\/p>\n<p><strong>Was ist zu tun, wenn eine Stahlpfanne im Freien \u00fcberwintert hat und rostet?<\/strong><\/p>\n<p>&nbsp;<\/p>\n<p>Um die Pfanne von Rost zu befreien, gehen Sie wie folgt vor:<\/p>\n<ol>\n<li>Wenn die Pfanne eine starke Rostschicht aufweist, entfernen Sie diese mit einer Grillstahlb\u00fcrste (Sie k\u00f6nnen auch eine st\u00e4rkere Stahlb\u00fcrste verwenden).<\/li>\n<li>Z\u00fcnden Sie den Gasbrenner an und erhitzen Sie die Pfanne.<\/li>\n<li>Entfernen Sie Rost mit einem Spachtel oder einer Stahlb\u00fcrste \u2013 Schmutz und Rost lassen sich im hei\u00dfen Zustand leichter entfernen.<\/li>\n<li>Lassen Sie die Pfanne abk\u00fchlen und sp\u00fclen Sie den Schmutz ab. Falls erforderlich, wiederholen Sie den Vorgang.<\/li>\n<li>Sobald der Rost von der Oberfl\u00e4che der Pfanne entfernt ist, fetten oder bespr\u00fchen Sie die Pfanne mit Speise\u00f6l.<\/li>\n<li>Das \u00d6l brennt in die Pfanne ein und bildet eine neue Schutzschicht.<\/li>\n<\/ol>\n<p>&nbsp;<\/p>\n<p>Die oben genannten Schritte werden am besten unmittelbar vor dem Grillen durchgef\u00fchrt, Sie m\u00fcssen den Grill nicht extra anheizen. Der Vorgang dauert etwa 15\u201320 Minuten. Wenn Sie eine Stahlpfanne haben und sie im Freien aufbewahren, ist die Gefahr des Rostens gr\u00f6\u00dfer. Um dies zu verhindern, empfehlen wir, die Stahlpfanne an einem trockenen Ort aufzubewahren, insbesondere im Winter.<\/p>\n<p>&nbsp;<\/p>\n<p><b>Anweisungen bei m\u00f6glichen St\u00f6rungen und was in diesem Fall zu tun:<\/b><\/p>\n<table>\n<tbody>\n<tr>\n<td><b>\u00a0 St\u00f6rung:<\/b><\/td>\n<td><b>\u00a0 Grund\/Ursache:\u00a0<\/b><\/td>\n<td><b>\u00a0 Was zu tun:<\/b><\/td>\n<\/tr>\n<tr>\n<td>Gasz\u00fcnder z\u00fcndet nicht an: es gibt keinen Funken.<\/td>\n<td>Batterie des Gasz\u00fcnders ist leer.<\/td>\n<td>Tauschen Sie die Batterie des Z\u00fcnders.<\/td>\n<\/tr>\n<tr>\n<td>Flamme unter dem Tastenbox<\/td>\n<td>Verschiedene Gr\u00fcnde: Schmutz in der Gasd\u00fcse, Verstopfung bei Brenner, zu kleine Gasflamme usw.<\/td>\n<td>Entfernen Sie den Gasregulator vom Ballon, lassen Sie das Ger\u00e4t abk\u00fchlen und z\u00fcnden Sie wieder an. Falls die St\u00f6rung sich mehr als dreimal wiederholt, kontaktieren Sie den Verk\u00e4ufer oder Hersteller des Ger\u00e4ts.<\/td>\n<\/tr>\n<tr>\n<td>Gasz\u00fcnder \u00a0z\u00fcndet nicht an: es gibt Funken \u00a0\u00a0\u00a0.<\/td>\n<td>Gasventile sind nicht ge\u00f6ffnet.<\/td>\n<td>Pr\u00fcfen Sie Gasventile.<\/td>\n<\/tr>\n<tr>\n<td>Gasflamme geht nicht auf oder verl\u00f6scht st\u00e4ndig.<\/td>\n<td>Falsche Anwendung, \u00a0starker Wind oder leerer Gasballon.<\/td>\n<td>Sehen Sie in der Gebrauchsanweisung unter: \u201dAnz\u00fcnden und Anwendung\u201d. Bei starkem Wind suchen Sie einen schattigen Platz oder verwenden Sie zum Windschutz ein Zelt o.\u00e4. \u00a0\u00a0\u00a0Pr\u00fcfen Sie, dass der Gasballon nicht leer ist.<\/td>\n<\/tr>\n<tr>\n<td>Gasflanne ist gelb.<\/td>\n<td>Gasballon ist bald leer oder \u00a0Luftventil des Brenners ist schmutzig.<\/td>\n<td>Pr\u00fcfen Sie, ob es im Ballon genug Gas ist. Pr\u00fcfen Sie die Ventile des Gasbrenners (befinden sich gerade unter dem Tastendeckel), n\u00f6tigenfalls entfernen Sie Schmutz.<\/td>\n<\/tr>\n<tr>\n<td>Pfanne wackelt auf den F\u00fcssen.<\/td>\n<td>Befestigungsbolzen der F\u00fcsse sind nicht zu.<\/td>\n<td>Befestigen Sie die Bolzen.<\/td>\n<\/tr>\n<tr>\n<td>Gasregulator vereinigt sich nicht mit dem Gasballon.<\/td>\n<td>Falsche Montage.<\/td>\n<td>Machen Sie sich mit der Gebrauchsanweisung des Regulators bekannt.<\/td>\n<\/tr>\n<\/tbody>\n<\/table>\n<p><b>Garantie:<\/b><\/p>\n<ol>\n<li>Das Ger\u00e4t und dessen Details haben eine 24-monatige \u00a0\u00a0Herstellungs- und \u00a0Materialgarantie. Die Garantie gilt nur bei Vorlegung der Originalkaufunterlagen.<\/li>\n<li>Garantie umfasst nicht das Anwendungslehren des Ger\u00e4ts, Pflege, Reinigung, Wiederherstellung des kommerziellen Aussehens und \u00a0Beseitigung solcher M\u00e4ngel, die von falscher Anwendung des Ger\u00e4ts verursacht sind.<\/li>\n<li>Die Garantie umfasst keine normale Abnutzung, Verrostung der Teile und Beseitigung der Fehler, die davon ausgehen. Genauso unwichtige M\u00e4ngel vom Standpunkt der zweckm\u00e4ssigen Benutzung (Kratzer usw.)<\/li>\n<li>Wenn w\u00e4hrend der Garantiezeit Mangel bei Ger\u00e4t oder bei einem Teil des Ger\u00e4ts offenbar wird, kontaktieren Sie den Verk\u00e4ufer des Produkts.<\/li>\n<\/ol>\n","protected":false},"excerpt":{"rendered":"<p>Bedienungsanleitung\/Garantiebedingungen:\u00a0 (Modellen PRO-960, PRO-960-3, PRO-960i, PRO-915, PRO-720, PRO-720i, PRO-675, PRO-580, PRO-580i, PRO-545, PRO-460, PRO-460i, PRO-450, PRO-545-CAT, PRO-545i-CAT, PRO-450-CAT, PRO-450i-CAT, Basic-580, Basic-720, Basic-960) Wichtig! Vor der Anwendung des Ger\u00e4ts machen Sie sich mit der Bedienungsanleitung bekannt. Das Ger\u00e4t ist nur im Freien verwendbar. Das Ger\u00e4t funktioniert mit Erdgas zum Grillen. Sicherheitsanforderungen: Das Ger\u00e4t soll nicht ohne [&hellip;]<\/p>\n","protected":false},"author":1,"featured_media":0,"parent":5326,"menu_order":0,"comment_status":"closed","ping_status":"closed","template":"","meta":{"footnotes":""},"class_list":["post-5303","page","type-page","status-publish","hentry"],"_links":{"self":[{"href":"https:\/\/www.grillsymbol.com\/de\/wp-json\/wp\/v2\/pages\/5303","targetHints":{"allow":["GET"]}}],"collection":[{"href":"https:\/\/www.grillsymbol.com\/de\/wp-json\/wp\/v2\/pages"}],"about":[{"href":"https:\/\/www.grillsymbol.com\/de\/wp-json\/wp\/v2\/types\/page"}],"author":[{"embeddable":true,"href":"https:\/\/www.grillsymbol.com\/de\/wp-json\/wp\/v2\/users\/1"}],"replies":[{"embeddable":true,"href":"https:\/\/www.grillsymbol.com\/de\/wp-json\/wp\/v2\/comments?post=5303"}],"version-history":[{"count":0,"href":"https:\/\/www.grillsymbol.com\/de\/wp-json\/wp\/v2\/pages\/5303\/revisions"}],"up":[{"embeddable":true,"href":"https:\/\/www.grillsymbol.com\/de\/wp-json\/wp\/v2\/pages\/5326"}],"wp:attachment":[{"href":"https:\/\/www.grillsymbol.com\/de\/wp-json\/wp\/v2\/media?parent=5303"}],"curies":[{"name":"wp","href":"https:\/\/api.w.org\/{rel}","templated":true}]}}