{"id":5317,"date":"2017-05-04T06:06:29","date_gmt":"2017-05-04T06:06:29","guid":{"rendered":"https:\/\/www.grillsymbol.com\/click-and-cook\/"},"modified":"2017-05-18T05:17:20","modified_gmt":"2017-05-18T05:17:20","slug":"click-and-cook","status":"publish","type":"page","link":"https:\/\/www.grillsymbol.com\/de\/ueber-die-materialien-und-bodenformen-der-pfannen\/click-and-cook\/","title":{"rendered":"&#8222;Click and Cook&#8220; \u2013 Anz\u00fcndung mit Batterie"},"content":{"rendered":"<p>Innovative und unikale L\u00f6sung bei Pfannen der GrillSymbol PRO-Serie (geh\u00f6rt zur Standardausr\u00fcstung aller Produkte der PRO-Serie ausser 460 Modellen)<\/p>\n<p><b>Zur Anz\u00fcndung des Gasbrenners brauchen Sie keine Streichh\u00f6lzer oder Anz\u00fcnder mehr.<\/b> Sie verbrennen sich bei Anz\u00fcndung Ihre Finger nicht mehr, wie es beim Z\u00fcnden mit Streichh\u00f6lzern passieren kann, besonders bei leistungsf\u00e4higen Brennern (10-25 kw). Wir haben Erfahrungen gemacht, dass auch Berufsk\u00f6che Bequemlichkeit der \u201eClick and cook\u201c bevorzugen, obwohl sie viel Erfahrung mit Streichh\u00f6lzern haben.<\/p>\n<p>Das unikale \u201eClick und Cook\u201c System von GrillSymbol macht das Leben des Pfannbenutzers leichter und bequemer.<\/p>\n<p>Das Ger\u00e4t funktioniert mit AA-Batterie. Batterie ist leicht umzutauschen (normalerweise alle paar Jahre) \u2013 Sie m\u00fcssen nur den Knopf des Anz\u00fcnders aufdrehen und die Batterie wechseln.<\/p>\n<p>Anz\u00fcndung ist sicher. Der Sicherheitstest ist im Laufe der Konformit\u00e4tsbewertung vom Inspecta Group durchgef\u00fchrt:\u00a0<a href=\"https:\/\/www.inspecta.com\/\">www.inspecta.com<\/a> .<\/p>\n","protected":false},"excerpt":{"rendered":"<p>Innovative und unikale L\u00f6sung bei Pfannen der GrillSymbol PRO-Serie (geh\u00f6rt zur Standardausr\u00fcstung aller Produkte der PRO-Serie ausser 460 Modellen) Zur Anz\u00fcndung des Gasbrenners brauchen Sie keine Streichh\u00f6lzer oder Anz\u00fcnder mehr. Sie verbrennen sich bei Anz\u00fcndung Ihre Finger nicht mehr, wie es beim Z\u00fcnden mit Streichh\u00f6lzern passieren kann, besonders bei leistungsf\u00e4higen Brennern (10-25 kw). Wir haben [&hellip;]<\/p>\n","protected":false},"author":1,"featured_media":0,"parent":5326,"menu_order":0,"comment_status":"closed","ping_status":"closed","template":"","meta":{"footnotes":""},"class_list":["post-5317","page","type-page","status-publish","hentry"],"_links":{"self":[{"href":"https:\/\/www.grillsymbol.com\/de\/wp-json\/wp\/v2\/pages\/5317","targetHints":{"allow":["GET"]}}],"collection":[{"href":"https:\/\/www.grillsymbol.com\/de\/wp-json\/wp\/v2\/pages"}],"about":[{"href":"https:\/\/www.grillsymbol.com\/de\/wp-json\/wp\/v2\/types\/page"}],"author":[{"embeddable":true,"href":"https:\/\/www.grillsymbol.com\/de\/wp-json\/wp\/v2\/users\/1"}],"replies":[{"embeddable":true,"href":"https:\/\/www.grillsymbol.com\/de\/wp-json\/wp\/v2\/comments?post=5317"}],"version-history":[{"count":0,"href":"https:\/\/www.grillsymbol.com\/de\/wp-json\/wp\/v2\/pages\/5317\/revisions"}],"up":[{"embeddable":true,"href":"https:\/\/www.grillsymbol.com\/de\/wp-json\/wp\/v2\/pages\/5326"}],"wp:attachment":[{"href":"https:\/\/www.grillsymbol.com\/de\/wp-json\/wp\/v2\/media?parent=5317"}],"curies":[{"name":"wp","href":"https:\/\/api.w.org\/{rel}","templated":true}]}}