{"id":5319,"date":"2017-05-04T06:03:33","date_gmt":"2017-05-04T06:03:33","guid":{"rendered":"https:\/\/www.grillsymbol.com\/triple-windshield-protection-from-wind\/"},"modified":"2017-06-20T12:03:02","modified_gmt":"2017-06-20T12:03:02","slug":"triple-windshield-schutz-gegen-wind","status":"publish","type":"page","link":"https:\/\/www.grillsymbol.com\/de\/ueber-die-materialien-und-bodenformen-der-pfannen\/triple-windshield-schutz-gegen-wind\/","title":{"rendered":"\u201cTriple Windshield\u201d- Schutz gegen Wind"},"content":{"rendered":"<p>Gasbrenner und Wind passen nicht gut zusammen. Ohne jeden Schutz ist es sehr schwer, \u00a0im Freien mit einem Gasbrenner bequem zu kochen. Sogar ein Windschutzring um den Brenner braucht nicht genug Schutz zu bieten und so kann es oft passieren, dass \u00a0Gasfeuer vom Wind verl\u00f6scht wird.<\/p>\n<p>Wie auch der Name sagt, gibt Triple Windschield dreifachen Schutz gegen Wind \u2013 von Seiten ist doppelter Schutz garantiert. Auch der Boden ist gesch\u00fctzt: perforierte Bodenplatte gibt Schutz gegen Wind und gew\u00e4hrleistet gleichzeitig gen\u00fcgenden Luftzug.<\/p>\n<p>Diese L\u00f6sung reduziert auch Gasverbrauch, weil die Hitze unter der Pfanne (innerhalb des Windschutzes) gehalten wird und nur geringer Teil davon durch Luftklappen in die Atmosph\u00e4re fliegt. Da der Wind dem Gasbrenner jetzt nur einen geringen Einfluss hat, bleibt sowohl Gasflamme als auch Pfannenemperatur gleichm\u00e4ssig.<\/p>\n<p>Triple Windschield \u2013 eine smarte und sparsame L\u00f6sung, die bei jedem Wetter funktioniert.<\/p>\n<p>&nbsp;<\/p>\n<p>&nbsp;<\/p>\n<ul>\n<li><b>Vorteile der Podukte von GrillSymbol PRO-Serie: \u00a0<\/b><\/li>\n<\/ul>\n<p>&nbsp;<\/p>\n<ul>\n<li>Sicherheit vor allem \u2013 Produkt entspricht den CE-Forderungen<\/li>\n<li>Pfanne mit hohem Rand erm\u00f6glicht Braten, Backen, Schmoren und Kochen<\/li>\n<li>\u201cTriple Windshield\u201d- dreifacher Schutz gegen Wind<\/li>\n<li>\u201eTriple Windshield\u201d- W\u00e4rme wird gleich auf die Pfanne geleitet und verstreut sich nicht<\/li>\n<li>\u201eTriple Windshield\u201d- \u00a0weniger Gasverbrauch<\/li>\n<li>\u201cClick and Cook\u201d- Anz\u00fcndung mit einer Batterie \u2013 vergessen Sie Streichh\u00f6lzer<\/li>\n<li>Fester Kontruktion und F\u00fcsse &#8211; \u00a0das Ger\u00e4t ist stabil<\/li>\n<li>Windschutz und F\u00fcsse aus Edelstahl \u2013 \u00a0verrosten nicht und sind leicht zu pflegen<\/li>\n<li>Komplettl\u00f6sung \u2013 im Satz gibt es auch einen Gasregulator und \u00a0Gasschlauch<\/li>\n<li>Sofort brauchbar \u2013 alles komplett \u00a0und f\u00fcr Montage brauchen Sie nur 2 Minuten<\/li>\n<li>&#8222;Smart Pan&#8220; \u2013 Brenner und Windschutzteile \u00a0bei verschiedenen Pfannen verwendbar<\/li>\n<li>In Nordeuropa getestet und ausgearbeitet, in Estland hergestellt<\/li>\n<li>GrillSymbol \u2013 schon 18 Jahre auf dem Markt<\/li>\n<\/ul>\n<p>&nbsp;<\/p>\n","protected":false},"excerpt":{"rendered":"<p>Gasbrenner und Wind passen nicht gut zusammen. Ohne jeden Schutz ist es sehr schwer, \u00a0im Freien mit einem Gasbrenner bequem zu kochen. Sogar ein Windschutzring um den Brenner braucht nicht genug Schutz zu bieten und so kann es oft passieren, dass \u00a0Gasfeuer vom Wind verl\u00f6scht wird. Wie auch der Name sagt, gibt Triple Windschield dreifachen [&hellip;]<\/p>\n","protected":false},"author":1,"featured_media":0,"parent":5326,"menu_order":0,"comment_status":"closed","ping_status":"closed","template":"","meta":{"footnotes":""},"class_list":["post-5319","page","type-page","status-publish","hentry"],"_links":{"self":[{"href":"https:\/\/www.grillsymbol.com\/de\/wp-json\/wp\/v2\/pages\/5319","targetHints":{"allow":["GET"]}}],"collection":[{"href":"https:\/\/www.grillsymbol.com\/de\/wp-json\/wp\/v2\/pages"}],"about":[{"href":"https:\/\/www.grillsymbol.com\/de\/wp-json\/wp\/v2\/types\/page"}],"author":[{"embeddable":true,"href":"https:\/\/www.grillsymbol.com\/de\/wp-json\/wp\/v2\/users\/1"}],"replies":[{"embeddable":true,"href":"https:\/\/www.grillsymbol.com\/de\/wp-json\/wp\/v2\/comments?post=5319"}],"version-history":[{"count":0,"href":"https:\/\/www.grillsymbol.com\/de\/wp-json\/wp\/v2\/pages\/5319\/revisions"}],"up":[{"embeddable":true,"href":"https:\/\/www.grillsymbol.com\/de\/wp-json\/wp\/v2\/pages\/5326"}],"wp:attachment":[{"href":"https:\/\/www.grillsymbol.com\/de\/wp-json\/wp\/v2\/media?parent=5319"}],"curies":[{"name":"wp","href":"https:\/\/api.w.org\/{rel}","templated":true}]}}