{"id":5324,"date":"2017-05-04T06:00:30","date_gmt":"2017-05-04T06:00:30","guid":{"rendered":"https:\/\/www.grillsymbol.com\/about-safety\/"},"modified":"2017-06-20T12:02:21","modified_gmt":"2017-06-20T12:02:21","slug":"grillsymbol-ce1336-10","status":"publish","type":"page","link":"https:\/\/www.grillsymbol.com\/de\/ueber-die-materialien-und-bodenformen-der-pfannen\/grillsymbol-ce1336-10\/","title":{"rendered":"GrillSymbol CE1336-10"},"content":{"rendered":"<h5>Produkte von GrillSymbol sind sicher.<\/h5>\n<p>Alle Produkte der PRO-Linie haben CE-Zertifikat auf Grund der Direktive 2<i>009\/142\/EC<\/i> und tragen <i>Kennzeichennummer<\/i> <i>CE1336-10. <\/i>Die Konformit\u00e4tsbewertung \u00a0wurde vom Inspecta Group durchgef\u00fchrt: \u00a0<a href=\"https:\/\/www.inspecta.com\/\">www.inspecta.com<\/a><\/p>\n<p>Aus Sicherheitsgr\u00fcnden sind Produkte von PRO-Linie so hergestellt, dass die Seitenpaneele f\u00fcr Windschutz \u00a0w\u00e4hrend der Heizung nicht heiss wird, so ist zuf\u00e4llige Verbrennung ausgeschlossen.<\/p>\n<p>&nbsp;<\/p>\n<p>Mit Produkten sind folgende Sicherheitstests durchgef\u00fchrt:<\/p>\n<p>&nbsp;<\/p>\n<ol>\n<li>Temperaturtest: Seitenpaneele f\u00fcr Windschutz darf w\u00e4hrend der Arbeit nicht mehr als +60C w\u00e4rmer als Aussentemperatur werden. Dass heisst, bei gew\u00f6hnlichem n\u00f6rdlichen Sommerwetter \u00a0+20 C darf \u00a0die maximale Temperatur der Seitenpaneele bis +80 C sein. \u201eTriple Windschield\u201c der PRO- Linie ist eine sichere L\u00f6sung gegen zuf\u00e4llige Verbrennungen.<\/li>\n<li>Stabilit\u00e4tstest: die F\u00fcsse und Tragkonstruktionen der Pfanne sind genug stark, damit auch gef\u00fcllte Pfanne stabil ist und nicht \u00a0auf den F\u00fcssen zittert und wackelt.<\/li>\n<li>Anz\u00fcndetest: \u201cClick and Cook\u201d ist eine unikale L\u00f6sung zur Anz\u00fcndung des Gasfeuers mit einer Batterie. So k\u00f6nnen Sie Gasfeuer mit einem Knopfdr\u00fccken anz\u00fcnden. (geh\u00f6rt zur \u00a0Standardausr\u00fcstung aller Produkte der PRO- Linie ausser 460 Modellen)<\/li>\n<\/ol>\n<p>&nbsp;<\/p>\n<p>Inspecta Group:\u00a0<a href=\"https:\/\/www.inspecta.com\/\">www.inspecta.com<\/a><\/p>\n","protected":false},"excerpt":{"rendered":"<p>Produkte von GrillSymbol sind sicher. Alle Produkte der PRO-Linie haben CE-Zertifikat auf Grund der Direktive 2009\/142\/EC und tragen Kennzeichennummer CE1336-10. Die Konformit\u00e4tsbewertung \u00a0wurde vom Inspecta Group durchgef\u00fchrt: \u00a0www.inspecta.com Aus Sicherheitsgr\u00fcnden sind Produkte von PRO-Linie so hergestellt, dass die Seitenpaneele f\u00fcr Windschutz \u00a0w\u00e4hrend der Heizung nicht heiss wird, so ist zuf\u00e4llige Verbrennung ausgeschlossen. &nbsp; Mit Produkten [&hellip;]<\/p>\n","protected":false},"author":1,"featured_media":0,"parent":5326,"menu_order":0,"comment_status":"closed","ping_status":"closed","template":"","meta":{"footnotes":""},"class_list":["post-5324","page","type-page","status-publish","hentry"],"_links":{"self":[{"href":"https:\/\/www.grillsymbol.com\/de\/wp-json\/wp\/v2\/pages\/5324","targetHints":{"allow":["GET"]}}],"collection":[{"href":"https:\/\/www.grillsymbol.com\/de\/wp-json\/wp\/v2\/pages"}],"about":[{"href":"https:\/\/www.grillsymbol.com\/de\/wp-json\/wp\/v2\/types\/page"}],"author":[{"embeddable":true,"href":"https:\/\/www.grillsymbol.com\/de\/wp-json\/wp\/v2\/users\/1"}],"replies":[{"embeddable":true,"href":"https:\/\/www.grillsymbol.com\/de\/wp-json\/wp\/v2\/comments?post=5324"}],"version-history":[{"count":0,"href":"https:\/\/www.grillsymbol.com\/de\/wp-json\/wp\/v2\/pages\/5324\/revisions"}],"up":[{"embeddable":true,"href":"https:\/\/www.grillsymbol.com\/de\/wp-json\/wp\/v2\/pages\/5326"}],"wp:attachment":[{"href":"https:\/\/www.grillsymbol.com\/de\/wp-json\/wp\/v2\/media?parent=5324"}],"curies":[{"name":"wp","href":"https:\/\/api.w.org\/{rel}","templated":true}]}}