{"id":7228,"date":"2020-04-23T11:18:26","date_gmt":"2020-04-23T11:18:26","guid":{"rendered":"https:\/\/www.grillsymbol.com\/ueber-die-materialien-und-bodenformen-der-pfannen\/cor-ten-steel-products-seasoning-instructions\/"},"modified":"2024-02-15T13:37:49","modified_gmt":"2024-02-15T13:37:49","slug":"corten-alterungsprozess","status":"publish","type":"page","link":"https:\/\/www.grillsymbol.com\/de\/ueber-die-materialien-und-bodenformen-der-pfannen\/corten-alterungsprozess\/","title":{"rendered":"Corten Alterungsprozess"},"content":{"rendered":"<p>Sie haben das Produkt von GrillSymbol oder Petteri Wiimaa erhalten und es sieht nicht wie auf dem Bild aus? Keine Sorge, hier empfehlen wir Ihnen, wie Sie Cor-Ten Stahl so behandeln, dass es wie auf den Bildern aussieht.<\/p>\n<p><strong>Was ist wetterfester Stahl?<\/strong><\/p>\n<p>Wetterfeste St\u00e4hle Corten und S355JOWP. Beide sind \u00e4u\u00dferst starke Baust\u00e4hle, die au\u00dfergew\u00f6hnlich wetterfest sind. Die chemische Zusammensetzung des Stahls erm\u00f6glicht es eine Schicht Patina zu schaffen, die das Produkt so bedeckt, dass die mechanischen Eigenschaften von Stahl sich nicht \u00e4ndern. So eine nat\u00fcrliche Rostschicht dient nicht nur als Schutz vor Wettereinschl\u00fcsse, sondern ergibt auch einzigartig auffallendes Endergebnis. Dank seiner Langlebigkeit ist wetterfester Stahl umweltfreundlicher als \u00fcblicher Stahl. Die Produkte aus wetterfestem Stahl k\u00f6nnen rund ums Jahr drau\u00dfen stehen.<\/p>\n<p><strong>Was ist zu tun?<\/strong><\/p>\n<p>Brandneu sind Corten und S355JOWP Stahl grau wie \u00fcblicher Kohlenstoffstahl. Durch Wettereinfl\u00fcsse wird die Oberfl\u00e4che erstmal r\u00f6tlich-braun (\u00e4hnelt der Farbe von Rost), die dann mit der Zeit dunkler wird. Die rotbraune Patina ist nat\u00fcrlicher Schutzschicht, die \u00e4hnlich zu Rost ist. Es verhindert de weitere Korrosion und verl\u00e4ngert die Lebensdauer des Produktes. Wenn wetterfester Stahl feucht wird, dann wird es dicker. Im Gegensatz dazu wird aber der \u00fcbliche Kohlenstoffstahl d\u00fcnner.<\/p>\n<p><u>Es gibt zwei M\u00f6glichkeiten, wie die Oberfl\u00e4che altern k\u00f6nnen: normaler Rostprozess oder schneller Rostprozess.<\/u><\/p>\n<p><strong>Normaler Prozess<\/strong> ist einfach: Cor-Ten-Produkt drau\u00dfen stehen lassen, Regen und Luftfeuchtigkeit lassen es rosten. Die Stahlfl\u00e4chen sind mit L\u00f6sungsmittel gereinigt, und somit f\u00fcr Rostprozess vorbereitet. Abh\u00e4ngig von den Umst\u00e4nden, erscheint der Rost in 1-3 Wochen. Gew\u00f6hnlich bildet der Rostschicht sich in etwa 3\u20135 Monaten und ist abh\u00e4nglich von Wetterbedingungen und Klima des Standortes. Um diesen Prozess zu beschleunigen kann das Produkt mit Salzwasser behandelt werden.<\/p>\n<p><strong>Schneller Prozess<\/strong> (Achtung! Beschleunigungsprozess kann nur auf eigene Verantwortung vorgenommen werden!) besteht darin, die Metalloberfl\u00e4chen mit Kochsalzl\u00f6sung bespr\u00fchen. Dies sollte 5-6 Mal wiederholt werden. Die L\u00f6sung muss schwach sein, etwa einen Teel\u00f6ffel Salz pro Liter Wasser. Salz in warmem Wasser aufl\u00f6sen und Spr\u00fchen. Keine weitere Behandlung ist n\u00f6tig, Regen w\u00e4scht \u00fcberfl\u00fcssiges Salz ab. Das Produkt darf nach Bearbeitung mit Salzwasser nicht in den trocknen Bedingungen stehen wie z.B. in den Innenr\u00e4umen oder unterm Dach. Es soll wiederholt gesp\u00fclt werden, am besten soll es im Regen oder unter einem Gartensprenger stehen.<\/p>\n<p><u>Cor-Ten Stahl und Flecken<\/u>: in dem ersten Jahr, w\u00e4hrend das Produkt die Rostschicht erzeugt, kann es f\u00e4rben und es k\u00f6nnen Rostflecken entstehen. Wenn Sie Cor-Ten-Stahlprodukt auf einer Holzterrasse setzen, f\u00e4rbt dieser den Bereich unter dem Produkt. Wenn nun Produkt bewegt wird, kann dieser Bereich mit Metallb\u00fcrste gereinigt werden. Bei einigen Steinfl\u00e4chen kann es dazu kommen, dass Rost absorbiert wird und es k\u00f6nnen braune Flecken entstehen, die nicht zu entfernen sind. Daher empfehlen wir, das Produkt erstmal nicht auf Terrasse oder empfindliche Steine zu stellen oder etwas darunter zu legen. Nach dem ersten Jahr f\u00e4rbt Cor-Ten Stahl nur noch ganz wenig. Der Hersteller \u00fcbernimmt keine Verantwortung f\u00fcr die Beseitigung der Merkmale (wie m\u00f6gliche Rostflecken), die auf die Besonderheiten des Materials zur\u00fcckzuf\u00fchren sind. Um die Verschmutzung zu minimieren, stehen die Blument\u00f6pfe und Beh\u00e4lter mit Boden je nach Modell auf M6-M10 Bolzenk\u00f6pfe in H\u00f6he 6 bis 10 mm. Eine solche L\u00f6sung schafft einen Luftspalt zwischen Produkt und dem (glatten) Untergrund, wodurch der Untergrund geschont und Lebensdauer des Produktes verl\u00e4ngert wird.<\/p>\n<p>Wenn Sie GrillSymbol oder Petteri Wiimaa Produkte im Innenbereich verwenden oder den Rostprozess verlangsamen m\u00f6chten, dann empfiehlt sich daf\u00fcr die Verwendung von Rost\u00f6l Owatrol 732SK.<\/p>\n<p>Blument\u00f6pfe und Blumenkasten, wo rund ums Jahr die Erde drin ist: wir empfehlen als untersten Schicht Schotter mit Durchmesser 10\u201320 mm. Hersteller empfiehlt es nicht die Blument\u00f6pfe direkt auf Erde oder Rasen zu stellen, denn zu viel Feuchtigkeit und direkte Kontakt mit der Grundlage k\u00f6nnen zu unebenen Rostschicht f\u00fchren.<\/p>\n","protected":false},"excerpt":{"rendered":"<p>Sie haben das Produkt von GrillSymbol oder Petteri Wiimaa erhalten und es sieht nicht wie auf dem Bild aus? Keine Sorge, hier empfehlen wir Ihnen, wie Sie Cor-Ten Stahl so behandeln, dass es wie auf den Bildern aussieht. Was ist wetterfester Stahl? Wetterfeste St\u00e4hle Corten und S355JOWP. Beide sind \u00e4u\u00dferst starke Baust\u00e4hle, die au\u00dfergew\u00f6hnlich wetterfest [&hellip;]<\/p>\n","protected":false},"author":1,"featured_media":0,"parent":5326,"menu_order":0,"comment_status":"closed","ping_status":"closed","template":"","meta":{"footnotes":""},"class_list":["post-7228","page","type-page","status-publish","hentry"],"_links":{"self":[{"href":"https:\/\/www.grillsymbol.com\/de\/wp-json\/wp\/v2\/pages\/7228","targetHints":{"allow":["GET"]}}],"collection":[{"href":"https:\/\/www.grillsymbol.com\/de\/wp-json\/wp\/v2\/pages"}],"about":[{"href":"https:\/\/www.grillsymbol.com\/de\/wp-json\/wp\/v2\/types\/page"}],"author":[{"embeddable":true,"href":"https:\/\/www.grillsymbol.com\/de\/wp-json\/wp\/v2\/users\/1"}],"replies":[{"embeddable":true,"href":"https:\/\/www.grillsymbol.com\/de\/wp-json\/wp\/v2\/comments?post=7228"}],"version-history":[{"count":0,"href":"https:\/\/www.grillsymbol.com\/de\/wp-json\/wp\/v2\/pages\/7228\/revisions"}],"up":[{"embeddable":true,"href":"https:\/\/www.grillsymbol.com\/de\/wp-json\/wp\/v2\/pages\/5326"}],"wp:attachment":[{"href":"https:\/\/www.grillsymbol.com\/de\/wp-json\/wp\/v2\/media?parent=7228"}],"curies":[{"name":"wp","href":"https:\/\/api.w.org\/{rel}","templated":true}]}}