{"id":11302,"date":"2021-02-15T05:00:04","date_gmt":"2021-02-15T05:00:05","guid":{"rendered":"https:\/\/www.grillsymbol.com\/?post_type=product&#038;p=11302"},"modified":"2023-12-13T13:43:13","modified_gmt":"2023-12-13T13:43:13","slug":"grillsymbol-cataplana-set-pro-545-inox-cat","status":"publish","type":"product","link":"https:\/\/www.grillsymbol.com\/de\/shop\/wok-gasbrenner\/grillsymbol-cataplana-set-pro-545-inox-cat\/","title":{"rendered":"GrillSymbol Cataplana-Set PRO-545 inox CAT"},"content":{"rendered":"<p>&nbsp;<\/p>\n<ul>\n<li>Material: 3 mm Edelstahl<\/li>\n<li>Durchmesser: 54 cm<\/li>\n<li>Gesamth\u00f6he: 85 cm<\/li>\n<li>Tiefe: 10 cm<\/li>\n<li>Kapazit\u00e4t: 20 Portionen<\/li>\n<li>Gewicht: Pfanne 9 kg, insgesamt 22 kg<\/li>\n<li>Brenner:\u00a011,4 KW, Durchmesser 40 cm, 2-Ringe<\/li>\n<li>Beide Ringe der Brenner k\u00f6nnen getrennt reguliert werden<\/li>\n<li>Der Brenner hat einen batteriegetriebenen Elektroz\u00fcnder<\/li>\n<li>Gasverbrauch: bei Vollleistung 1 kg \/ h, in Normalbedingungen 0,3-0,6 kg \/ h<\/li>\n<li>Achtung! Die passende D\u00fcse wird in dem Betrieb komplektiert und entspricht die Voraussetzungen im Zielland der Bestellung<\/li>\n<li>Dreifach Windschutz<\/li>\n<li>Beine sind abnehmbar und werden mit Fl\u00fcgelbolzen befestigt<\/li>\n<li>Gas Regler und Schlauch sind nicht im Set enthalten!<\/li>\n<li>Sicher und zertifiziert: CE 1336-10<\/li>\n<\/ul>\n","protected":false},"excerpt":{"rendered":"<p><strong>Die GrillSymbol Cataplana ist eine Mischung von Cataplana und Wokpfanne.<\/strong> Die Wokpfanne mit dem gew\u00f6lbten Boden und der Cataplana Deckel bilden eine Pfanne, die wie eine traditionelle Cataplana funktioniert. Die GrillSymbol Cataplanas haben keine Befestigungswinkel am Deckel und k\u00f6nnen so mit verschiedenem Gasbrenner verwendet werden. Das macht diese Pfannen multifunktional: die tiefe Stahlpfanne aus dem rostfreien Stahl mit einem dicken Boden (3 mm) und leichten Aluminiumdeckel funktioniert wie eine Cataplana-Pfanne und ohne Deckel wie eine Wok-Pfanne.<\/p>\n<p>Aufgrund ihrer Konkavit\u00e4t k\u00f6nnen in der Pfanne viele unterschiedliche Gerichte aus mediterraner und japanischer K\u00fcche zubereitet werden. Auch kann es als Fritteuse verwendet werden: zum Kochen von Churros, Bu\u00f1uelos, Tempura, Fr\u00fchlingsrollen usw. Hier k\u00f6nnen auch unterschiedliche Suppen gekocht werden.<\/p>\n","protected":false},"featured_media":13797,"comment_status":"open","ping_status":"closed","template":"","meta":{"footnotes":""},"class_list":["post-11302","product","type-product","status-publish","has-post-thumbnail","hentry","product_cat-wok-gasbrenner"],"_links":{"self":[{"href":"https:\/\/www.grillsymbol.com\/de\/wp-json\/wp\/v2\/product\/11302","targetHints":{"allow":["GET"]}}],"collection":[{"href":"https:\/\/www.grillsymbol.com\/de\/wp-json\/wp\/v2\/product"}],"about":[{"href":"https:\/\/www.grillsymbol.com\/de\/wp-json\/wp\/v2\/types\/product"}],"replies":[{"embeddable":true,"href":"https:\/\/www.grillsymbol.com\/de\/wp-json\/wp\/v2\/comments?post=11302"}],"version-history":[{"count":0,"href":"https:\/\/www.grillsymbol.com\/de\/wp-json\/wp\/v2\/product\/11302\/revisions"}],"wp:featuredmedia":[{"embeddable":true,"href":"https:\/\/www.grillsymbol.com\/de\/wp-json\/wp\/v2\/media\/13797"}],"wp:attachment":[{"href":"https:\/\/www.grillsymbol.com\/de\/wp-json\/wp\/v2\/media?parent=11302"}],"curies":[{"name":"wp","href":"https:\/\/api.w.org\/{rel}","templated":true}]}}