{"id":11396,"date":"2021-02-22T06:27:34","date_gmt":"2021-02-22T06:27:35","guid":{"rendered":"https:\/\/www.grillsymbol.com\/?post_type=product&#038;p=11396"},"modified":"2022-02-11T15:20:42","modified_gmt":"2022-02-11T15:20:42","slug":"grillsymbol-paella-pfanne-fp-580-basic-%e2%88%85-58-cm","status":"publish","type":"product","link":"https:\/\/www.grillsymbol.com\/de\/shop\/paella-und-wok-pfannen\/grillsymbol-paella-pfanne-fp-580-basic-%e2%88%85-58-cm\/","title":{"rendered":"GrillSymbol Paella Pfanne FP-580 Basic, \u2205 58 cm"},"content":{"rendered":"<p><!-- [if gte mso 9]&gt;--><\/p>\n<p>Normal<br \/>\n0<\/p>\n<p>21<\/p>\n<p>false<br \/>\nfalse<br \/>\nfalse<\/p>\n<p>ET<br \/>\nX-NONE<br \/>\nX-NONE<\/p>\n<p>&nbsp;<\/p>\n<ul type=\"&quot;&quot;disc&quot;&quot;\">\n<li>Material: 3 mm Stahl<\/li>\n<li>Durchmesser: 58 cm<\/li>\n<li>Bodendurchmesser: 49 cm<\/li>\n<li>H\u00f6he der Pfannenseite: 5 cm<\/li>\n<li>Kapazit\u00e4t: ca 12-20 Portionen<\/li>\n<li>Gewicht: 9 kg<\/li>\n<\/ul>\n<p><!-- [if gte mso 9]&gt;--><\/p>\n<p><!-- [if gte mso 10]&gt;--><\/p>\n<p> \/* Style Definitions *\/<br \/> table.MsoNormalTable<br \/>        {mso-style-name:\\&#8220;Table Normal\\&#8220;;<br \/>        mso-tstyle-rowband-size:0;<br \/>        mso-tstyle-colband-size:0;<br \/>        mso-style-noshow:yes;<br \/>        mso-style-priority:99;<br \/>        mso-style-qformat:yes;<br \/>        mso-style-parent:\\&#8220;\\&#8220;;<br \/>        mso-padding-alt:0cm 5.4pt 0cm 5.4pt;<br \/>        mso-para-margin-top:0cm;<br \/>        mso-para-margin-right:0cm;<br \/>        mso-para-margin-bottom:10.0pt;<br \/>        mso-para-margin-left:0cm;<br \/>        line-height:115%;<br \/>        mso-pagination:widow-orphan;<br \/>        font-size:12.0pt;<br \/>        mso-bidi-font-size:11.0pt;<br \/>        font-family:\\&#8220;Times New Roman\\&#8220;,\\&#8220;serif\\&#8220;;<br \/>        mso-bidi-font-family:\\&#8220;Times New Roman\\&#8220;;<br \/>        mso-bidi-theme-font:minor-bidi;<br \/>        mso-ansi-language:SV;<br \/>        mso-fareast-language:EN-US;}<\/p>\n","protected":false},"excerpt":{"rendered":"<p><strong>Paella Pfanne aus Stahl\u00a0<\/strong><\/p>\n<p>FP-580 Basic erm\u00f6glicht Zubereitung allerlei Gerichte sowohl aus vorgebackenem als auch frischen Rohstoff. Sie k\u00f6nnen gleichzeitig 12-20 Portionen zubereiten, dies h\u00e4ngt von dem Gericht ab. Der 5 cm hoher Rand l\u00e4sst auch Essen schmoren und d\u00e4mpfen (unter dem Deckel), was ein gro\u00dfer Vorteil im Vergleich zu Pfannen mit niedrigem Rand ist. Einfach zu pflegen und reinigen. Verwenden Sie nur Ihre Fantasie und bereiten Sie sich ein leckeres Gericht zu! Eignet sich auch f\u00fcr die Benutzung auf offenem Feuer und auf einem Gasbrenner.<\/p>\n","protected":false},"featured_media":16072,"comment_status":"open","ping_status":"closed","template":"","meta":{"footnotes":""},"class_list":["post-11396","product","type-product","status-publish","has-post-thumbnail","hentry","product_cat-paella-und-wok-pfannen"],"_links":{"self":[{"href":"https:\/\/www.grillsymbol.com\/de\/wp-json\/wp\/v2\/product\/11396","targetHints":{"allow":["GET"]}}],"collection":[{"href":"https:\/\/www.grillsymbol.com\/de\/wp-json\/wp\/v2\/product"}],"about":[{"href":"https:\/\/www.grillsymbol.com\/de\/wp-json\/wp\/v2\/types\/product"}],"replies":[{"embeddable":true,"href":"https:\/\/www.grillsymbol.com\/de\/wp-json\/wp\/v2\/comments?post=11396"}],"version-history":[{"count":0,"href":"https:\/\/www.grillsymbol.com\/de\/wp-json\/wp\/v2\/product\/11396\/revisions"}],"wp:featuredmedia":[{"embeddable":true,"href":"https:\/\/www.grillsymbol.com\/de\/wp-json\/wp\/v2\/media\/16072"}],"wp:attachment":[{"href":"https:\/\/www.grillsymbol.com\/de\/wp-json\/wp\/v2\/media?parent=11396"}],"curies":[{"name":"wp","href":"https:\/\/api.w.org\/{rel}","templated":true}]}}