{"id":12141,"date":"2021-07-19T12:15:06","date_gmt":"2021-07-19T12:15:06","guid":{"rendered":"https:\/\/www.grillsymbol.com\/shop\/unkategorisiert\/grillsymbol-zigzag-solid-bbq-griddle\/"},"modified":"2022-04-18T12:02:42","modified_gmt":"2022-04-18T12:02:42","slug":"grillsymbol-grillrost-zigzag-solid","status":"publish","type":"product","link":"https:\/\/www.grillsymbol.com\/de\/shop\/grillzubehor\/grillsymbol-grillrost-zigzag-solid\/","title":{"rendered":"GrillSymbol Grillrost ZigZag Solid"},"content":{"rendered":"<ul>\n<li>Material : 5 mm warmgewaltzter Stahl<\/li>\n<li>Material Griffe: 5 mm warmgewaltzer Stahl<\/li>\n<li>Ma\u00dfe: 50 x 33 cm<\/li>\n<li>Gewicht: 5,3 kg<\/li>\n<\/ul>\n<p>&nbsp;<\/p>\n","protected":false},"excerpt":{"rendered":"<p><strong>Der einzigartig gestaltete ZigZag Solid Grillrost aus 5 mm Stahl<\/strong> ist f\u00fcr Modelle Chef und Chef XL im Set enthalten, d. h. er muss f\u00fcr diese Modelle nicht separat bestellt werden. ZigZag Solid passt von den Ma\u00dfen her auch zu Naked Chef und Naked Chef XL Modells, ist aber nicht im Standard-Set dieser Modelle enthalten.<\/p>\n<p>Das Besondere am ZigZag Solid Grillrost ist das Verh\u00e4ltnis der Metalloberfl\u00e4che zu den Luftspalten, das ein Anbrennen des Fleisches im direkten Feuer verhindert. Aufgrund der Dicke und des Gewichts des Materials speichert der Rost die W\u00e4rme sehr gut. Der ZigZag Grillrost hinterl\u00e4sst ein interessantes Muster auf dem gegrilltem Steak, Fisch oder Gem\u00fcse.<\/p>\n","protected":false},"featured_media":24169,"comment_status":"open","ping_status":"closed","template":"","meta":{"footnotes":""},"class_list":["post-12141","product","type-product","status-publish","has-post-thumbnail","hentry","product_cat-grillzubehor"],"_links":{"self":[{"href":"https:\/\/www.grillsymbol.com\/de\/wp-json\/wp\/v2\/product\/12141","targetHints":{"allow":["GET"]}}],"collection":[{"href":"https:\/\/www.grillsymbol.com\/de\/wp-json\/wp\/v2\/product"}],"about":[{"href":"https:\/\/www.grillsymbol.com\/de\/wp-json\/wp\/v2\/types\/product"}],"replies":[{"embeddable":true,"href":"https:\/\/www.grillsymbol.com\/de\/wp-json\/wp\/v2\/comments?post=12141"}],"version-history":[{"count":0,"href":"https:\/\/www.grillsymbol.com\/de\/wp-json\/wp\/v2\/product\/12141\/revisions"}],"wp:featuredmedia":[{"embeddable":true,"href":"https:\/\/www.grillsymbol.com\/de\/wp-json\/wp\/v2\/media\/24169"}],"wp:attachment":[{"href":"https:\/\/www.grillsymbol.com\/de\/wp-json\/wp\/v2\/media?parent=12141"}],"curies":[{"name":"wp","href":"https:\/\/api.w.org\/{rel}","templated":true}]}}