{"id":12569,"date":"2021-10-13T05:33:24","date_gmt":"2021-10-13T05:33:26","guid":{"rendered":"https:\/\/www.grillsymbol.com\/?post_type=product&#038;p=12569"},"modified":"2023-05-16T13:32:55","modified_gmt":"2023-05-16T13:32:55","slug":"petteri-wiimaa-pflanzkuebel-aus-cortenstahl-freja-smart-2","status":"publish","type":"product","link":"https:\/\/www.grillsymbol.com\/de\/shop\/pflanzkuebeln-aus-cortenstahl\/petteri-wiimaa-pflanzkuebel-aus-cortenstahl-freja-smart-2\/","title":{"rendered":"Petteri Wiimaa Pflanzk\u00fcbel aus Cortenstahl Freja"},"content":{"rendered":"<p>&nbsp;<\/p>\n<ul>\n<li>Material: 2 mm Cortenstahl<\/li>\n<li>Gewicht: 20 kg<\/li>\n<li>Ma\u00dfe: \u00a0100 x 37 x 23 cm (L*B*H)<\/li>\n<li>H\u00f6he mit den F\u00fc\u00dfen: 61 cm<\/li>\n<li>Material F\u00fc\u00dfe: 8 mm Edelstahl, Sohlen Cortenstahl<\/li>\n<li>Am Boden \u00dcberlaufrohr f\u00fcr \u00fcberfl\u00fcssiges Wasser<\/li>\n<li>Beim F\u00fcllen mit Erde als erstes eine Schicht Kies legen (ca. 5 cm), damit die Ablaufl\u00f6cher nicht verstopft werden und die Wurzeln an dem Wasser kommen<\/li>\n<\/ul>\n<p>&nbsp;<\/p>\n<p><strong>Achtung:<\/strong> CorTen-Stahl Pflanzk\u00fcbel werden unbehandelt geliefert und sind grau. Die Kochsalzl\u00f6sung kann den Alterungsprozess beschleunigen. Genauere Infos finden Sie hier:<\/p>\n<p>&nbsp;<\/p>\n<blockquote class=\"wp-embedded-content\" data-secret=\"x8Fvq9Mdni\"><p><a href=\"https:\/\/www.grillsymbol.com\/de\/ueber-die-materialien-und-bodenformen-der-pfannen\/corten-alterungsprozess\/\">Corten Alterungsprozess<\/a><\/p><\/blockquote>\n<p><iframe loading=\"lazy\" class=\"wp-embedded-content\" sandbox=\"allow-scripts\" security=\"restricted\" style=\"position: absolute; clip: rect(1px, 1px, 1px, 1px);\" title=\"&#8222;Corten Alterungsprozess&#8220; &#8212; GrillSymbol\" src=\"https:\/\/www.grillsymbol.com\/de\/ueber-die-materialien-und-bodenformen-der-pfannen\/corten-alterungsprozess\/embed\/#?secret=x8Fvq9Mdni\" data-secret=\"x8Fvq9Mdni\" width=\"600\" height=\"338\" frameborder=\"0\" marginwidth=\"0\" marginheight=\"0\" scrolling=\"no\"><\/iframe><\/p>\n","protected":false},"excerpt":{"rendered":"<p><strong>Design: Petteri Wiimaa<\/strong><\/p>\n<p>Cortenstahl ist fast reiner Kohlenstoffstahl, aber wetterfest behandelt, so dass eine Schutzschicht gegen Wettereinfl\u00fcsse entsteht. Die Oberfl\u00e4che ist anfangs grau, wird aber durch Wettereinfl\u00fcsse r\u00f6tlichbraun (Farbe ist \u00e4hnlich dem Rost), mit der Zeit wird die Farbe etwas dunkler. Bei bestimmungsgem\u00e4\u00dfer Verwendung ist Cor-Ten Stahl ausdrucksstark, pflegefrei und bleibt lang im guten Zustand.<\/p>\n<p>Die Produkte aus Cortenstahl m\u00fcssen im Winter weder in Innenr\u00e4umen gelagert noch bedeckt werden, da der rostfreie Cortenstahl jedem Wetter standh\u00e4lt.<\/p>\n<p>Dar\u00fcber hinaus ist Cortenstahl zu 100% recyclebar und somit ein \u00f6kologisches Material.<\/p>\n<p>Beim Bef\u00fcllen des Blumenkastens mit Erde sollte auf den Boden eine Schicht leichten Kieses (ca. 5 cm) gegeben werden, damit die Erde die Bodenl\u00f6cher nicht verstopft und die Pflanzenwurzeln das Wasser erreichen k\u00f6nnen.<\/p>\n","protected":false},"featured_media":12574,"comment_status":"open","ping_status":"closed","template":"","meta":{"footnotes":""},"class_list":["post-12569","product","type-product","status-publish","has-post-thumbnail","hentry","product_cat-pflanzkuebeln-aus-cortenstahl"],"_links":{"self":[{"href":"https:\/\/www.grillsymbol.com\/de\/wp-json\/wp\/v2\/product\/12569","targetHints":{"allow":["GET"]}}],"collection":[{"href":"https:\/\/www.grillsymbol.com\/de\/wp-json\/wp\/v2\/product"}],"about":[{"href":"https:\/\/www.grillsymbol.com\/de\/wp-json\/wp\/v2\/types\/product"}],"replies":[{"embeddable":true,"href":"https:\/\/www.grillsymbol.com\/de\/wp-json\/wp\/v2\/comments?post=12569"}],"version-history":[{"count":0,"href":"https:\/\/www.grillsymbol.com\/de\/wp-json\/wp\/v2\/product\/12569\/revisions"}],"wp:featuredmedia":[{"embeddable":true,"href":"https:\/\/www.grillsymbol.com\/de\/wp-json\/wp\/v2\/media\/12574"}],"wp:attachment":[{"href":"https:\/\/www.grillsymbol.com\/de\/wp-json\/wp\/v2\/media?parent=12569"}],"curies":[{"name":"wp","href":"https:\/\/api.w.org\/{rel}","templated":true}]}}