{"id":12894,"date":"2021-11-10T09:47:45","date_gmt":"2021-11-10T09:47:46","guid":{"rendered":"https:\/\/www.grillsymbol.com\/?post_type=product&#038;p=12894"},"modified":"2026-03-20T05:18:00","modified_gmt":"2026-03-20T05:18:00","slug":"grillsymbol-holzlager-aus-cortenstahl-woodstock-m-60-37-106-cm","status":"publish","type":"product","link":"https:\/\/www.grillsymbol.com\/de\/shop\/holzlager-aus-cortenstahl\/grillsymbol-holzlager-aus-cortenstahl-woodstock-m-60-37-106-cm\/","title":{"rendered":"GrillSymbol Holzlager aus Cortenstahl WoodStock M 60*37*106 cm"},"content":{"rendered":"<ul>\n<li>Material: 2 mm Cortenstahl<\/li>\n<li>Breite: 60 cm<\/li>\n<li>Tiefe: 37 cm<\/li>\n<li>H\u00f6he: 106 cm<\/li>\n<li>Kapazit\u00e4t: 0,25 m\u00b3 Brennholz<\/li>\n<li>Gewicht: 24 kg<\/li>\n<li>Montagezeit ca. 20-30 min<\/li>\n<li>Im Set Befestigungswinkel zu Fixierung am Untergrund(Holz, Stein usw.)<\/li>\n<\/ul>\n<p>&nbsp;<\/p>\n<p><strong>Achtung:<\/strong> CorTen-Stahl Holzlager werden unbehandelt geliefert und sind grau. Die Kochsalzl\u00f6sung kann den Alterungsprozess beschleunigen.<\/p>\n<p><a href=\"https:\/\/www.grillsymbol.com\/de\/ueber-die-materialien-und-bodenformen-der-pfannen\/corten-alterungsprozess\/\">Genauere Infos finden Sie hier.<\/a><\/p>\n<p>&nbsp;<\/p>\n","protected":false},"excerpt":{"rendered":"<p><strong>Holzlager WoodStock M<\/strong>\u00a0ist zur Aufbewahrung von Brennholz geeignet. Zus\u00e4tzliche Funktion als Raumteiler zur Trennung von miteinander verbundenen Garten- oder Terrassenbereichen.<\/p>\n<p><strong>Design: Petteri Wiimaa<\/strong><\/p>\n<p>Cortenstahl ist fast reiner Kohlenstoffstahl, aber wetterfest behandelt, so dass eine Schutzschicht gegen Wettereinfl\u00fcsse entsteht. Die Oberfl\u00e4che ist anfangs grau, wird aber durch Wettereinfl\u00fcsse r\u00f6tlichbraun (Farbe ist \u00e4hnlich dem Rost), mit der Zeit wird die Farbe etwas dunkler. Bei bestimmungsgem\u00e4\u00dfer Verwendung ist Cor-Ten Stahl ausdrucksstark, pflegefrei und bleibt lang im guten Zustand. Die Produkte aus Cortenstahl m\u00fcssen im Winter weder in Innenr\u00e4umen gelagert noch bedeckt werden, da der rostfreie Cortenstahl jedem Wetter standh\u00e4lt.<\/p>\n","protected":false},"featured_media":13077,"comment_status":"open","ping_status":"closed","template":"","meta":{"footnotes":""},"class_list":["post-12894","product","type-product","status-publish","has-post-thumbnail","hentry","product_cat-holzlager-aus-cortenstahl"],"_links":{"self":[{"href":"https:\/\/www.grillsymbol.com\/de\/wp-json\/wp\/v2\/product\/12894","targetHints":{"allow":["GET"]}}],"collection":[{"href":"https:\/\/www.grillsymbol.com\/de\/wp-json\/wp\/v2\/product"}],"about":[{"href":"https:\/\/www.grillsymbol.com\/de\/wp-json\/wp\/v2\/types\/product"}],"replies":[{"embeddable":true,"href":"https:\/\/www.grillsymbol.com\/de\/wp-json\/wp\/v2\/comments?post=12894"}],"version-history":[{"count":0,"href":"https:\/\/www.grillsymbol.com\/de\/wp-json\/wp\/v2\/product\/12894\/revisions"}],"wp:featuredmedia":[{"embeddable":true,"href":"https:\/\/www.grillsymbol.com\/de\/wp-json\/wp\/v2\/media\/13077"}],"wp:attachment":[{"href":"https:\/\/www.grillsymbol.com\/de\/wp-json\/wp\/v2\/media?parent=12894"}],"curies":[{"name":"wp","href":"https:\/\/api.w.org\/{rel}","templated":true}]}}