{"id":12921,"date":"2021-11-10T12:25:53","date_gmt":"2021-11-10T12:25:53","guid":{"rendered":"https:\/\/www.grillsymbol.com\/shop\/unkategorisiert\/grillsymbol-corten-steel-firewood-rack-enzo-rack-m\/"},"modified":"2024-08-28T10:57:38","modified_gmt":"2024-08-28T10:57:38","slug":"grillsymbol-holzlager-aus-cortenstahl-enzo-rack-m","status":"publish","type":"product","link":"https:\/\/www.grillsymbol.com\/de\/shop\/holzlager-aus-cortenstahl\/grillsymbol-holzlager-aus-cortenstahl-enzo-rack-m\/","title":{"rendered":"GrillSymbol Holzlager aus Cortenstahl Enzo Rack-M"},"content":{"rendered":"<ul>\n<li>Material: 2 mm und 3 mm Cortenstahl<\/li>\n<li>Material Sitzbereich: Holz<\/li>\n<li>Ma\u00dfe: 74 x 37 x 48 (L*B*H), wenn horizontal gestellt<\/li>\n<li>Gewicht: 22 kg, wird in Teilen geliefert<\/li>\n<li>Montage: 15-20 Minuten<\/li>\n<\/ul>\n<p>&nbsp;<\/p>\n<p><strong>Achtung:<\/strong> CorTen-Stahl Holzlager werden unbehandelt geliefert und sind grau. Die Kochsalzl\u00f6sung kann den Alterungsprozess beschleunigen.<\/p>\n<p><a href=\"https:\/\/www.grillsymbol.com\/de\/ueber-die-materialien-und-bodenformen-der-pfannen\/corten-alterungsprozess\/\">Genauere Infos finden Sie hier.<\/a><\/p>\n<p>&nbsp;<\/p>\n","protected":false},"excerpt":{"rendered":"<p><strong>Cortenstahl Holzlager Enzo M<\/strong>\u00a0kann horizontal oder vertikal aufgestellt werden. F\u00fcr Innen- und Au\u00dfenbereich. Montage ist einfach und schnell.<\/p>\n<p><strong>Design: Petteri Wiimaa<\/strong><\/p>\n<p>Cortenstahl ist fast reiner Kohlenstoffstahl, aber wetterfest behandelt, so dass eine Schutzschicht gegen Wettereinfl\u00fcsse entsteht. Die Oberfl\u00e4che ist anfangs grau, wird aber durch Wettereinfl\u00fcsse r\u00f6tlichbraun (Farbe ist \u00e4hnlich dem Rost), mit der Zeit wird die Farbe etwas dunkler. Bei bestimmungsgem\u00e4\u00dfer Verwendung ist Cor-Ten Stahl ausdrucksstark, pflegefrei und bleibt lang im guten Zustand. Die Produkte aus Cortenstahl m\u00fcssen im Winter weder in Innenr\u00e4umen gelagert noch bedeckt werden, da der rostfreie Cortenstahl jedem Wetter standh\u00e4lt.<\/p>\n","protected":false},"featured_media":19193,"comment_status":"open","ping_status":"closed","template":"","meta":{"footnotes":""},"class_list":["post-12921","product","type-product","status-publish","has-post-thumbnail","hentry","product_cat-holzlager-aus-cortenstahl"],"_links":{"self":[{"href":"https:\/\/www.grillsymbol.com\/de\/wp-json\/wp\/v2\/product\/12921","targetHints":{"allow":["GET"]}}],"collection":[{"href":"https:\/\/www.grillsymbol.com\/de\/wp-json\/wp\/v2\/product"}],"about":[{"href":"https:\/\/www.grillsymbol.com\/de\/wp-json\/wp\/v2\/types\/product"}],"replies":[{"embeddable":true,"href":"https:\/\/www.grillsymbol.com\/de\/wp-json\/wp\/v2\/comments?post=12921"}],"version-history":[{"count":0,"href":"https:\/\/www.grillsymbol.com\/de\/wp-json\/wp\/v2\/product\/12921\/revisions"}],"wp:featuredmedia":[{"embeddable":true,"href":"https:\/\/www.grillsymbol.com\/de\/wp-json\/wp\/v2\/media\/19193"}],"wp:attachment":[{"href":"https:\/\/www.grillsymbol.com\/de\/wp-json\/wp\/v2\/media?parent=12921"}],"curies":[{"name":"wp","href":"https:\/\/api.w.org\/{rel}","templated":true}]}}