{"id":12949,"date":"2021-11-12T10:13:43","date_gmt":"2021-11-12T10:13:43","guid":{"rendered":"https:\/\/www.grillsymbol.com\/shop\/unkategorisiert\/grillsymbol-outdoor-fireplace-enzo\/"},"modified":"2022-04-28T07:04:54","modified_gmt":"2022-04-28T07:04:54","slug":"grillsymbol-au%ce%b2enkamin-enzo","status":"publish","type":"product","link":"https:\/\/www.grillsymbol.com\/de\/shop\/feuerschalen\/grillsymbol-au%ce%b2enkamin-enzo\/","title":{"rendered":"GrillSymbol Au\u03b2enkamin Enzo"},"content":{"rendered":"<p>&nbsp;<\/p>\n<ul>\n<li>Material: 3 mm Cortenstahl<\/li>\n<li>Ma\u00dfe: 132 x 43 x 37 cm (HxBxT)<\/li>\n<li>Ma\u00dfe Grillrost: 41 x 35 cm<\/li>\n<li>Gewicht: 50 kg<\/li>\n<li>Wird in 2 Teilen geliefert<\/li>\n<li>Montagezeit: 10-15 Minuten<\/li>\n<\/ul>\n<p>&nbsp;<\/p>\n<p><strong>Sicherheitsma\u00dfnahmen:<\/strong><\/p>\n<ul>\n<li>Kamin darf nicht auf Holz gestellt werden!<\/li>\n<li>W\u00e4hrend Benutzung nie ohne Aufsicht lassen, insbesondere, wenn in der N\u00e4he brennbare Materialien sind<\/li>\n<li>Nicht in der N\u00e4he von Holzw\u00e4nden o.\u00c4. aufstellen<\/li>\n<li>Holzlager darf nicht bis zum obersten Rand gef\u00fcllt sein w\u00e4hrend Feuer angez\u00fcndet ist<\/li>\n<\/ul>\n<p>&nbsp;<\/p>\n<p><strong>Achtung:<\/strong> CorTen-Stahl Feuerschalen werden unbehandelt geliefert und sind grau. Die Kochsalzl\u00f6sung kann den Alterungsprozess beschleunigen. Genauere Infos finden Sie hier:<\/p>\n<p>&nbsp;<\/p>\n<blockquote class=\"wp-embedded-content\" data-secret=\"InlF4odRpR\"><p><a href=\"https:\/\/www.grillsymbol.com\/de\/ueber-die-materialien-und-bodenformen-der-pfannen\/corten-alterungsprozess\/\">Corten Alterungsprozess<\/a><\/p><\/blockquote>\n<p><iframe loading=\"lazy\" class=\"wp-embedded-content\" sandbox=\"allow-scripts\" security=\"restricted\" style=\"position: absolute; clip: rect(1px, 1px, 1px, 1px);\" title=\"&#8222;Corten Alterungsprozess&#8220; &#8212; GrillSymbol\" src=\"https:\/\/www.grillsymbol.com\/de\/ueber-die-materialien-und-bodenformen-der-pfannen\/corten-alterungsprozess\/embed\/#?secret=InlF4odRpR\" data-secret=\"InlF4odRpR\" width=\"600\" height=\"338\" frameborder=\"0\" marginwidth=\"0\" marginheight=\"0\" scrolling=\"no\"><\/iframe><\/p>\n","protected":false},"excerpt":{"rendered":"<p><strong>Enzo<\/strong> ist ein besonderer Au\u03b2enkamin. Hinter skandinavisch r\u00fcckhaltendes Design verbirgt sich italienisch warmes Herz. Z\u00fcnde das Feuer und jedes Zusammensein mit Familie und Freunden wird ein besonderer Moment und Ereignis!<\/p>\n<p>Aussenkamin ist aus wetterfesten und hochqualitativen 3mm Cortenstahl. In dem Kamin kann man Grillen, zu dem Set geh\u00f6rt ein Grillrost aus Edelstahl. Schau Dir auch unsere <strong>Enzo Holzlager<\/strong> an!<\/p>\n","protected":false},"featured_media":13852,"comment_status":"open","ping_status":"closed","template":"","meta":{"footnotes":""},"class_list":["post-12949","product","type-product","status-publish","has-post-thumbnail","hentry","product_cat-feuerschalen"],"_links":{"self":[{"href":"https:\/\/www.grillsymbol.com\/de\/wp-json\/wp\/v2\/product\/12949","targetHints":{"allow":["GET"]}}],"collection":[{"href":"https:\/\/www.grillsymbol.com\/de\/wp-json\/wp\/v2\/product"}],"about":[{"href":"https:\/\/www.grillsymbol.com\/de\/wp-json\/wp\/v2\/types\/product"}],"replies":[{"embeddable":true,"href":"https:\/\/www.grillsymbol.com\/de\/wp-json\/wp\/v2\/comments?post=12949"}],"version-history":[{"count":0,"href":"https:\/\/www.grillsymbol.com\/de\/wp-json\/wp\/v2\/product\/12949\/revisions"}],"wp:featuredmedia":[{"embeddable":true,"href":"https:\/\/www.grillsymbol.com\/de\/wp-json\/wp\/v2\/media\/13852"}],"wp:attachment":[{"href":"https:\/\/www.grillsymbol.com\/de\/wp-json\/wp\/v2\/media?parent=12949"}],"curies":[{"name":"wp","href":"https:\/\/api.w.org\/{rel}","templated":true}]}}