{"id":12969,"date":"2021-11-15T07:44:23","date_gmt":"2021-11-15T07:44:23","guid":{"rendered":"https:\/\/www.grillsymbol.com\/shop\/unkategorisiert\/grillsymbol-chef-xxl-charcoal-grill\/"},"modified":"2026-04-22T16:12:26","modified_gmt":"2026-04-22T16:12:26","slug":"grillsymbol-holzkohlegrill-naked-chef-xxl","status":"publish","type":"product","link":"https:\/\/www.grillsymbol.com\/de\/shop\/smoker-holzkohlegrills-und-holzkohlegrills\/grillsymbol-holzkohlegrill-naked-chef-xxl\/","title":{"rendered":"GrillSymbol Holzkohlegrill Naked Chef XXL"},"content":{"rendered":"<ul>\n<li>Ma\u03b2e: 116 x 65 x 90 cm (B x T x H)<\/li>\n<li>Gewicht: 60 kg<\/li>\n<li>Material Korpus: 3 mm Cortenstahl<\/li>\n<li>Grillfl\u00e4che 115 x 62 cm<\/li>\n<li>Ma\u03b2 Grillrost: 62 x 38 cm (im Set sind 2 Grillroste)<\/li>\n<li>Am Boden des Grills sind Bel\u00fcftungsl\u00f6cher mit einem Regulierer<\/li>\n<li>F\u00fc\u00dfe werden mit Fl\u00fcgelschrauben befestigt<\/li>\n<li>F\u00fc\u00dfe haben Sohlen f\u00fcr mehr Stabilit\u00e4t<\/li>\n<li>Material Kohle Vorbereitungspfanne: 2 mm rostfreier Stahl<\/li>\n<li>Material Kohlepfanne: Boden 1,2 mm rostfreier Stahl, Umrandung 3 mm rostfreier Stahl<\/li>\n<li>Grill hat Wind- und Spritzschutz, Ma\u03b2e 116 x 15 cm (B x H)<\/li>\n<\/ul>\n<p>&nbsp;<\/p>\n<p><strong>Naked Chef XXL Holzkohlegrill Zubeh\u00f6r (nicht im Preis enthalten):<\/strong><\/p>\n<ul>\n<li>Deckel f\u00fcr den Grill, aus rostfreiem Stahl (deckt 2\/3 von Grillfl\u00e4che, 62 x76 cm)<\/li>\n<li>Grillrost Classic, aus Rundstahl mit Durchmesser 8 mm (deckt 1\/3 von Grillfl\u00e4che, 62 x 38 cm)<\/li>\n<li>Argentinischer Grill (deckt 2\/3 von Grillfl\u00e4che, 62 x 76 cm)<\/li>\n<li>Blech, aus 5 mm rostfreiem Stahl (deckt 1\/3 von Grillfl\u00e4che, 62 x 38 cm)<\/li>\n<li>Seitenregale f\u00fcr den Grill, aus rostfreiem Stahl, 2 Stk.)<\/li>\n<li>Regal f\u00fcr Grillrost (f\u00fcr 3 Stk.)<\/li>\n<li>Adapter f\u00fcr 1\/1 GN Beh\u00e4lter (deckt 1\/3 von Grillfl\u00e4che, 62 x 38 cm)<\/li>\n<\/ul>\n<p>&nbsp;<\/p>\n<p><strong>Achtung! <\/strong>W\u00e4hrend des Grillens und durch Hitze wir der Korpus aus Cortenstahl etwas dunkler als auf den Produktfotos zu sehen ist!<\/p>\n<p>&nbsp;<\/p>\n<p><strong>Achtung!<\/strong>\u00a0Die Produkte aus Corten Stahl werden unbehandelt geliefert und sind somit grau wie gew\u00f6hnlicher warmgewalzter Stahl. Anleitung zu Alterungsprozesses von Corten Stahl findest Du auf unserer Webseite oder kannst es direkt von dem Produkt Scannen.<\/p>\n<h5><\/h5>\n<h5><a href=\"https:\/\/www.grillsymbol.com\/de\/ueber-die-materialien-und-bodenformen-der-pfannen\/corten-alterungsprozess\/\" target=\"_blank\" rel=\"noopener\">Siehe hier: Alterungsleitfaden f\u00fcr Cor-Ten-Produkte<\/a><\/h5>\n","protected":false},"excerpt":{"rendered":"<p><strong>Naked Chef XXL<\/strong> ist ein gro\u00dfer, standfester und starker Holzkohlegrill mit hoher Leistungsf\u00e4higkeit. Einfach zu montieren, nimmt wenig Platz und leistet gro\u00dfartige Arbeit. Grillfl\u00e4che ist 115x62cm. Im Set sind 2 Grillroste aus Stahl, die 2\/3 der Grillfl\u00e4che bedecken, Vorbereitungspfanne f\u00fcr Kohle und Kohlenpfanne. Der Grill hat einen Wind- und Spritzschutz in Breite 15cm.<\/p>\n<p>Chef Holzkohlegrills sind eine Symbiose von altem Klassiker und modernen Materialien. Alter und klassischer Form, praktische Details und moderne Materialien, wobei nicht gespart wird. Das Geh\u00e4use wird aus 3 mm Cortenstahl gefertigt, was dabei hilft, Temperatur w\u00e4hrend des Grillens gleichm\u00e4\u00dfig zu halten.<\/p>\n","protected":false},"featured_media":25970,"comment_status":"open","ping_status":"closed","template":"","meta":{"footnotes":""},"class_list":["post-12969","product","type-product","status-publish","has-post-thumbnail","hentry","product_cat-smoker-holzkohlegrills-und-holzkohlegrills"],"_links":{"self":[{"href":"https:\/\/www.grillsymbol.com\/de\/wp-json\/wp\/v2\/product\/12969","targetHints":{"allow":["GET"]}}],"collection":[{"href":"https:\/\/www.grillsymbol.com\/de\/wp-json\/wp\/v2\/product"}],"about":[{"href":"https:\/\/www.grillsymbol.com\/de\/wp-json\/wp\/v2\/types\/product"}],"replies":[{"embeddable":true,"href":"https:\/\/www.grillsymbol.com\/de\/wp-json\/wp\/v2\/comments?post=12969"}],"version-history":[{"count":1,"href":"https:\/\/www.grillsymbol.com\/de\/wp-json\/wp\/v2\/product\/12969\/revisions"}],"predecessor-version":[{"id":35594,"href":"https:\/\/www.grillsymbol.com\/de\/wp-json\/wp\/v2\/product\/12969\/revisions\/35594"}],"wp:featuredmedia":[{"embeddable":true,"href":"https:\/\/www.grillsymbol.com\/de\/wp-json\/wp\/v2\/media\/25970"}],"wp:attachment":[{"href":"https:\/\/www.grillsymbol.com\/de\/wp-json\/wp\/v2\/media?parent=12969"}],"curies":[{"name":"wp","href":"https:\/\/api.w.org\/{rel}","templated":true}]}}