{"id":13099,"date":"2021-11-30T05:27:04","date_gmt":"2021-11-30T05:27:04","guid":{"rendered":"https:\/\/www.grillsymbol.com\/shop\/unkategorisiert\/grillsymbol-charcoal-grill-chef-xxl-silver\/"},"modified":"2026-04-22T16:07:10","modified_gmt":"2026-04-22T16:07:10","slug":"grillsymbol-holzkohlengrill-naked-chefxxl-silver","status":"publish","type":"product","link":"https:\/\/www.grillsymbol.com\/de\/shop\/smoker-holzkohlegrills-und-holzkohlegrills\/grillsymbol-holzkohlengrill-naked-chefxxl-silver\/","title":{"rendered":"GrillSymbol Holzkohlengrill Naked Chef XXL Silver"},"content":{"rendered":"<p>&nbsp;<\/p>\n<ul>\n<li>Ma\u03b2e: 116 x 65 x 90 cm (B x T x H)<\/li>\n<li>Gewicht: 60 kg<\/li>\n<li>Alle Details sind aus rostfreiem Stahl<\/li>\n<li>Grillfl\u00e4che 115 x 62 cm<\/li>\n<li>Ma\u03b2 Grillrost: 62 x 38 cm (im Set sind 2 Grillroste)<\/li>\n<li>Am Boden des Grills sind Bel\u00fcftungsl\u00f6cher mit einem Regulierer<\/li>\n<li>F\u00fc\u00dfe werden mit Fl\u00fcgelschrauben befestigt<\/li>\n<li>F\u00fc\u00dfe haben Sohlen f\u00fcr mehr Stabilit\u00e4t<\/li>\n<li>Material Kohle Vorbereitungspfanne: 2 mm rostfreier Stahl<\/li>\n<li>Material Kohlepfanne: Boden 1,2 mm rostfreier Stahl, Umrandung 3 mm rostfreier Stahl<\/li>\n<li>Grill hat Wind- und Spritzschutz, Ma\u03b2e 116 x 15 cm (B x H)<\/li>\n<\/ul>\n<p>&nbsp;<\/p>\n<p><strong>Naked Chef XXXL Holzkohlegrill Zubeh\u00f6r (nicht im Preis enthalten):<\/strong><\/p>\n<ul>\n<li>Deckel f\u00fcr den Grill, aus rostfreiem Stahl (deckt 2\/3 von Grillfl\u00e4che, 62 x76 cm)<\/li>\n<li>Grillrost Classic, aus Rundstahl mit Durchmesser 8 mm (deckt 1\/3 von Grillfl\u00e4che, 62 x 38 cm)<\/li>\n<li>Argentinischer Grill (deckt 2\/3 von Grillfl\u00e4che, 62 x 76 cm)<\/li>\n<li>Blech, aus 5 mm rostfreiem Stahl (deckt 1\/3 von Grillfl\u00e4che, 62 x 38 cm)<\/li>\n<li>Seitenregale f\u00fcr den Grill, aus rostfreiem Stahl, 2 Stk.<\/li>\n<li>Regal f\u00fcr Grillrost (f\u00fcr 3 Stk.)<\/li>\n<li>Adapter f\u00fcr 1\/1 GN Beh\u00e4lter (deckt 1\/3 von Grillfl\u00e4che, 62 x 38 cm)<\/li>\n<\/ul>\n<p>&nbsp;<\/p>\n<p><strong>Achtung! <\/strong>W\u00e4hrend des Grillens und durch Hitze wir der Korpus aus rostfreiem Stahl teilweise Violet abf\u00e4rben. Bitte beachten, dass die Farbe der Au\u00dfenseiten des Grills mit der Zeit sich \u00e4ndern wird.<\/p>\n","protected":false},"excerpt":{"rendered":"<p><strong>Naked Chef XXL Silver<\/strong> ist ein gro\u00dfer, standfester und starker Holzkohlegrill mit hoher Leistungsf\u00e4higkeit. Einfach zu montieren, nimmt wenig Platz und leistet gro\u00dfartige Arbeit. Grillfl\u00e4che ist 115x62cm. Im Set sind 2 Grillroste aus Stahl, die 2\/3 der Grillfl\u00e4che bedecken, Vorbereitungspfanne f\u00fcr Kohle und Kohlenpfanne. Der Grill hat einen Wind- und Spritzschutz in Breite 15cm.<\/p>\n<p>Chef Holzkohlegrills sind eine Symbiose von altem Klassiker und modernen Materialien. Alter und klassischer Form, praktische Details und moderne Materialien, wobei nicht gespart wird. Das Geh\u00e4use wird aus 3 mm Stahl gefertigt, was dabei hilft, Temperatur w\u00e4hrend des Grillens gleichm\u00e4\u00dfig zu halten.<\/p>\n","protected":false},"featured_media":25821,"comment_status":"open","ping_status":"closed","template":"","meta":{"footnotes":""},"class_list":["post-13099","product","type-product","status-publish","has-post-thumbnail","hentry","product_cat-smoker-holzkohlegrills-und-holzkohlegrills"],"_links":{"self":[{"href":"https:\/\/www.grillsymbol.com\/de\/wp-json\/wp\/v2\/product\/13099","targetHints":{"allow":["GET"]}}],"collection":[{"href":"https:\/\/www.grillsymbol.com\/de\/wp-json\/wp\/v2\/product"}],"about":[{"href":"https:\/\/www.grillsymbol.com\/de\/wp-json\/wp\/v2\/types\/product"}],"replies":[{"embeddable":true,"href":"https:\/\/www.grillsymbol.com\/de\/wp-json\/wp\/v2\/comments?post=13099"}],"version-history":[{"count":1,"href":"https:\/\/www.grillsymbol.com\/de\/wp-json\/wp\/v2\/product\/13099\/revisions"}],"predecessor-version":[{"id":35582,"href":"https:\/\/www.grillsymbol.com\/de\/wp-json\/wp\/v2\/product\/13099\/revisions\/35582"}],"wp:featuredmedia":[{"embeddable":true,"href":"https:\/\/www.grillsymbol.com\/de\/wp-json\/wp\/v2\/media\/25821"}],"wp:attachment":[{"href":"https:\/\/www.grillsymbol.com\/de\/wp-json\/wp\/v2\/media?parent=13099"}],"curies":[{"name":"wp","href":"https:\/\/api.w.org\/{rel}","templated":true}]}}