{"id":13139,"date":"2021-12-02T12:31:08","date_gmt":"2021-12-02T12:31:08","guid":{"rendered":"https:\/\/www.grillsymbol.com\/shop\/unkategorisiert\/argentina-grill-48-x-68-cm\/"},"modified":"2026-03-26T15:19:47","modified_gmt":"2026-03-26T15:19:47","slug":"grillsymbol-grillrost-argentinien","status":"publish","type":"product","link":"https:\/\/www.grillsymbol.com\/de\/shop\/grillzubehor\/grillsymbol-grillrost-argentinien\/","title":{"rendered":"GrillSymbol Grillplatte Argentinisches Asado 68 x 33 cm ARG"},"content":{"rendered":"<ul>\n<li style=\"font-weight: 400\"><span style=\"font-weight: 400\">Aus Edelstahl (304)<\/span><\/li>\n<li style=\"font-weight: 400\"><span style=\"font-weight: 400\">Ma\u00dfe 68 x 33 cm<\/span><\/li>\n<li style=\"font-weight: 400\"><span style=\"font-weight: 400\">Mit Fetttropfschale 70 x 33 cm<\/span><\/li>\n<li style=\"font-weight: 400\"><span style=\"font-weight: 400\">Gewicht ca. 3 kg\u00a0<\/span><\/li>\n<li style=\"font-weight: 400\"><span style=\"font-weight: 400\">Feste Fl\u00e4che, H\u00f6he nicht verstellbar<\/span><\/li>\n<li style=\"font-weight: 400\"><span style=\"font-weight: 400\">Einfaches Entleeren der Fetttropfschale (NICHT w\u00e4hrend des Grillens!)<\/span><\/li>\n<li style=\"font-weight: 400\"><span style=\"font-weight: 400\">Geeignet f\u00fcr Modelle Chef, Chef-XL, Chef-N, Chef-NXL (sowohl Corten als auch Silver Modelle)<\/span><\/li>\n<li style=\"font-weight: 400\"><span style=\"font-weight: 400\">Dank der Fetttropfschale und der V-f\u00f6rmigen Roste ist das Grillergebnis auf dem argentinischen Grillrost gleichm\u00e4\u00dfiger und schmeckt weniger verbrannt.\u00a0<\/span><\/li>\n<li style=\"font-weight: 400\"><span style=\"font-weight: 400\">Genie\u00dfen Sie die besten Steaks, Rippchen, W\u00fcrstchen oder Gem\u00fcse mit dem GrillSymbol argentinischen Grillrost!\u00a0\u00a0<\/span><\/li>\n<\/ul>\n<p>&nbsp;<\/p>\n<p><span style=\"font-weight: 400\">NB: Das Produkt wurde passiviert, d.h. es wurde einem chemischen Prozess unterzogen, der die Oxidschicht, Schwei\u00dfr\u00fcckst\u00e4nde und Bearbeitungsspuren von der Oberfl\u00e4che des Teils entfernt. Dadurch wird der Edelstahl korrosionsbest\u00e4ndiger und erh\u00e4lt eine einheitliche gr\u00e4uliche Farbe.\u00a0 <\/span><\/p>\n","protected":false},"excerpt":{"rendered":"<p><span style=\"font-weight: 400\">Argentinischer Grillrost aus Edelstahl mit Fetttropfschale. Die Fetttropfschale sorgt f\u00fcr ein besseres Garergebnis, indem er die Flammen w\u00e4hrend des Garens reduziert. Die V-f\u00f6rmigen Profile sind leicht schr\u00e4g und f\u00fchren das Fett in die Auffangschale. All dies f\u00fchrt zu einem gleichm\u00e4\u00dfigeren Grillergebnis und weniger verbranntem Geschmack. Genie\u00dfen Sie die besten Steaks, Rippchen, W\u00fcrstchen oder Gem\u00fcse mit dem GrillSymbol argentinischer Grillrost!<\/span><\/p>\n","protected":false},"featured_media":35012,"comment_status":"open","ping_status":"closed","template":"","meta":{"footnotes":""},"class_list":["post-13139","product","type-product","status-publish","has-post-thumbnail","hentry","product_cat-grillzubehor"],"_links":{"self":[{"href":"https:\/\/www.grillsymbol.com\/de\/wp-json\/wp\/v2\/product\/13139","targetHints":{"allow":["GET"]}}],"collection":[{"href":"https:\/\/www.grillsymbol.com\/de\/wp-json\/wp\/v2\/product"}],"about":[{"href":"https:\/\/www.grillsymbol.com\/de\/wp-json\/wp\/v2\/types\/product"}],"replies":[{"embeddable":true,"href":"https:\/\/www.grillsymbol.com\/de\/wp-json\/wp\/v2\/comments?post=13139"}],"version-history":[{"count":0,"href":"https:\/\/www.grillsymbol.com\/de\/wp-json\/wp\/v2\/product\/13139\/revisions"}],"wp:featuredmedia":[{"embeddable":true,"href":"https:\/\/www.grillsymbol.com\/de\/wp-json\/wp\/v2\/media\/35012"}],"wp:attachment":[{"href":"https:\/\/www.grillsymbol.com\/de\/wp-json\/wp\/v2\/media?parent=13139"}],"curies":[{"name":"wp","href":"https:\/\/api.w.org\/{rel}","templated":true}]}}