{"id":13308,"date":"2021-12-03T10:21:46","date_gmt":"2021-12-03T10:21:46","guid":{"rendered":"https:\/\/www.grillsymbol.com\/shop\/unkategorisiert\/grillsymbol-paella-pan-fp-720-basic-o-72-cm\/"},"modified":"2022-02-11T15:52:43","modified_gmt":"2022-02-11T15:52:43","slug":"grillsymbol-paella-pfanne-fp-720-basic-%e2%88%85-72-cm","status":"publish","type":"product","link":"https:\/\/www.grillsymbol.com\/de\/shop\/paella-und-wok-pfannen\/grillsymbol-paella-pfanne-fp-720-basic-%e2%88%85-72-cm\/","title":{"rendered":"GrillSymbol Paella Pfanne FP-720 Basic, \u2205 72 cm"},"content":{"rendered":"<ul type=\"&quot;&quot;disc&quot;&quot;\">\n<li>Material: 3 mm Stahl<\/li>\n<li>Durchmesser: 72 cm<\/li>\n<li>Bodendurchmesser: 61 cm<\/li>\n<li>H\u00f6he der Pfannenseite: 5 cm<\/li>\n<li>Kapazit\u00e4t: ca 20-30 Portionen<\/li>\n<li>Gewicht: 11 kg<\/li>\n<\/ul>\n","protected":false},"excerpt":{"rendered":"<p><strong>Paella Pfanne aus Stahl\u00a0<\/strong><\/p>\n<p>FP-720 Basic erm\u00f6glicht Zubereitung allerlei Gerichte sowohl aus vorgebackenem als auch frischen Rohstoff. Sie k\u00f6nnen gleichzeitig 20-30 Portionen zubereiten, dies h\u00e4ngt von dem Gericht ab. Der 5 cm hoher Rand l\u00e4sst auch Essen schmoren und d\u00e4mpfen (unter dem Deckel), was ein gro\u00dfer Vorteil im Vergleich zu Pfannen mit niedrigem Rand ist. Einfach zu pflegen und reinigen. Verwenden Sie nur Ihre Fantasie und bereiten Sie sich ein leckeres Gericht zu! Eignet sich auch f\u00fcr die Benutzung auf offenem Feuer und auf einem Gasbrenner.<\/p>\n","protected":false},"featured_media":16137,"comment_status":"open","ping_status":"closed","template":"","meta":{"footnotes":""},"class_list":["post-13308","product","type-product","status-publish","has-post-thumbnail","hentry","product_cat-paella-und-wok-pfannen"],"_links":{"self":[{"href":"https:\/\/www.grillsymbol.com\/de\/wp-json\/wp\/v2\/product\/13308","targetHints":{"allow":["GET"]}}],"collection":[{"href":"https:\/\/www.grillsymbol.com\/de\/wp-json\/wp\/v2\/product"}],"about":[{"href":"https:\/\/www.grillsymbol.com\/de\/wp-json\/wp\/v2\/types\/product"}],"replies":[{"embeddable":true,"href":"https:\/\/www.grillsymbol.com\/de\/wp-json\/wp\/v2\/comments?post=13308"}],"version-history":[{"count":0,"href":"https:\/\/www.grillsymbol.com\/de\/wp-json\/wp\/v2\/product\/13308\/revisions"}],"wp:featuredmedia":[{"embeddable":true,"href":"https:\/\/www.grillsymbol.com\/de\/wp-json\/wp\/v2\/media\/16137"}],"wp:attachment":[{"href":"https:\/\/www.grillsymbol.com\/de\/wp-json\/wp\/v2\/media?parent=13308"}],"curies":[{"name":"wp","href":"https:\/\/api.w.org\/{rel}","templated":true}]}}