{"id":13319,"date":"2021-12-03T10:27:18","date_gmt":"2021-12-03T10:27:18","guid":{"rendered":"https:\/\/www.grillsymbol.com\/shop\/unkategorisiert\/grillsymbol-bbq-smoker-smoky-beast-silver\/"},"modified":"2026-04-05T11:31:39","modified_gmt":"2026-04-05T11:31:39","slug":"grillsymbol-smoker-holzkohlegrill-smoky-beast-silver","status":"publish","type":"product","link":"https:\/\/www.grillsymbol.com\/de\/shop\/smoker-holzkohlegrills-und-holzkohlegrills\/grillsymbol-smoker-holzkohlegrill-smoky-beast-silver\/","title":{"rendered":"GrillSymbol Smoker Holzkohlegrill Smoky Beast Silver"},"content":{"rendered":"<p><strong>Im Preis enthalten:<\/strong> Grillkohlewannen (2 St\u00fcck), ein Modul f\u00fcr die Grillbriketts, eingebaute F\u00e4cher.<\/p>\n<p>&nbsp;<\/p>\n<ul>\n<li>Material Backofen: 3 mm Edelstahl<\/li>\n<li>Material Heizkammer: 3 mm Cortenstahl<\/li>\n<li>Gewicht: 100 kg<\/li>\n<li>Wird aufgebaut geliefert, nur die Schornsteine m\u00fcssen angebracht werden<\/li>\n<li>Der Backbereich und die Heizkammer k\u00f6nnen voneinander getrennt werden, die Schornsteine lassen sich abnehmen<\/li>\n<li>Der Smoker-Holzkohlegrill wird nicht lackiert<\/li>\n<li>Unzerbrechlicher Grillrost (5 mm rostfreier Stahl)<\/li>\n<li>Der Garbereich betr\u00e4gt 70 x 50 cm<\/li>\n<li>Zwei Grillroste auf verschiedenen Ebenen mit den Ma\u00dfen 68 x 49 cm und 68 x 34. Material: Edelstahl.<\/li>\n<li>Kapazit\u00e4t: auf zwei Roste passen bis zu 20 kg kulinarischen Rippen<\/li>\n<li>Schornsteine auf beiden Seiten garantieren eine gleichm\u00e4\u00dfige W\u00e4rmeverteilung<\/li>\n<li>Wasser kann durch ein spezielles Rohr in die Wasserwanne zugegossen werden, der Grillofen braucht dazu nicht ge\u00f6ffnet zu werden<\/li>\n<li>Das Fett flie\u00dft durch die daf\u00fcr bestimmte Wanne und tropft in einen speziellen Eimer<\/li>\n<li>Am Ende der Schornsteine befinden sich Schieber, mit deren Hilfe die Temperatur im Ofen geregelt werden kann<\/li>\n<li>Der Smoker-Holzkohlegrill verf\u00fcgt \u00fcber ein \u00e4u\u00dferes Thermometer (0-300\u00b0C).<\/li>\n<li>Die Tiefe der Heizkammer betr\u00e4gt 48 cm, am Boden befindet sich ein Gussrost<\/li>\n<li>Auf dem vorderen Teil der Heizkammer befindet sich eine 20 x 20 cm Herdplatte, auf der Mop-So\u00dfen aufgew\u00e4rmt werden k\u00f6nnen<\/li>\n<li>Die T\u00fcr l\u00e4sst sich aus zwei Positionen schlie\u00dfen \u2013 eine gute M\u00f6glichkeit, um die Temperatur zu regulieren<\/li>\n<li>Die T\u00fcr der Heizkammer hat eine Doppelwand und h\u00e4lt der Hitze somit besser stand<\/li>\n<\/ul>\n<p>&nbsp;<\/p>\n<p>Handgefertigte Smoky Beast Silver mit dem Edelstahl Fl\u00e4chen und Heizkammer aus Cortenstahl ist eine wunderbare Kombination von einer guten BBQ R\u00e4ucherofen und nordisches Design!<\/p>\n","protected":false},"excerpt":{"rendered":"<p>Klassischer <strong>Smoker-Holzkohlegrill<\/strong> mit zwei Schornsteinen und sehr gro\u00dfer Kapazit\u00e4t, mit dessen Verwendung die besten Geschmackserlebnisse erzielt werden. Er wird aus Corten- und Edelstahl handgefertigt. Beim Garen von Barbecue-Gut kann der Grill sowohl mit <strong>Holz als auch mit Holzkohle<\/strong> geheizt werden. Weiterhin kann er auch als Kohlegrill verwendet werden. W\u00e4hrend die Hitze beim Garen oder R\u00e4uchern von unten aus den Heizkammern kommt, gibt es zum Grillen eine spezielle <strong>Kohleschale<\/strong>, die unter den Grillrosten angebracht wird.<\/p>\n<p>Das Modell <strong>Smoky Beast Silver<\/strong> ist von der Kapazit\u00e4t her gr\u00f6\u00dfer als die gr\u00f6\u00dften Modelle der keramischen Kamado Grills(Kennzeichnungen 2XL, Pro Joe). Die Gesamtfl\u00e4che beider Grillroste zusammen betr\u00e4gt 5865 cm2.<\/p>\n","protected":false},"featured_media":16555,"comment_status":"open","ping_status":"closed","template":"","meta":{"footnotes":""},"class_list":{"0":"post-13319","1":"product","2":"type-product","3":"status-publish","4":"has-post-thumbnail","5":"hentry","6":"product_cat-smoker-holzkohlegrills-und-holzkohlegrills","11":"product_cat-unkategorisiert"},"_links":{"self":[{"href":"https:\/\/www.grillsymbol.com\/de\/wp-json\/wp\/v2\/product\/13319","targetHints":{"allow":["GET"]}}],"collection":[{"href":"https:\/\/www.grillsymbol.com\/de\/wp-json\/wp\/v2\/product"}],"about":[{"href":"https:\/\/www.grillsymbol.com\/de\/wp-json\/wp\/v2\/types\/product"}],"replies":[{"embeddable":true,"href":"https:\/\/www.grillsymbol.com\/de\/wp-json\/wp\/v2\/comments?post=13319"}],"version-history":[{"count":0,"href":"https:\/\/www.grillsymbol.com\/de\/wp-json\/wp\/v2\/product\/13319\/revisions"}],"wp:featuredmedia":[{"embeddable":true,"href":"https:\/\/www.grillsymbol.com\/de\/wp-json\/wp\/v2\/media\/16555"}],"wp:attachment":[{"href":"https:\/\/www.grillsymbol.com\/de\/wp-json\/wp\/v2\/media?parent=13319"}],"curies":[{"name":"wp","href":"https:\/\/api.w.org\/{rel}","templated":true}]}}