{"id":13325,"date":"2021-12-03T10:32:03","date_gmt":"2021-12-03T10:32:03","guid":{"rendered":"https:\/\/www.grillsymbol.com\/shop\/unkategorisiert\/grillsymbol-wok-pan-wp-450-inox-o-45-cm\/"},"modified":"2022-02-21T17:44:23","modified_gmt":"2022-02-21T17:44:23","slug":"grillsymbol-wokpfanne-wp-450-inox-%e2%88%85-45-cm","status":"publish","type":"product","link":"https:\/\/www.grillsymbol.com\/de\/shop\/paella-und-wok-pfannen\/grillsymbol-wokpfanne-wp-450-inox-%e2%88%85-45-cm\/","title":{"rendered":"GrillSymbol Wokpfanne WP-450 inox, \u2205 45 cm"},"content":{"rendered":"<ul>\n<li>Material: 3 mm Edelstahl<\/li>\n<li>Durchmesser: 45 cm<\/li>\n<li>Tiefe: 10 cm<\/li>\n<li>Gewicht: 5 kg<\/li>\n<li>Kapazit\u00e4t: ca 10 Portionen<\/li>\n<\/ul>\n","protected":false},"excerpt":{"rendered":"<p><strong>Wok-Pfanne aus Edelstahl\u00a0<\/strong>ist die klassische Wok-Pfanne mit sehr guten Brateigenschaften und gro\u00dfer Kapazit\u00e4t. Durch ihre Gr\u00f6\u00dfe erm\u00f6glicht viele Portionen schnell zu zubereiten.<\/p>\n<p>Wenn Sie Modelle<strong> PRO-460 \/ PRO-460 inox \/ TW-460 \/ TW-460 inox <\/strong>haben, dann empfehlen wir die Pfanne mit Adapter (WS-450) zu kaufen \u2013 so machen Sie aus Ihrem Paella Pfanne Grill einen vielseitigen Set zu Zubereitung vieler leckeren Gerichten. Eignet sich haupts\u00e4chlich f\u00fcr die Zubereitung von Wok Gerichten und Pommes Frites.<\/p>\n<p>Ideal f\u00fcr den Einsatz in einer Au\u00dfenk\u00fcche, am Lagerfeuer oder mit Gasbrenner.<\/p>\n","protected":false},"featured_media":14025,"comment_status":"open","ping_status":"closed","template":"","meta":{"footnotes":""},"class_list":{"0":"post-13325","1":"product","2":"type-product","3":"status-publish","4":"has-post-thumbnail","5":"hentry","6":"product_cat-paella-und-wok-pfannen","8":"product_cat-edelstahl-wok-paella-pfannen"},"_links":{"self":[{"href":"https:\/\/www.grillsymbol.com\/de\/wp-json\/wp\/v2\/product\/13325","targetHints":{"allow":["GET"]}}],"collection":[{"href":"https:\/\/www.grillsymbol.com\/de\/wp-json\/wp\/v2\/product"}],"about":[{"href":"https:\/\/www.grillsymbol.com\/de\/wp-json\/wp\/v2\/types\/product"}],"replies":[{"embeddable":true,"href":"https:\/\/www.grillsymbol.com\/de\/wp-json\/wp\/v2\/comments?post=13325"}],"version-history":[{"count":0,"href":"https:\/\/www.grillsymbol.com\/de\/wp-json\/wp\/v2\/product\/13325\/revisions"}],"wp:featuredmedia":[{"embeddable":true,"href":"https:\/\/www.grillsymbol.com\/de\/wp-json\/wp\/v2\/media\/14025"}],"wp:attachment":[{"href":"https:\/\/www.grillsymbol.com\/de\/wp-json\/wp\/v2\/media?parent=13325"}],"curies":[{"name":"wp","href":"https:\/\/api.w.org\/{rel}","templated":true}]}}