{"id":18794,"date":"2022-09-21T09:35:31","date_gmt":"2022-09-21T09:35:31","guid":{"rendered":"https:\/\/www.grillsymbol.com\/?post_type=product&#038;p=18794"},"modified":"2023-06-29T13:17:25","modified_gmt":"2023-06-29T13:17:25","slug":"grillsymbol-holzlagerset-aus-cortenstahl-woodstock-sm","status":"publish","type":"product","link":"https:\/\/www.grillsymbol.com\/de\/shop\/holzlager-aus-cortenstahl\/grillsymbol-holzlagerset-aus-cortenstahl-woodstock-sm\/","title":{"rendered":"GrillSymbol Holzlagerset aus Cortenstahl WoodStock S+M"},"content":{"rendered":"<ul>\n<li>Material: 2 mm Cortenstahl<\/li>\n<li>Gewicht insgesamt: 40 kg<\/li>\n<li>Kapazit\u00e4t insgesamt: 0,58 m\u00b3 Brennholz<\/li>\n<li>Im Set Befestigungswinkel zu Fixierung am Untergrund(Holz, Stein usw.)<\/li>\n<li>Montagezeit ca. 60 min<\/li>\n<li><strong>Im Set 2 Module in verschiedenen Ma\u00dfen:<\/strong><\/li>\n<\/ul>\n<p>&nbsp;<\/p>\n<p><strong>S:<\/strong> 60 x 37 x 53 cm (B*T*H), Gewicht 16 kg, Kapazit\u00e4t 0,18 m\u00b3<br \/>\n<strong>M: <\/strong>60 x 37 x 106 cm (B*T*H), Gewicht 24 kg, Kapazit\u00e4t 0,4 m<\/p>\n<p><strong>Achtung:<\/strong> CorTen-Stahl Holzlager werden unbehandelt geliefert und sind grau. Die Kochsalzl\u00f6sung kann den Alterungsprozess beschleunigen. Genauere Infos finden Sie hier:<\/p>\n<p>&nbsp;<\/p>\n<blockquote class=\"wp-embedded-content\" data-secret=\"Z6vHm6mxdH\"><p><a href=\"https:\/\/www.grillsymbol.com\/de\/ueber-die-materialien-und-bodenformen-der-pfannen\/corten-alterungsprozess\/\">Corten Alterungsprozess<\/a><\/p><\/blockquote>\n<p><iframe loading=\"lazy\" class=\"wp-embedded-content\" sandbox=\"allow-scripts\" security=\"restricted\" style=\"position: absolute; clip: rect(1px, 1px, 1px, 1px);\" title=\"&#8222;Corten Alterungsprozess&#8220; &#8212; GrillSymbol\" src=\"https:\/\/www.grillsymbol.com\/de\/ueber-die-materialien-und-bodenformen-der-pfannen\/corten-alterungsprozess\/embed\/#?secret=Z6vHm6mxdH\" data-secret=\"Z6vHm6mxdH\" width=\"600\" height=\"338\" frameborder=\"0\" marginwidth=\"0\" marginheight=\"0\" scrolling=\"no\"><\/iframe><\/p>\n<p>&nbsp;<\/p>\n","protected":false},"excerpt":{"rendered":"<p><strong>WoodStock ist ein modulares Lagerregal f\u00fcr Brennholz.<\/strong> Das Set enth\u00e4lt 2 Module in unterschiedlichen Ma\u00dfen: S und M. Weitere Module k\u00f6nnen separat erworben werden. Schnell zu installierende und auff\u00e4llige L\u00f6sung zur Lagerung von Brennholz und zur Trennung von Bereichen.<\/p>\n<p><strong>Design: Petteri Wiimaa<\/strong><\/p>\n<p>Cortenstahl ist fast reiner Kohlenstoffstahl, aber wetterfest behandelt, so dass eine Schutzschicht gegen Wettereinfl\u00fcsse entsteht. Die Oberfl\u00e4che ist anfangs grau, wird aber durch Wettereinfl\u00fcsse r\u00f6tlichbraun (Farbe ist \u00e4hnlich dem Rost), mit der Zeit wird die Farbe etwas dunkler. Bei bestimmungsgem\u00e4\u00dfer Verwendung ist Cor-Ten Stahl ausdrucksstark, pflegefrei und bleibt lang im guten Zustand. Die Produkte aus Cortenstahl m\u00fcssen im Winter weder in Innenr\u00e4umen gelagert noch bedeckt werden, da der rostfreie Cortenstahl jedem Wetter standh\u00e4lt.<\/p>\n","protected":false},"featured_media":18802,"comment_status":"open","ping_status":"closed","template":"","meta":{"footnotes":""},"class_list":["post-18794","product","type-product","status-publish","has-post-thumbnail","hentry","product_cat-holzlager-aus-cortenstahl"],"_links":{"self":[{"href":"https:\/\/www.grillsymbol.com\/de\/wp-json\/wp\/v2\/product\/18794","targetHints":{"allow":["GET"]}}],"collection":[{"href":"https:\/\/www.grillsymbol.com\/de\/wp-json\/wp\/v2\/product"}],"about":[{"href":"https:\/\/www.grillsymbol.com\/de\/wp-json\/wp\/v2\/types\/product"}],"replies":[{"embeddable":true,"href":"https:\/\/www.grillsymbol.com\/de\/wp-json\/wp\/v2\/comments?post=18794"}],"version-history":[{"count":0,"href":"https:\/\/www.grillsymbol.com\/de\/wp-json\/wp\/v2\/product\/18794\/revisions"}],"wp:featuredmedia":[{"embeddable":true,"href":"https:\/\/www.grillsymbol.com\/de\/wp-json\/wp\/v2\/media\/18802"}],"wp:attachment":[{"href":"https:\/\/www.grillsymbol.com\/de\/wp-json\/wp\/v2\/media?parent=18794"}],"curies":[{"name":"wp","href":"https:\/\/api.w.org\/{rel}","templated":true}]}}