{"id":18861,"date":"2022-09-23T06:40:27","date_gmt":"2022-09-23T06:40:28","guid":{"rendered":"https:\/\/www.grillsymbol.com\/?post_type=product&#038;p=18861"},"modified":"2025-06-27T11:09:59","modified_gmt":"2025-06-27T11:09:59","slug":"grillsymbol-holzlager-aus-cortenstahl-wall-17837170-cm","status":"publish","type":"product","link":"https:\/\/www.grillsymbol.com\/de\/shop\/holzlager-aus-cortenstahl\/grillsymbol-holzlager-aus-cortenstahl-wall-17837170-cm\/","title":{"rendered":"GrillSymbol Holzlager aus Cortenstahl WALL 178*37*170 cm"},"content":{"rendered":"<p>&nbsp;<\/p>\n<ul>\n<li>Material: 2 mm Cortenstahl<\/li>\n<li>Breite: 178 cm<\/li>\n<li>H\u00f6he: 170 cm<\/li>\n<li>Tiefe: 37 cm<\/li>\n<li>Gewicht: ca. 80 kg<\/li>\n<li>Kapazit\u00e4t: ca, 1,85 m\u00b3 Brennholz<\/li>\n<li>Im Set 3 Modulen<\/li>\n<li>Montagezeit ca. 90 min<\/li>\n<li>Im Set Befestigungswinkel zu Fixierung am Untergrund(Holz, Stein usw.)<\/li>\n<\/ul>\n<p>&nbsp;<\/p>\n<p><strong>Achtung:<\/strong> CorTen-Stahl Holzlager werden unbehandelt geliefert und sind grau. Die Kochsalzl\u00f6sung kann den Alterungsprozess beschleunigen. Genauere Infos finden Sie hier:<\/p>\n<p>&nbsp;<\/p>\n<blockquote class=\"wp-embedded-content\" data-secret=\"Mj2vy46wjJ\"><p><a href=\"https:\/\/www.grillsymbol.com\/de\/ueber-die-materialien-und-bodenformen-der-pfannen\/corten-alterungsprozess\/\">Corten Alterungsprozess<\/a><\/p><\/blockquote>\n<p><iframe loading=\"lazy\" class=\"wp-embedded-content\" sandbox=\"allow-scripts\" security=\"restricted\" style=\"position: absolute; clip: rect(1px, 1px, 1px, 1px);\" title=\"&#8222;Corten Alterungsprozess&#8220; &#8212; GrillSymbol\" src=\"https:\/\/www.grillsymbol.com\/de\/ueber-die-materialien-und-bodenformen-der-pfannen\/corten-alterungsprozess\/embed\/#?secret=Mj2vy46wjJ\" data-secret=\"Mj2vy46wjJ\" width=\"600\" height=\"338\" frameborder=\"0\" marginwidth=\"0\" marginheight=\"0\" scrolling=\"no\"><\/iframe><\/p>\n","protected":false},"excerpt":{"rendered":"<p><strong>WALL ist ein modulares Lagerregal f\u00fcr Brennholz.<\/strong> Das Set enth\u00e4lt 3 Module, zus\u00e4tzliche Module k\u00f6nnen separat erworben werden. Schnell zu installierende und auff\u00e4llige L\u00f6sung zur Lagerung von Brennholz und zur Trennung von Bereichen.<\/p>\n<p><strong>Design: Petteri Wiimaa<\/strong><\/p>\n<p>Cortenstahl ist fast reiner Kohlenstoffstahl, aber wetterfest behandelt, so dass eine Schutzschicht gegen Wettereinfl\u00fcsse entsteht. Die Oberfl\u00e4che ist anfangs grau, wird aber durch Wettereinfl\u00fcsse r\u00f6tlichbraun (Farbe ist \u00e4hnlich dem Rost), mit der Zeit wird die Farbe etwas dunkler. Bei bestimmungsgem\u00e4\u00dfer Verwendung ist Cor-Ten Stahl ausdrucksstark, pflegefrei und bleibt lang im guten Zustand. Die Produkte aus Cortenstahl m\u00fcssen im Winter weder in Innenr\u00e4umen gelagert noch bedeckt werden, da der rostfreie Cortenstahl jedem Wetter standh\u00e4lt.<\/p>\n<p><strong>Auch in der H\u00f6he 200 cm m\u00f6glich! Fragen Sie nach einem Angebot!<\/strong><\/p>\n","protected":false},"featured_media":18866,"comment_status":"open","ping_status":"closed","template":"","meta":{"footnotes":""},"class_list":["post-18861","product","type-product","status-publish","has-post-thumbnail","hentry","product_cat-holzlager-aus-cortenstahl"],"_links":{"self":[{"href":"https:\/\/www.grillsymbol.com\/de\/wp-json\/wp\/v2\/product\/18861","targetHints":{"allow":["GET"]}}],"collection":[{"href":"https:\/\/www.grillsymbol.com\/de\/wp-json\/wp\/v2\/product"}],"about":[{"href":"https:\/\/www.grillsymbol.com\/de\/wp-json\/wp\/v2\/types\/product"}],"replies":[{"embeddable":true,"href":"https:\/\/www.grillsymbol.com\/de\/wp-json\/wp\/v2\/comments?post=18861"}],"version-history":[{"count":0,"href":"https:\/\/www.grillsymbol.com\/de\/wp-json\/wp\/v2\/product\/18861\/revisions"}],"wp:featuredmedia":[{"embeddable":true,"href":"https:\/\/www.grillsymbol.com\/de\/wp-json\/wp\/v2\/media\/18866"}],"wp:attachment":[{"href":"https:\/\/www.grillsymbol.com\/de\/wp-json\/wp\/v2\/media?parent=18861"}],"curies":[{"name":"wp","href":"https:\/\/api.w.org\/{rel}","templated":true}]}}