{"id":18946,"date":"2022-09-28T10:21:18","date_gmt":"2022-09-28T10:21:18","guid":{"rendered":"https:\/\/www.grillsymbol.com\/?post_type=product&#038;p=18946"},"modified":"2023-08-10T13:17:48","modified_gmt":"2023-08-10T13:17:48","slug":"petteri-wiimaa-blumentopf-myy-s","status":"publish","type":"product","link":"https:\/\/www.grillsymbol.com\/de\/shop\/pflanzkuebeln-aus-cortenstahl\/petteri-wiimaa-blumentopf-myy-s\/","title":{"rendered":"Petteri Wiimaa Blumentopf Myy-S"},"content":{"rendered":"<p>&nbsp;<\/p>\n<ul>\n<li>Material: 2 mm Cor-Ten Stahl<\/li>\n<li>Durchmesser: 40 cm<\/li>\n<li>H\u00f6he; 49 cm<\/li>\n<li>Gewicht: 10 kg<\/li>\n<li>Im Boden sind Ablaufl\u00f6cher f\u00fcr Wasser<\/li>\n<\/ul>\n<p>&nbsp;<\/p>\n<p>ACHTUNG! Der Blumentopf wird in Handarbeit hergestellt, daher k\u00f6nnen an den Schwei\u00dfstellen des Produkts ohne Rostschicht leichte Unebenheiten auftreten. Wenn sich jedoch die Cor-Ten-Rostschicht bildet, verschwinden die Unebenheiten.<\/p>\n<p>&nbsp;<\/p>\n<p><strong>Achtung:<\/strong> CorTen-Stahl Pflanzk\u00fcbel werden unbehandelt geliefert und sind grau. Die Kochsalzl\u00f6sung kann den Alterungsprozess beschleunigen. Genauere Infos finden Sie hier:<\/p>\n<p>&nbsp;<\/p>\n<blockquote class=\"wp-embedded-content\" data-secret=\"EXTo0NHXUK\"><p><a href=\"https:\/\/www.grillsymbol.com\/de\/ueber-die-materialien-und-bodenformen-der-pfannen\/corten-alterungsprozess\/\">Corten Alterungsprozess<\/a><\/p><\/blockquote>\n<p><iframe loading=\"lazy\" class=\"wp-embedded-content\" sandbox=\"allow-scripts\" security=\"restricted\" style=\"position: absolute; clip: rect(1px, 1px, 1px, 1px);\" title=\"&#8222;Corten Alterungsprozess&#8220; &#8212; GrillSymbol\" src=\"https:\/\/www.grillsymbol.com\/de\/ueber-die-materialien-und-bodenformen-der-pfannen\/corten-alterungsprozess\/embed\/#?secret=qXgmr4hKzh#?secret=EXTo0NHXUK\" data-secret=\"EXTo0NHXUK\" width=\"600\" height=\"338\" frameborder=\"0\" marginwidth=\"0\" marginheight=\"0\" scrolling=\"no\"><\/iframe><\/p>\n","protected":false},"excerpt":{"rendered":"<p><strong>Blumentopf Myy-S aus Cor-Ten Stahl<\/strong><\/p>\n<p><strong>Design: Petteri Wiimaa<\/strong><\/p>\n<p>Cortenstahl ist fast reiner Kohlenstoffstahl, aber wetterfest behandelt, so dass eine Schutzschicht gegen Wettereinfl\u00fcsse entsteht. Die Oberfl\u00e4che ist anfangs grau, wird aber durch Wettereinfl\u00fcsse r\u00f6tlichbraun (Farbe ist \u00e4hnlich dem Rost), mit der Zeit wird die Farbe etwas dunkler. Bei bestimmungsgem\u00e4\u00dfer Verwendung ist Cor-Ten Stahl ausdrucksstark, pflegefrei und bleibt lang im guten Zustand.<\/p>\n<p>Die Produkte aus Cortenstahl m\u00fcssen im Winter weder in Innenr\u00e4umen gelagert noch bedeckt werden, da der rostfreie Cortenstahl jedem Wetter standh\u00e4lt.<\/p>\n<p>Dar\u00fcber hinaus ist Cortenstahl zu 100% recyclebar und somit ein \u00f6kologisches Material.<\/p>\n","protected":false},"featured_media":18929,"comment_status":"open","ping_status":"closed","template":"","meta":{"footnotes":""},"class_list":["post-18946","product","type-product","status-publish","has-post-thumbnail","hentry","product_cat-pflanzkuebeln-aus-cortenstahl"],"_links":{"self":[{"href":"https:\/\/www.grillsymbol.com\/de\/wp-json\/wp\/v2\/product\/18946","targetHints":{"allow":["GET"]}}],"collection":[{"href":"https:\/\/www.grillsymbol.com\/de\/wp-json\/wp\/v2\/product"}],"about":[{"href":"https:\/\/www.grillsymbol.com\/de\/wp-json\/wp\/v2\/types\/product"}],"replies":[{"embeddable":true,"href":"https:\/\/www.grillsymbol.com\/de\/wp-json\/wp\/v2\/comments?post=18946"}],"version-history":[{"count":0,"href":"https:\/\/www.grillsymbol.com\/de\/wp-json\/wp\/v2\/product\/18946\/revisions"}],"wp:featuredmedia":[{"embeddable":true,"href":"https:\/\/www.grillsymbol.com\/de\/wp-json\/wp\/v2\/media\/18929"}],"wp:attachment":[{"href":"https:\/\/www.grillsymbol.com\/de\/wp-json\/wp\/v2\/media?parent=18946"}],"curies":[{"name":"wp","href":"https:\/\/api.w.org\/{rel}","templated":true}]}}