{"id":19432,"date":"2022-12-05T12:21:20","date_gmt":"2022-12-05T12:21:20","guid":{"rendered":"https:\/\/grillsymbol.com\/shop\/unkategorisiert\/petteri-wiimaa-bird-feeder-circle\/"},"modified":"2024-11-05T07:48:01","modified_gmt":"2024-11-05T07:48:01","slug":"petteri-wiimaa-futterstation-circle","status":"publish","type":"product","link":"https:\/\/www.grillsymbol.com\/de\/shop\/vogelfutterhaeuser-und-nistkaesten\/petteri-wiimaa-futterstation-circle\/","title":{"rendered":"Petteri Wiimaa Futterstation Circle 1=2"},"content":{"rendered":"<p><strong>Produktbeschreibung:<\/strong><\/p>\n<ul>\n<li>Material: Cor-Ten Stahl<\/li>\n<li>Durchmesser: 16,5 cm<\/li>\n<li>Gewicht: ca. 300 g<\/li>\n<li>Im Set enthalten Befestigungsnagel, Bolzen zu Befestigung und Band.<\/li>\n<\/ul>\n<p>&nbsp;<\/p>\n<p><strong>Achtung!<\/strong> Die Besfestigungsnagel f\u00fcr Futter sind scharf. Beim Befestigen des Futters ruhig sein, wir empfehlen die Arbeitshandschuhe zu tragen.<\/p>\n<p>Die Oberfl\u00e4che ist anfangs grau, wird aber durch Wettereinfl\u00fcsse r\u00f6tlichbraun (Farbe ist \u00e4hnlich dem Rost), mit der Zeit wird die Farbe etwas dunkler.<\/p>\n<p>&nbsp;<\/p>\n<h5><\/h5>\n<h5><a href=\"https:\/\/www.grillsymbol.com\/de\/ueber-die-materialien-und-bodenformen-der-pfannen\/corten-alterungsprozess\/\" target=\"_blank\" rel=\"noopener\">Siehe hier: Alterungsleitfaden f\u00fcr Cor-Ten-Produkte<\/a><\/h5>\n","protected":false},"excerpt":{"rendered":"<p><strong>Sonderangebot: 1=2<\/strong><\/p>\n<p>H\u00e4nge oder befestige an Balkon, im Garten an Baum, an die Hauswand oder wo anders \u2013 die V\u00f6gel werden es lieben! Die Futterstationen Circle f\u00fcr V\u00f6gel ist aus wetterbest\u00e4ndigem Cor-Ten Stahl und bringen die Natur Dir n\u00e4her und die V\u00f6gel m\u00f6gen sie!<\/p>\n<p>&nbsp;<\/p>\n<p>Wir sch\u00fctzen die Natur. Die Futterstationen Circle werden bis zu 96% aus den Produktionsresten angefertigt. Circle Details werden aus \u00fcberbleibenden Ecken und Seiten gefertigt, die sonst in Abfall landen w\u00fcrden. Verpackung von Circle ist aus 100% recycelten Papier.<\/p>\n<p>&nbsp;<\/p>\n<p><strong>Design: Petteri Wiimaa<\/strong><\/p>\n<p>&nbsp;<\/p>\n<p>&nbsp;<\/p>\n","protected":false},"featured_media":19607,"comment_status":"open","ping_status":"closed","template":"","meta":{"footnotes":""},"class_list":["post-19432","product","type-product","status-publish","has-post-thumbnail","hentry","product_cat-vogelfutterhaeuser-und-nistkaesten"],"_links":{"self":[{"href":"https:\/\/www.grillsymbol.com\/de\/wp-json\/wp\/v2\/product\/19432","targetHints":{"allow":["GET"]}}],"collection":[{"href":"https:\/\/www.grillsymbol.com\/de\/wp-json\/wp\/v2\/product"}],"about":[{"href":"https:\/\/www.grillsymbol.com\/de\/wp-json\/wp\/v2\/types\/product"}],"replies":[{"embeddable":true,"href":"https:\/\/www.grillsymbol.com\/de\/wp-json\/wp\/v2\/comments?post=19432"}],"version-history":[{"count":0,"href":"https:\/\/www.grillsymbol.com\/de\/wp-json\/wp\/v2\/product\/19432\/revisions"}],"wp:featuredmedia":[{"embeddable":true,"href":"https:\/\/www.grillsymbol.com\/de\/wp-json\/wp\/v2\/media\/19607"}],"wp:attachment":[{"href":"https:\/\/www.grillsymbol.com\/de\/wp-json\/wp\/v2\/media?parent=19432"}],"curies":[{"name":"wp","href":"https:\/\/api.w.org\/{rel}","templated":true}]}}