{"id":19433,"date":"2022-12-05T12:20:31","date_gmt":"2022-12-05T12:20:31","guid":{"rendered":"https:\/\/grillsymbol.com\/shop\/unkategorisiert\/fixator-for-bird-feeder-station\/"},"modified":"2026-03-26T10:12:16","modified_gmt":"2026-03-26T10:12:16","slug":"petteri-wiimaa-vogelhaus-station-wandbefestigung","status":"publish","type":"product","link":"https:\/\/www.grillsymbol.com\/de\/shop\/vogelfutterhaeuser-und-nistkaesten\/petteri-wiimaa-vogelhaus-station-wandbefestigung\/","title":{"rendered":"Petteri Wiimaa Vogelhaus Station + Wandbefestigung"},"content":{"rendered":"<ul>\n<li>Material: 2mm Cor-Ten Stahl<\/li>\n<li>Masse: 66 x 30 x 24 cm (L*W*H)<\/li>\n<li>Masse Futterbereich: 59 x 30 cm<\/li>\n<li>Wandbefestigung<\/li>\n<li>Gewicht: ca. 12 kg<\/li>\n<li>Im Set: Aufh\u00e4ngeseil aus 3mm rostfreien Stahl, Abdeckung und Stopper f\u00fcr den Seil, Sch\u00fcssel f\u00fcr Vogelfutter und\u00a0Wandbefestigung<\/li>\n<li>Vogelhaus wird in Teilen geliefert, Aufbau ca. 15-20 Minuten<\/li>\n<\/ul>\n<p>&nbsp;<\/p>\n<p><strong>Achtung!<\/strong>\u00a0Hierbei handelt es sich um schweres Produkt! Beim Aufbau die Sicherheitsvorkehrungen beachten:<\/p>\n<ul>\n<li>F\u00fcr die Station passenden Platz aussuchen, um sp\u00e4teres Umplatzieren zu vermeiden (z.B. ist nicht passend ein Platz bei Kinderspielplatz, Terrasse oder \u00e4hnliches). Auch die V\u00f6gel ben\u00f6tigen etwas Privatsph\u00e4re!<\/li>\n<li>Die Stopper der Aufh\u00e4ngeseile fest zu ziehen, damit die Seile an Befestigungsstellen nicht nachgibt.<\/li>\n<li>Sicherstellen, dass die Seile nicht \u00fcber die Befestigungsstelle (Ast, Balken, Befestigungsschlaufe) oder bei heftigem Wind verrutscht (das Vogelhaus schwankt im Wind und dadurch kann es verrutschen).<\/li>\n<li>Sicherstellen, dass die Seilabdeckung aus Kunststoff die Seile dort sch\u00fctzt, wo es mit dem Metall zusammenkommt.<\/li>\n<li>Die Seile jedes Jahr bez\u00fcglich Verschlei\u00dfes kontrollieren. Bei defektem Seil diese sofort austauschen!<\/li>\n<\/ul>\n<p>&nbsp;<\/p>\n<p><strong>Achtung!<\/strong>\u00a0Die Produkte aus Corten Stahl werden unbehandelt geliefert und sind somit grau wie gew\u00f6hnlicher warmgewalzter Stahl. Anleitung zu Alterungsprozesses von Corten Stahl findest Du auf unserer Webseite oder kannst es direkt von dem Produkt Scannen.<\/p>\n<h5><\/h5>\n<h5><a href=\"https:\/\/www.grillsymbol.com\/de\/ueber-die-materialien-und-bodenformen-der-pfannen\/corten-alterungsprozess\/\" target=\"_blank\" rel=\"noopener\">Siehe hier: Alterungsleitfaden f\u00fcr Cor-Ten-Produkte<\/a><\/h5>\n","protected":false},"excerpt":{"rendered":"<p>\u201dLas uns treffen und ein nettes Restaurantessen genie\u00dfen? Da hat man genug Platz und Regen und Schnee fallen nicht auf dem Kopf?\u201c<\/p>\n<p>Das Vogelhaus Station ist f\u00fcr so ein Treffen ideal! Von den Massen ist es einer der gr\u00f6\u00dften unter seines gleichen \u2013 m\u00e4chtige 30\u00d760 cm! Man muss sich keine M\u00fche geben, um einen Tisch zu reservieren, denn der tragbare Sch\u00fcssel hat eine solide Gr\u00f6\u00dfe. Das Dach ist \u00fcber den Kopf, Stangen auf beiden Seiten, auf dem Dach eine nordische Tanne einfach nur so oder zum Turnen da \u2013 was k\u00f6nnte man sich mehr w\u00fcnschen?<\/p>\n<p>Vielleicht nur noch ein paar Futterb\u00e4lle dazu\u2026<\/p>\n<p>&nbsp;<\/p>\n<p><strong>Design: Petteri Wiimaa<\/strong><\/p>\n<p>&nbsp;<\/p>\n","protected":false},"featured_media":23231,"comment_status":"open","ping_status":"closed","template":"","meta":{"footnotes":""},"class_list":["post-19433","product","type-product","status-publish","has-post-thumbnail","hentry","product_cat-vogelfutterhaeuser-und-nistkaesten"],"_links":{"self":[{"href":"https:\/\/www.grillsymbol.com\/de\/wp-json\/wp\/v2\/product\/19433","targetHints":{"allow":["GET"]}}],"collection":[{"href":"https:\/\/www.grillsymbol.com\/de\/wp-json\/wp\/v2\/product"}],"about":[{"href":"https:\/\/www.grillsymbol.com\/de\/wp-json\/wp\/v2\/types\/product"}],"replies":[{"embeddable":true,"href":"https:\/\/www.grillsymbol.com\/de\/wp-json\/wp\/v2\/comments?post=19433"}],"version-history":[{"count":0,"href":"https:\/\/www.grillsymbol.com\/de\/wp-json\/wp\/v2\/product\/19433\/revisions"}],"wp:featuredmedia":[{"embeddable":true,"href":"https:\/\/www.grillsymbol.com\/de\/wp-json\/wp\/v2\/media\/23231"}],"wp:attachment":[{"href":"https:\/\/www.grillsymbol.com\/de\/wp-json\/wp\/v2\/media?parent=19433"}],"curies":[{"name":"wp","href":"https:\/\/api.w.org\/{rel}","templated":true}]}}