{"id":19434,"date":"2022-12-05T12:19:26","date_gmt":"2022-12-05T12:19:26","guid":{"rendered":"https:\/\/grillsymbol.com\/shop\/unkategorisiert\/petteri-wiimaa-bird-feeder-station\/"},"modified":"2026-03-26T15:37:29","modified_gmt":"2026-03-26T15:37:29","slug":"petteri-wiimaa-bird-feeder-station","status":"publish","type":"product","link":"https:\/\/www.grillsymbol.com\/de\/shop\/vogelfutterhaeuser-und-nistkaesten\/petteri-wiimaa-bird-feeder-station\/","title":{"rendered":"Petteri Wiimaa Vogelhaus Station"},"content":{"rendered":"<p><strong>Produktbeschreibung:<\/strong><\/p>\n<p>&nbsp;<\/p>\n<ul>\n<li>Material: 2mm Cor-Ten Stahl<\/li>\n<li>Masse: 66 x 30 x 24 cm (L*W*H)<\/li>\n<li>Masse Futterbereich: 59 x 30 cm<\/li>\n<li>Gewicht: ca. 10 kg<\/li>\n<li>Im Set: Aufh\u00e4ngeseil aus 3mm rostfreien Stahl, Abdeckung und Stopper f\u00fcr den Seil, Sch\u00fcssel f\u00fcr Vogelfutter<\/li>\n<li>Wandbefestigung kann dazu bestellt werden, Warenkode: Station-Fix<\/li>\n<li>Vogelhaus wird in Teilen geliefert, Aufbau ca. 15-20 Minuten<\/li>\n<\/ul>\n<p>&nbsp;<\/p>\n<p><strong>Achtung!<\/strong> Hierbei handelt es sich um schweres Produkt! Beim Aufbau die Sicherheitsvorkehrungen beachten:<\/p>\n<ul>\n<li>F\u00fcr die Station passenden Platz aussuchen, um sp\u00e4teres Umplatzieren zu vermeiden (z.B. ist nicht passend ein Platz bei Kinderspielplatz, Terrasse oder \u00e4hnliches). Auch die V\u00f6gel ben\u00f6tigen etwas Privatsph\u00e4re!<\/li>\n<li>Die Stopper der Aufh\u00e4ngeseile fest zu ziehen, damit die Seile an Befestigungsstellen nicht nachgibt.<\/li>\n<li>Sicherstellen, dass die Seile nicht \u00fcber die Befestigungsstelle (Ast, Balken, Befestigungsschlaufe) oder bei heftigem Wind verrutscht (das Vogelhaus schwankt im Wind und dadurch kann es verrutschen).<\/li>\n<li>Sicherstellen, dass die Seilabdeckung aus Kunststoff die Seile dort sch\u00fctzt, wo es mit dem Metall zusammenkommt.<\/li>\n<li>Die Seile jedes Jahr bez\u00fcglich Verschlei\u00dfes kontrollieren. Bei defektem Seil diese sofort austauschen!<\/li>\n<\/ul>\n<p>&nbsp;<\/p>\n<p>&nbsp;<\/p>\n<p>Die Oberfl\u00e4che ist anfangs grau, wird aber durch Wettereinfl\u00fcsse r\u00f6tlichbraun (Farbe ist \u00e4hnlich dem Rost), mit der Zeit wird die Farbe etwas dunkler.<\/p>\n<p>&nbsp;<\/p>\n<blockquote class=\"wp-embedded-content\" data-secret=\"FKbzzeDrX6\"><p><a href=\"https:\/\/www.grillsymbol.com\/de\/ueber-die-materialien-und-bodenformen-der-pfannen\/corten-alterungsprozess\/\">Corten Alterungsprozess<\/a><\/p><\/blockquote>\n<p><iframe loading=\"lazy\" class=\"wp-embedded-content\" sandbox=\"allow-scripts\" security=\"restricted\" style=\"position: absolute; clip: rect(1px, 1px, 1px, 1px);\" title=\"&#8222;Corten Alterungsprozess&#8220; &#8212; GrillSymbol\" src=\"https:\/\/www.grillsymbol.com\/de\/ueber-die-materialien-und-bodenformen-der-pfannen\/corten-alterungsprozess\/embed\/#?secret=FKbzzeDrX6\" data-secret=\"FKbzzeDrX6\" width=\"600\" height=\"338\" frameborder=\"0\" marginwidth=\"0\" marginheight=\"0\" scrolling=\"no\"><\/iframe><\/p>\n<p>&nbsp;<\/p>\n","protected":false},"excerpt":{"rendered":"<p>\u201dLas uns treffen und ein nettes Restaurantessen genie\u00dfen? Da hat man genug Platz und Regen und Schnee fallen nicht auf dem Kopf?\u201c<\/p>\n<p>Das Vogelhaus Station ist f\u00fcr so ein Treffen ideal! Von den Massen ist es einer der gr\u00f6\u00dften unter seines gleichen \u2013 m\u00e4chtige 30&#215;60 cm! Man muss sich keine M\u00fche geben, um einen Tisch zu reservieren, denn der tragbare Sch\u00fcssel hat eine solide Gr\u00f6\u00dfe. Das Dach ist \u00fcber den Kopf, Stangen auf beiden Seiten, auf dem Dach eine nordische Tanne einfach nur so oder zum Turnen da \u2013 was k\u00f6nnte man sich mehr w\u00fcnschen?<\/p>\n<p>Vielleicht nur noch ein paar Futterb\u00e4lle dazu\u2026<\/p>\n<p>&nbsp;<\/p>\n<p><strong>Design: Petteri Wiimaa<\/strong><\/p>\n","protected":false},"featured_media":19411,"comment_status":"open","ping_status":"closed","template":"","meta":{"footnotes":""},"class_list":["post-19434","product","type-product","status-publish","has-post-thumbnail","hentry","product_cat-vogelfutterhaeuser-und-nistkaesten"],"_links":{"self":[{"href":"https:\/\/www.grillsymbol.com\/de\/wp-json\/wp\/v2\/product\/19434","targetHints":{"allow":["GET"]}}],"collection":[{"href":"https:\/\/www.grillsymbol.com\/de\/wp-json\/wp\/v2\/product"}],"about":[{"href":"https:\/\/www.grillsymbol.com\/de\/wp-json\/wp\/v2\/types\/product"}],"replies":[{"embeddable":true,"href":"https:\/\/www.grillsymbol.com\/de\/wp-json\/wp\/v2\/comments?post=19434"}],"version-history":[{"count":0,"href":"https:\/\/www.grillsymbol.com\/de\/wp-json\/wp\/v2\/product\/19434\/revisions"}],"wp:featuredmedia":[{"embeddable":true,"href":"https:\/\/www.grillsymbol.com\/de\/wp-json\/wp\/v2\/media\/19411"}],"wp:attachment":[{"href":"https:\/\/www.grillsymbol.com\/de\/wp-json\/wp\/v2\/media?parent=19434"}],"curies":[{"name":"wp","href":"https:\/\/api.w.org\/{rel}","templated":true}]}}