{"id":19682,"date":"2023-02-13T10:03:44","date_gmt":"2023-02-13T10:03:44","guid":{"rendered":"https:\/\/www.grillsymbol.com\/?post_type=product&#038;p=19682"},"modified":"2023-04-06T10:30:07","modified_gmt":"2023-04-06T10:30:07","slug":"grillsymbol-plancha","status":"publish","type":"product","link":"https:\/\/www.grillsymbol.com\/de\/shop\/unkategorisiert\/grillsymbol-plancha\/","title":{"rendered":"GrillSymbol Plancha"},"content":{"rendered":"<ul>\n<li>Material: hochwertiger 5 mm warmgewalzter Stahl<\/li>\n<li>Ma\u00dfe: 28 x 34 cm<\/li>\n<li>Gewicht: 4,6 kg<\/li>\n<li>H\u00f6he hinterer und seitlicher Rand: 3 cm<\/li>\n<li>H\u00f6he vorderer Rand. 1,5 cm (glatt gebogen)<\/li>\n<li>Feste Griffe, einfach und bequem heben und reinigen<\/li>\n<\/ul>\n<p>Anfangs ist Plancha silbergrau wie Metall, durch Benutzung oder Einbrennen wird die Fl\u00e4che dunkler und auf der Oberfl\u00e4che wird eine Schutzschicht gebildet. Das neue Produkt hat in den Ecken Spuren von Schwei\u00dfen, die aber durch entstehende dunkle Schicht unsichtbar werden.<\/p>\n<p>Es ist nicht zu empfehlen, die Plancha aus Stahl in dem Geschirrsp\u00fcler zu reinigen, denn dabei l\u00f6st sich die eingebrannte Schutzschicht.<\/p>\n<p>Wie sollte die Plancha eingearbeitete und gepflegt werden? Mehr dazu in der Gebrauchsanweisung unter \u201eErste Benutzung\u201c und \u201ePflege\u201c.<\/p>\n","protected":false},"excerpt":{"rendered":"<p>Plancha aus Stahl ist eine gro\u00dfe Grillplatte, auf der man auf ein mal 4 gro\u00dfe, bis 14cm Durchmesser Burger zubereitet werden k\u00f6nnen.<\/p>\n<p>Auch f\u00fcr andere Gerichte ist Plancha ideal \u2013 so wie unterschiedliche Grillgerichte, Speck, Eier, Pfannkuchen, Steaks, Gem\u00fcse oder Meeresfr\u00fcchte.<\/p>\n<p>Kann auf Holzkohle- und Gasgrill, Gasbrenner, Herd (auch Induktsionsherd) benutzt werden. <strong>Achtung!<\/strong> Induktionsherd darf nicht auf volle Leistung sein!<\/p>\n<p>Kann mit folgenden GrillSymbol Grills benutzt werden: Chef, Chef-XL, Chef-NXS, Naked Chef ja Naked Chef XL. Von den Ma\u00dfen passend auch f\u00fcr gr\u00f6\u00dfere Modelle der keramischen Grills (L und XL der Big Green Egg, Kamado Joe u.a).<\/p>\n","protected":false},"featured_media":20762,"comment_status":"open","ping_status":"closed","template":"","meta":{"footnotes":""},"class_list":{"0":"post-19682","1":"product","2":"type-product","3":"status-publish","4":"has-post-thumbnail","5":"hentry","6":"product_cat-grillzubehor","8":"product_cat-unkategorisiert"},"_links":{"self":[{"href":"https:\/\/www.grillsymbol.com\/de\/wp-json\/wp\/v2\/product\/19682","targetHints":{"allow":["GET"]}}],"collection":[{"href":"https:\/\/www.grillsymbol.com\/de\/wp-json\/wp\/v2\/product"}],"about":[{"href":"https:\/\/www.grillsymbol.com\/de\/wp-json\/wp\/v2\/types\/product"}],"replies":[{"embeddable":true,"href":"https:\/\/www.grillsymbol.com\/de\/wp-json\/wp\/v2\/comments?post=19682"}],"version-history":[{"count":0,"href":"https:\/\/www.grillsymbol.com\/de\/wp-json\/wp\/v2\/product\/19682\/revisions"}],"wp:featuredmedia":[{"embeddable":true,"href":"https:\/\/www.grillsymbol.com\/de\/wp-json\/wp\/v2\/media\/20762"}],"wp:attachment":[{"href":"https:\/\/www.grillsymbol.com\/de\/wp-json\/wp\/v2\/media?parent=19682"}],"curies":[{"name":"wp","href":"https:\/\/api.w.org\/{rel}","templated":true}]}}