{"id":19700,"date":"2023-02-13T12:58:18","date_gmt":"2023-02-13T12:58:19","guid":{"rendered":"https:\/\/www.grillsymbol.com\/?post_type=product&#038;p=19700"},"modified":"2023-04-06T10:25:40","modified_gmt":"2023-04-06T10:25:40","slug":"grillsymbol-plancha-inox","status":"publish","type":"product","link":"https:\/\/www.grillsymbol.com\/de\/shop\/grillzubehor\/grillsymbol-plancha-inox\/","title":{"rendered":"GrillSymbol Plancha Inox"},"content":{"rendered":"<ul>\n<li>Material: 5 mm Edelstahl (AISI 304)<\/li>\n<li>Ma\u00dfe: 28 x 34 cm<\/li>\n<li>Gewicht: 4,6 kg<\/li>\n<li>H\u00f6he hinterer und seitlicher Rand: 3 cm<\/li>\n<li>H\u00f6he vorderer Rand. 1,5 cm (glatt gebogen)<\/li>\n<li>Feste Griffe, einfach und bequem heben und reinigen<\/li>\n<\/ul>\n<p>Anfangs hat Plancha die silberne Farbe des Edelstahls. Auf offenem Feuer, bei der Hitze \u00fcber 450C wird die Oberfl\u00e4che dunkler. Das neue Produkt hat in den Ecken Spuren von Schwei\u00dfen, die aber durch Benutzung weniger sichtbar werden.<\/p>\n<p><strong>Edelstahl Plancha kann in Geschirrsp\u00fcler gesp\u00fclt werden<\/strong><\/p>\n","protected":false},"excerpt":{"rendered":"<p>Plancha aus Edelstahl ist eine Grillplatte mit dickem Boden, auf der man auf ein mal 4 gro\u00dfe, bis 14cm Durchmesser Burger zubereitet werden k\u00f6nnen.<\/p>\n<p>Auch f\u00fcr andere Gerichte ist Plancha ideal \u2013 so wie unterschiedliche Grillgerichte, Speck, Eier, Pfannkuchen, Steaks, Gem\u00fcse oder Meeresfr\u00fcchte.<\/p>\n<p>Kann auf Holzkohle- und Gasgrill, Gasbrenner, Herd benutzt werden. Kann mit folgenden GrillSymbol Grills benutzt werden: Chef, Chef-XL, Chef-NXS, Naked Chef ja Naked Chef XL. Von den Ma\u00dfen passend auch f\u00fcr gr\u00f6\u00dfere Modelle der keramischen Grills (L und XL der Big Green Egg, Kamado Joe u.a).<\/p>\n<p><strong>Achtung!<\/strong> <strong>Kann nicht auf Induktionsherd benutzt werden!<\/strong><\/p>\n","protected":false},"featured_media":20760,"comment_status":"open","ping_status":"closed","template":"","meta":{"footnotes":""},"class_list":["post-19700","product","type-product","status-publish","has-post-thumbnail","hentry","product_cat-grillzubehor"],"_links":{"self":[{"href":"https:\/\/www.grillsymbol.com\/de\/wp-json\/wp\/v2\/product\/19700","targetHints":{"allow":["GET"]}}],"collection":[{"href":"https:\/\/www.grillsymbol.com\/de\/wp-json\/wp\/v2\/product"}],"about":[{"href":"https:\/\/www.grillsymbol.com\/de\/wp-json\/wp\/v2\/types\/product"}],"replies":[{"embeddable":true,"href":"https:\/\/www.grillsymbol.com\/de\/wp-json\/wp\/v2\/comments?post=19700"}],"version-history":[{"count":0,"href":"https:\/\/www.grillsymbol.com\/de\/wp-json\/wp\/v2\/product\/19700\/revisions"}],"wp:featuredmedia":[{"embeddable":true,"href":"https:\/\/www.grillsymbol.com\/de\/wp-json\/wp\/v2\/media\/20760"}],"wp:attachment":[{"href":"https:\/\/www.grillsymbol.com\/de\/wp-json\/wp\/v2\/media?parent=19700"}],"curies":[{"name":"wp","href":"https:\/\/api.w.org\/{rel}","templated":true}]}}