{"id":19711,"date":"2023-02-13T13:06:09","date_gmt":"2023-02-13T13:06:10","guid":{"rendered":"https:\/\/www.grillsymbol.com\/?post_type=product&#038;p=19711"},"modified":"2025-04-06T12:38:09","modified_gmt":"2025-04-06T12:38:09","slug":"grillsymbol-burgerpresse","status":"publish","type":"product","link":"https:\/\/www.grillsymbol.com\/de\/shop\/grillzubehor\/grillsymbol-burgerpresse\/","title":{"rendered":"GrillSymbol Burgerpresse \u00f8 14 cm"},"content":{"rendered":"<ul>\n<li>Material: Edelstahl<\/li>\n<li>Durchmesser: 14cm<\/li>\n<li>Gewicht: ca. 0,4kg<\/li>\n<\/ul>\n","protected":false},"excerpt":{"rendered":"<p>Magst Du hausgemachte Burger oder den besten Rindersteak? F\u00fcr das gute Gelingen ist eine feste und praktische Burgerpresse sehr wichtig!<\/p>\n<p>Zweck des Pressens ist es den Burger oder das Steak gleichm\u00e4\u00dfig an die hei\u00dfe Garfl\u00e4che zu dr\u00fccken, damit das Fleisch gleichm\u00e4\u00dfig gegart werden kann.<\/p>\n<p>Schaue Dir auch unsre Plancha und Burgerpresse Sets BPS und BPSI an.<\/p>\n","protected":false},"featured_media":20744,"comment_status":"open","ping_status":"closed","template":"","meta":{"footnotes":""},"class_list":["post-19711","product","type-product","status-publish","has-post-thumbnail","hentry","product_cat-grillzubehor"],"_links":{"self":[{"href":"https:\/\/www.grillsymbol.com\/de\/wp-json\/wp\/v2\/product\/19711","targetHints":{"allow":["GET"]}}],"collection":[{"href":"https:\/\/www.grillsymbol.com\/de\/wp-json\/wp\/v2\/product"}],"about":[{"href":"https:\/\/www.grillsymbol.com\/de\/wp-json\/wp\/v2\/types\/product"}],"replies":[{"embeddable":true,"href":"https:\/\/www.grillsymbol.com\/de\/wp-json\/wp\/v2\/comments?post=19711"}],"version-history":[{"count":0,"href":"https:\/\/www.grillsymbol.com\/de\/wp-json\/wp\/v2\/product\/19711\/revisions"}],"wp:featuredmedia":[{"embeddable":true,"href":"https:\/\/www.grillsymbol.com\/de\/wp-json\/wp\/v2\/media\/20744"}],"wp:attachment":[{"href":"https:\/\/www.grillsymbol.com\/de\/wp-json\/wp\/v2\/media?parent=19711"}],"curies":[{"name":"wp","href":"https:\/\/api.w.org\/{rel}","templated":true}]}}