{"id":19764,"date":"2023-02-14T14:18:26","date_gmt":"2023-02-14T14:18:27","guid":{"rendered":"https:\/\/www.grillsymbol.com\/?post_type=product&#038;p=19764"},"modified":"2023-04-04T12:27:25","modified_gmt":"2023-04-04T12:27:25","slug":"grillsymbol-pizzo","status":"publish","type":"product","link":"https:\/\/www.grillsymbol.com\/de\/shop\/pizzaoefen-und-zubehoer\/grillsymbol-pizzo\/","title":{"rendered":"GrillSymbol holzbefeuerter Pizzaofen Pizzo"},"content":{"rendered":"<ul>\n<li>Ma\u00dfe Pizzaofen: 80 x 81 x 96 cm (Breite * Tiefe * H\u00f6he)<\/li>\n<li>Gewicht: ca. 76 kg<\/li>\n<li>Material: Innen Edelstahl, au\u00dfen Cortenstahl<\/li>\n<li>W\u00e4rmeisolation: 10 cm Steinwolle (an Decke und hinterer Wand)<\/li>\n<li>Backfl\u00e4che aus Stein: 60 x 60 cm (es k\u00f6nnen gleichzeitig 2 Pizzas mit ca. 30cm Diameter gebacken werden)<\/li>\n<li>Pizzasteine (Herkunft: Italien) sind aus einem Gemisch von Schamotte und Aluminiumoxid gemacht, was schnelles Aufheizen und sehr gute Backergebnisse versichert.<\/li>\n<li>Die T\u00fcr ist doppellagig \u2013 mit einer Reflektorplatte, die die W\u00e4rme zur\u00fcck in den Ofen reflektiert.<\/li>\n<li>Ofen Thermometer in Skala 0-500 C<\/li>\n<li>In dem Ofen passt auch ein etwas flacher Topf oder Pfanne in den Ma\u00dfen 30 x 59 x 11 cm (Breite * Tiefe * H\u00f6he)<\/li>\n<li>Am Boden sind L\u00f6cher, um das Kondenswasser abzuf\u00fchren<\/li>\n<li>Wird in Teilen auf einer Palette transportiert<\/li>\n<li>Montagezeit ca. 15-20 Minuten (mit Untergestell Baso ca. 1 Stunde)<\/li>\n<li>Benutzung nur in Au\u00dfenbedingungen<\/li>\n<li>In der N\u00e4he der brennbaren Materialien nicht unbeaufsichtigt lassen!<\/li>\n<li>Achtung! Durch Hitze f\u00e4rbt der Edelstahl Schornstein sich manchmal Violet, was aber keine Wirkung auf die Eigenschaften des Produktes hat.<\/li>\n<\/ul>\n<p>&nbsp;<\/p>\n<p><strong>Genaue Montage- und Pflegehinweise finden Sie in der Gebrauchsanweisung. <\/strong><\/p>\n<p>&nbsp;<\/p>\n<p>Achtung: Pizzo ist unbehandelt geliefert und sind grau. Die Kochsalzl\u00f6sung kann den Alterungsprozess beschleunigen.<\/p>\n<p>Genauere Infos finden Sie hier:<\/p>\n<p>&nbsp;<\/p>\n<blockquote class=\"wp-embedded-content\" data-secret=\"ho6trwrd7s\"><p><a href=\"https:\/\/www.grillsymbol.com\/de\/ueber-die-materialien-und-bodenformen-der-pfannen\/corten-alterungsprozess\/\">Corten Alterungsprozess<\/a><\/p><\/blockquote>\n<p><iframe loading=\"lazy\" class=\"wp-embedded-content\" sandbox=\"allow-scripts\" security=\"restricted\" style=\"position: absolute; clip: rect(1px, 1px, 1px, 1px);\" title=\"&#8222;Corten Alterungsprozess&#8220; &#8212; GrillSymbol\" src=\"https:\/\/www.grillsymbol.com\/de\/ueber-die-materialien-und-bodenformen-der-pfannen\/corten-alterungsprozess\/embed\/#?secret=ho6trwrd7s\" data-secret=\"ho6trwrd7s\" width=\"600\" height=\"338\" frameborder=\"0\" marginwidth=\"0\" marginheight=\"0\" scrolling=\"no\"><\/iframe><\/p>\n","protected":false},"excerpt":{"rendered":"<p>Pizzo ist klassischer holzbefeuerter Pizzaofen. Die Gr\u00f6\u00dfe und Produktivit\u00e4t sind ideal f\u00fcr den Hausgebrauch. Da die Pizzas hier in nur Minuten fertig werden, k\u00f6nnen auch 10-20 Pizzas schnell zubereitet werden, so dass w\u00e4hrend eines Festes zu Hause kein Gast auf das Essen nicht lange warten muss! Und der Geschmack der Pizza, welcher aus dem holzbefeuerten Ofen kommt, bleibt lange in Erinnerung.<\/p>\n<p>Pizzaofen Pizzo ist nicht nur f\u00fcr Pizzas geschaffen worden \u2013 man kann hier auch unterschiedliche Brotprodukte backen: Wei\u00dfbrot, Brot, Ciabatta etc. Dank sehr guter W\u00e4rmeisolierung bleibt der Ofen lange warm und somit k\u00f6nnen hier unterschiedliche Gerichte zubereitet werden.<\/p>\n","protected":false},"featured_media":20158,"comment_status":"open","ping_status":"closed","template":"","meta":{"footnotes":""},"class_list":["post-19764","product","type-product","status-publish","has-post-thumbnail","hentry","product_cat-pizzaoefen-und-zubehoer"],"_links":{"self":[{"href":"https:\/\/www.grillsymbol.com\/de\/wp-json\/wp\/v2\/product\/19764","targetHints":{"allow":["GET"]}}],"collection":[{"href":"https:\/\/www.grillsymbol.com\/de\/wp-json\/wp\/v2\/product"}],"about":[{"href":"https:\/\/www.grillsymbol.com\/de\/wp-json\/wp\/v2\/types\/product"}],"replies":[{"embeddable":true,"href":"https:\/\/www.grillsymbol.com\/de\/wp-json\/wp\/v2\/comments?post=19764"}],"version-history":[{"count":0,"href":"https:\/\/www.grillsymbol.com\/de\/wp-json\/wp\/v2\/product\/19764\/revisions"}],"wp:featuredmedia":[{"embeddable":true,"href":"https:\/\/www.grillsymbol.com\/de\/wp-json\/wp\/v2\/media\/20158"}],"wp:attachment":[{"href":"https:\/\/www.grillsymbol.com\/de\/wp-json\/wp\/v2\/media?parent=19764"}],"curies":[{"name":"wp","href":"https:\/\/api.w.org\/{rel}","templated":true}]}}