{"id":19778,"date":"2023-02-14T14:22:46","date_gmt":"2023-02-14T14:22:46","guid":{"rendered":"https:\/\/www.grillsymbol.com\/?post_type=product&#038;p=19778"},"modified":"2023-12-14T09:02:17","modified_gmt":"2023-12-14T09:02:17","slug":"grillsymbol-feuerpfanne-auf-beinen-stark-set-960","status":"publish","type":"product","link":"https:\/\/www.grillsymbol.com\/de\/shop\/paella-und-wok-pfannen\/grillsymbol-feuerpfanne-auf-beinen-stark-set-960\/","title":{"rendered":"GrillSymbol Feuerpfanne auf Beinen Stark Set 960, \u2205 96 cm"},"content":{"rendered":"<ul>\n<li>Durchmesser am oberen Rand: 96 cm (glatter Boden 85 cm)<\/li>\n<li>Material: 3 mm Stahl<\/li>\n<li>Kapazit\u00e4t: 50-80 Portionen (50 l)<\/li>\n<li>H\u00f6he des Randes: 5 cm<\/li>\n<li>Gewicht: Pfanne ca. 19 kg; Grundrahmen: ca. 3kg<\/li>\n<li>Grundrahmen: H\u00f6he 25 cm, Durchmesser 98 cm<\/li>\n<li>Material Grundrahmen: 3 mm wetterfester Cortenstahl, welcher mit der Zeit gleichm\u00e4\u00dfig und stilvoll rostet<\/li>\n<li>Einfache Montage: einmalig 5-10 Minuten<\/li>\n<li>Beine sind einfach zu montieren und zu entfernen<\/li>\n<li>Stark-960 Pfanne kann auf einem B600 oder B700 Gasbrenner und anderen 60cm Gasbrenner benutzt werden<\/li>\n<li>Grundrahmen hat die M\u00f6glichkeit den Gasbrenner zu fixieren (Befestigung im Set enthalten)<\/li>\n<\/ul>\n<p>&nbsp;<\/p>\n<p>Unsere Erfahrung zeigt, dass die optimale H\u00f6he der Beine 25cm ist. Es ist die maximale H\u00f6he, wo die Hitze des Feuers oder der Kohle noch an Pfanne rankommt. Eine Pfanne mit h\u00f6heren Beinen ist nicht mehr so effektiv, da die Pfanne dann zu weit von Hitzequelle ist und die Hitze sich zerstreut, bevor es an die Pfanne rankommt.<\/p>\n<p>&nbsp;<\/p>\n","protected":false},"excerpt":{"rendered":"<p>GrillSymbol Stark eine klassische Stahlpfanne hohem Rand, die einfach zu benutzen und zu pflegen ist. Die Pfanne kommt in einem Set mit den Beinen (H\u00f6he 25cm) und Grundrahmen. Es kann auf dem offenen Feuer benutzt werden oder ohne Beine auch auf Gasbrenner oder Grill. Der Grundrahmen kann auch als Heizungsplatte benutzt werden, so dass das Essen direkt von der brutzelnden Pfanne serviert wird. Im Unterschied zu herk\u00f6mmlichen Pfannen kann man in der Pfanne mit hohem Rand viele unterschiedliche Gerichte zubereiten.<\/p>\n<p>Stark klassische Stahlpfannen werden mit der Zeit besser \u2013 je mehr es benutzt wird, desto besser die Brateigenschaften! Bei richtiger Pflege ist diese Pfanne ein lebenslanger Freund, der an der Schuppenwand auf neue spannende kulinarische Abenteuer und coole Genie\u00dfer wartet.<\/p>\n<p><strong>Hergestellt in Estland.<\/strong><\/p>\n","protected":false},"featured_media":20689,"comment_status":"open","ping_status":"closed","template":"","meta":{"footnotes":""},"class_list":["post-19778","product","type-product","status-publish","has-post-thumbnail","hentry","product_cat-paella-und-wok-pfannen"],"_links":{"self":[{"href":"https:\/\/www.grillsymbol.com\/de\/wp-json\/wp\/v2\/product\/19778","targetHints":{"allow":["GET"]}}],"collection":[{"href":"https:\/\/www.grillsymbol.com\/de\/wp-json\/wp\/v2\/product"}],"about":[{"href":"https:\/\/www.grillsymbol.com\/de\/wp-json\/wp\/v2\/types\/product"}],"replies":[{"embeddable":true,"href":"https:\/\/www.grillsymbol.com\/de\/wp-json\/wp\/v2\/comments?post=19778"}],"version-history":[{"count":0,"href":"https:\/\/www.grillsymbol.com\/de\/wp-json\/wp\/v2\/product\/19778\/revisions"}],"wp:featuredmedia":[{"embeddable":true,"href":"https:\/\/www.grillsymbol.com\/de\/wp-json\/wp\/v2\/media\/20689"}],"wp:attachment":[{"href":"https:\/\/www.grillsymbol.com\/de\/wp-json\/wp\/v2\/media?parent=19778"}],"curies":[{"name":"wp","href":"https:\/\/api.w.org\/{rel}","templated":true}]}}