{"id":19900,"date":"2023-02-20T09:59:38","date_gmt":"2023-02-20T09:59:39","guid":{"rendered":"https:\/\/www.grillsymbol.com\/?post_type=product&#038;p=19900"},"modified":"2023-04-04T10:32:43","modified_gmt":"2023-04-04T10:32:43","slug":"grillsymbol-baso-inox","status":"publish","type":"product","link":"https:\/\/www.grillsymbol.com\/de\/shop\/pizzaoefen-und-zubehoer\/grillsymbol-baso-inox\/","title":{"rendered":"GrillSymbol Untergestell Baso-inox aus Edelstahl"},"content":{"rendered":"<p>&nbsp;<\/p>\n<ul>\n<li>Ma\u00dfe: 100 x 70 x 85cm (Breite * Tiefe * H\u00f6he)<\/li>\n<li>Gewicht: ca. 31 kg<\/li>\n<li>Material: Edelstahl<\/li>\n<li>Montagezeit: ca. 30 Minuten<\/li>\n<li>2 Ebenen f\u00fcr Holz und Zubeh\u00f6r<\/li>\n<li>R\u00e4der k\u00f6nnen angebracht werden, als Zubeh\u00f6r dazu kaufen (Wheels-100)<\/li>\n<li><strong>Die H\u00f6he der Beine ist in 2 Positionen regulierbar, so dass die Arbeitsfl\u00e4che an gleicher H\u00f6he(85cm) bleibt ohne oder mit den R\u00e4dern<\/strong><\/li>\n<\/ul>\n<p>&nbsp;<\/p>\n<p>&nbsp;<\/p>\n","protected":false},"excerpt":{"rendered":"<p>Bei Untergestell Baso-inox wurde in erster Linie an die praktische Seite gedacht. Aus Edelstahl. <strong>Das Gestell hat unterschiedliche Ebenen f\u00fcr Holz und Zubeh\u00f6r. An dem Untergestell k\u00f6nnen R\u00e4der angebracht werden, die als Zubeh\u00f6r extra dazu gekauft werden k\u00f6nnen. <\/strong><\/p>\n<p><strong>Passend f\u00fcr Modelle<\/strong><strong>:<\/strong><strong> Pizzo und Pizzo-inox.<\/strong><\/p>\n<p>Untergestell Baso-inox kann auch bei den Pizza\u00f6fen anderer Hersteller benutzt werden. Dabei ist es wichtig darauf zu achten, dass die Ma\u00dfe des Ofens folgende sind: Breite 80cm und Tiefe 70cm, Toleranz +\/- ca. 2cm. Genauere Infos in Pizzo\/ Baso Gebrauchsanleitung.<\/p>\n","protected":false},"featured_media":20244,"comment_status":"open","ping_status":"closed","template":"","meta":{"footnotes":""},"class_list":["post-19900","product","type-product","status-publish","has-post-thumbnail","hentry","product_cat-pizzaoefen-und-zubehoer"],"_links":{"self":[{"href":"https:\/\/www.grillsymbol.com\/de\/wp-json\/wp\/v2\/product\/19900","targetHints":{"allow":["GET"]}}],"collection":[{"href":"https:\/\/www.grillsymbol.com\/de\/wp-json\/wp\/v2\/product"}],"about":[{"href":"https:\/\/www.grillsymbol.com\/de\/wp-json\/wp\/v2\/types\/product"}],"replies":[{"embeddable":true,"href":"https:\/\/www.grillsymbol.com\/de\/wp-json\/wp\/v2\/comments?post=19900"}],"version-history":[{"count":0,"href":"https:\/\/www.grillsymbol.com\/de\/wp-json\/wp\/v2\/product\/19900\/revisions"}],"wp:featuredmedia":[{"embeddable":true,"href":"https:\/\/www.grillsymbol.com\/de\/wp-json\/wp\/v2\/media\/20244"}],"wp:attachment":[{"href":"https:\/\/www.grillsymbol.com\/de\/wp-json\/wp\/v2\/media?parent=19900"}],"curies":[{"name":"wp","href":"https:\/\/api.w.org\/{rel}","templated":true}]}}