{"id":19915,"date":"2023-02-20T10:10:18","date_gmt":"2023-02-20T10:10:18","guid":{"rendered":"https:\/\/www.grillsymbol.com\/?post_type=product&#038;p=19915"},"modified":"2023-04-04T10:31:43","modified_gmt":"2023-04-04T10:31:43","slug":"grillsymbol-baso-xl","status":"publish","type":"product","link":"https:\/\/www.grillsymbol.com\/de\/shop\/pizzaoefen-und-zubehoer\/grillsymbol-baso-xl\/","title":{"rendered":"GrillSymbol Untergestell Baso-XL f\u00fcr den Pizzaofen"},"content":{"rendered":"<ul>\n<li>Ma\u00dfe: 180 x 70 x 85cm (Breite * Tiefe * H\u00f6he)<\/li>\n<li>Gewicht: ca. 68 kg<\/li>\n<li>Material: Cortenstahl und Edelstahl<\/li>\n<li>Montagezeit: ca. 40-60 Minuten<\/li>\n<li>Der Ofen kann entweder nach links oder nach rechts gestellt werden.<\/li>\n<li>2 Ebenen f\u00fcr Holz und Zubeh\u00f6r<\/li>\n<li>Vorbereitungstisch mit hohem Rand ist ideal f\u00fcr Zubereitung des Teigs oder der Pizzas<\/li>\n<li>R\u00e4der k\u00f6nnen angebracht werden, als Zubeh\u00f6r dazu kaufen (Wheels-100)<\/li>\n<li><strong>Die H\u00f6he der Beine ist in 2 Positionen regulierbar, so dass die Arbeitsfl\u00e4che an gleicher H\u00f6he(85cm) bleibt ohne oder mit den R\u00e4dern<\/strong><\/li>\n<\/ul>\n<p>&nbsp;<\/p>\n<p><strong>Achtung:<\/strong> CorTen-Stahl werden unbehandelt geliefert und sind grau. Die Kochsalzl\u00f6sung kann den Alterungsprozess beschleunigen. Genauere Infos finden Sie hier:<\/p>\n<p>&nbsp;<\/p>\n<blockquote class=\"wp-embedded-content\" data-secret=\"eKVv0Vm3Ma\"><p><a href=\"https:\/\/www.grillsymbol.com\/de\/ueber-die-materialien-und-bodenformen-der-pfannen\/corten-alterungsprozess\/\">Corten Alterungsprozess<\/a><\/p><\/blockquote>\n<p><iframe loading=\"lazy\" class=\"wp-embedded-content\" sandbox=\"allow-scripts\" security=\"restricted\" style=\"position: absolute; clip: rect(1px, 1px, 1px, 1px);\" title=\"&#8222;Corten Alterungsprozess&#8220; &#8212; GrillSymbol\" src=\"https:\/\/www.grillsymbol.com\/de\/ueber-die-materialien-und-bodenformen-der-pfannen\/corten-alterungsprozess\/embed\/#?secret=eKVv0Vm3Ma\" data-secret=\"eKVv0Vm3Ma\" width=\"600\" height=\"338\" frameborder=\"0\" marginwidth=\"0\" marginheight=\"0\" scrolling=\"no\"><\/iframe><\/p>\n","protected":false},"excerpt":{"rendered":"<p>Untergestell Baso-XL ist gro\u03b2 und praktisch. Es hat eine gro\u03b2e und bequeme Vorbereitungsfl\u00e4che aus Edelstahl und verschiedene Ebenen f\u00fcr Holz und weiteren Zubeh\u00f6r.<strong> An dem Untergestell k\u00f6nnen R\u00e4der angebarcht werden, die als Zubeh\u00f6r erh\u00e4ltlich sind.<\/strong><\/p>\n<p><strong>Passend f\u00fcr Modelle: Pizzo und Pizzo-inox.<\/strong><\/p>\n<p>Untergestell Baso-XL kann auch bei den Pizza\u00f6fen anderer Hersteller benutzt werden. Dabei ist es wichtig darauf zu achten, dass die Ma\u00dfe des Ofens folgende sind: Breite 80cm und Tiefe 70cm, Toleranz +\/- ca. 2cm. Genauere Infos in Pizzo\/ Baso Gebrauchsanleitung.<\/p>\n","protected":false},"featured_media":20278,"comment_status":"open","ping_status":"closed","template":"","meta":{"footnotes":""},"class_list":["post-19915","product","type-product","status-publish","has-post-thumbnail","hentry","product_cat-pizzaoefen-und-zubehoer"],"_links":{"self":[{"href":"https:\/\/www.grillsymbol.com\/de\/wp-json\/wp\/v2\/product\/19915","targetHints":{"allow":["GET"]}}],"collection":[{"href":"https:\/\/www.grillsymbol.com\/de\/wp-json\/wp\/v2\/product"}],"about":[{"href":"https:\/\/www.grillsymbol.com\/de\/wp-json\/wp\/v2\/types\/product"}],"replies":[{"embeddable":true,"href":"https:\/\/www.grillsymbol.com\/de\/wp-json\/wp\/v2\/comments?post=19915"}],"version-history":[{"count":0,"href":"https:\/\/www.grillsymbol.com\/de\/wp-json\/wp\/v2\/product\/19915\/revisions"}],"wp:featuredmedia":[{"embeddable":true,"href":"https:\/\/www.grillsymbol.com\/de\/wp-json\/wp\/v2\/media\/20278"}],"wp:attachment":[{"href":"https:\/\/www.grillsymbol.com\/de\/wp-json\/wp\/v2\/media?parent=19915"}],"curies":[{"name":"wp","href":"https:\/\/api.w.org\/{rel}","templated":true}]}}