{"id":19929,"date":"2023-02-20T10:15:03","date_gmt":"2023-02-20T10:15:04","guid":{"rendered":"https:\/\/www.grillsymbol.com\/?post_type=product&#038;p=19929"},"modified":"2023-04-04T10:18:21","modified_gmt":"2023-04-04T10:18:21","slug":"grillsymbol-baso-xl-inox","status":"publish","type":"product","link":"https:\/\/www.grillsymbol.com\/de\/shop\/pizzaoefen-und-zubehoer\/grillsymbol-baso-xl-inox\/","title":{"rendered":"GrillSymbol gro\u03b2er Untergestell Baso-XL-inox aus Edelstahl f\u00fcr den Pizzaofen"},"content":{"rendered":"<ul>\n<li>Ma\u00dfe: 180 x 70 x 85cm (Breite * Tiefe * H\u00f6he)<\/li>\n<li>Gewicht: ca. 68 kg<\/li>\n<li>Material: Edelstahl<\/li>\n<li>Montagezeit: ca. 40-60 Minuten<\/li>\n<li>Der Ofen kann entweder nach links oder nach rechts gestellt werden.<\/li>\n<li>2 Ebenen f\u00fcr Holz und Zubeh\u00f6r<\/li>\n<li>Vorbereitungstisch mit hohem Rand ist ideal f\u00fcr Zubereitung des Teigs oder der Pizzas<\/li>\n<li>Die Seiten des Vorbereitungstisches k\u00f6nnen entweder hoch oder runter gestellt werden<\/li>\n<li>R\u00e4der k\u00f6nnen angebracht werden, als Zubeh\u00f6r dazu kaufen (Wheels-100)<\/li>\n<li><strong>Die H\u00f6he der Beine ist in 2 Positionen regulierbar, so dass die Arbeitsfl\u00e4che an gleicher H\u00f6he (85cm) bleibt ohne oder mit den R\u00e4dern<\/strong><\/li>\n<\/ul>\n<p>&nbsp;<\/p>\n","protected":false},"excerpt":{"rendered":"<p>Untergestell Baso-XL-inox ist gro\u03b2 und praktisch. Es wird aus den straken Edelstahl produziert und hat eine gro\u03b2e und bequeme Vorbereitungsfl\u00e4che. Zus\u00e4tzlich hat es verschiedene Ebenen f\u00fcr Holz und weiteren Zubeh\u00f6r. <strong>An dem Untergestell k\u00f6nnen R\u00e4der angebracht werden, die als Zubeh\u00f6r erh\u00e4ltlich sind.<\/strong><\/p>\n<p><strong>Passend f\u00fcr Modelle: Pizzo und Pizzo-inox.<\/strong><\/p>\n<p>Untergestell Baso-XL inox kann auch bei den Pizza\u00f6fen anderer Hersteller benutzt werden. Dabei ist es wichtig darauf zu achten, dass die Ma\u00dfe des Ofens folgende sind: Breite 80cm und Tiefe 70cm, Toleranz +\/- ca. 2cm. Genauere Infos in Pizzo\/ Baso Gebrauchsanleitung.<\/p>\n","protected":false},"featured_media":20302,"comment_status":"open","ping_status":"closed","template":"","meta":{"footnotes":""},"class_list":["post-19929","product","type-product","status-publish","has-post-thumbnail","hentry","product_cat-pizzaoefen-und-zubehoer"],"_links":{"self":[{"href":"https:\/\/www.grillsymbol.com\/de\/wp-json\/wp\/v2\/product\/19929","targetHints":{"allow":["GET"]}}],"collection":[{"href":"https:\/\/www.grillsymbol.com\/de\/wp-json\/wp\/v2\/product"}],"about":[{"href":"https:\/\/www.grillsymbol.com\/de\/wp-json\/wp\/v2\/types\/product"}],"replies":[{"embeddable":true,"href":"https:\/\/www.grillsymbol.com\/de\/wp-json\/wp\/v2\/comments?post=19929"}],"version-history":[{"count":0,"href":"https:\/\/www.grillsymbol.com\/de\/wp-json\/wp\/v2\/product\/19929\/revisions"}],"wp:featuredmedia":[{"embeddable":true,"href":"https:\/\/www.grillsymbol.com\/de\/wp-json\/wp\/v2\/media\/20302"}],"wp:attachment":[{"href":"https:\/\/www.grillsymbol.com\/de\/wp-json\/wp\/v2\/media?parent=19929"}],"curies":[{"name":"wp","href":"https:\/\/api.w.org\/{rel}","templated":true}]}}