{"id":19943,"date":"2023-02-20T10:19:55","date_gmt":"2023-02-20T10:19:55","guid":{"rendered":"https:\/\/www.grillsymbol.com\/?post_type=product&#038;p=19943"},"modified":"2023-04-03T16:44:23","modified_gmt":"2023-04-03T16:44:23","slug":"grillsymbol-wheels-100","status":"publish","type":"product","link":"https:\/\/www.grillsymbol.com\/de\/shop\/pizzaoefen-und-zubehoer\/grillsymbol-wheels-100\/","title":{"rendered":"GrillSymbol R\u00e4der f\u00fcr Outdoor K\u00fcchenmodule (4 Stk x 100mm)"},"content":{"rendered":"<ul>\n<li>Diameter: 100mm<\/li>\n<li>4 Stk.<\/li>\n<\/ul>\n<p>&nbsp;<\/p>\n","protected":false},"excerpt":{"rendered":"<p>R\u00e4der sind passend f\u00fcr unsere Untergestelle und andere Outdoor K\u00fcchenmodule.<\/p>\n","protected":false},"featured_media":20575,"comment_status":"open","ping_status":"closed","template":"","meta":{"footnotes":""},"class_list":["post-19943","product","type-product","status-publish","has-post-thumbnail","hentry","product_cat-pizzaoefen-und-zubehoer"],"_links":{"self":[{"href":"https:\/\/www.grillsymbol.com\/de\/wp-json\/wp\/v2\/product\/19943","targetHints":{"allow":["GET"]}}],"collection":[{"href":"https:\/\/www.grillsymbol.com\/de\/wp-json\/wp\/v2\/product"}],"about":[{"href":"https:\/\/www.grillsymbol.com\/de\/wp-json\/wp\/v2\/types\/product"}],"replies":[{"embeddable":true,"href":"https:\/\/www.grillsymbol.com\/de\/wp-json\/wp\/v2\/comments?post=19943"}],"version-history":[{"count":0,"href":"https:\/\/www.grillsymbol.com\/de\/wp-json\/wp\/v2\/product\/19943\/revisions"}],"wp:featuredmedia":[{"embeddable":true,"href":"https:\/\/www.grillsymbol.com\/de\/wp-json\/wp\/v2\/media\/20575"}],"wp:attachment":[{"href":"https:\/\/www.grillsymbol.com\/de\/wp-json\/wp\/v2\/media?parent=19943"}],"curies":[{"name":"wp","href":"https:\/\/api.w.org\/{rel}","templated":true}]}}