{"id":20118,"date":"2023-03-28T10:43:48","date_gmt":"2023-03-28T10:43:49","guid":{"rendered":"https:\/\/www.grillsymbol.com\/?post_type=product&#038;p=20118"},"modified":"2023-04-04T10:45:58","modified_gmt":"2023-04-04T10:45:58","slug":"grillsymbol-pizzo-set-inox","status":"publish","type":"product","link":"https:\/\/www.grillsymbol.com\/de\/shop\/pizzaoefen-und-zubehoer\/grillsymbol-pizzo-set-inox\/","title":{"rendered":"GrillSymbol Pizzo-Set-inox &#8211; Pizzaofen mit dem Untergestell"},"content":{"rendered":"<p><strong><u>Pizzo-inox Pizzaofen:<\/u><\/strong><\/p>\n<ul>\n<li>Ma\u00dfe Nur Pizzaofen: 80 x 81 x 96 cm (Breite * Tiefe * H\u00f6he)<\/li>\n<li>Ma\u00dfe mit Untergestell Baso: 100 x 81 x 182 cm (Breite * Tiefe * H\u00f6he mit Schornstein)<\/li>\n<li>Gewicht: Ofen ca. 76 kg, mit Untergestell 107 kg<\/li>\n<li>Material: Edelstahl<\/li>\n<li>W\u00e4rmeisolation: 10 cm Steinwolle (an Decke und W\u00e4nden)<\/li>\n<li>Backfl\u00e4che aus Stein: 60 x 60 cm (es k\u00f6nnen gleichzeitig 2 Pizzas mit ca. 30cm Diameter gebacken werden)<\/li>\n<li>Pizzasteine (Herkunft: Italien) sind aus einem Gemisch von Schamotte und Aluminiumoxid gemacht, was schnelles Aufheizen und sehr gute Backergebnisse versichert.<\/li>\n<li>Die T\u00fcr ist doppellagig \u2013 mit einer Reflektorplatte, die die W\u00e4rme zur\u00fcck in den Ofen reflektiert.<\/li>\n<li>Ofen Thermometer in Skala 0-500 C<\/li>\n<li>In dem Ofen passt auch ein etwas flacher Topf oder Pfanne in den Ma\u00dfen 30 x 59 x 11 cm (Breite * Tiefe * H\u00f6he)<\/li>\n<li>Am Boden sind L\u00f6cher, um das Kondenswasser abzuf\u00fchren<\/li>\n<li>Wird in Teilen auf einer Palette transportiert<\/li>\n<li>Montagezeit ca. 15-20 Minuten (mit Untergestell Baso ca. 1 Stunde)<\/li>\n<li>Benutzung nur in Au\u00dfenbedingungen<\/li>\n<li>In der N\u00e4he der brennbaren Materialien nicht unbeaufsichtigt lassen!<\/li>\n<li><strong>Achtung!<\/strong> Durch Hitze f\u00e4rbt der Edelstahl Schornstein sich manchmal Violet, was aber keine Wirkung auf die Eigenschaften des Produktes hat.<\/li>\n<\/ul>\n<p>&nbsp;<\/p>\n<p><strong><u>Untergestell Baso-inox:<\/u><\/strong><\/p>\n<ul>\n<li>Ma\u00dfe: 100 x 70 x 85cm (Breite * Tiefe * H\u00f6he)<\/li>\n<li>Gewicht: ca. 31 kg (mit Pizzo xa 107 kg)<\/li>\n<li>Material: Edelstahl<\/li>\n<li>Montagezeit: ca. 30 Minuten<\/li>\n<li><strong>R\u00e4der k\u00f6nnen angebracht werden, als Zubeh\u00f6r dazu kaufen<\/strong> (Wheels-100)<\/li>\n<li>Die H\u00f6he der Beine ist in 2 Positionen regulierbar, so dass die Arbeitsfl\u00e4che an gleicher H\u00f6he(85cm) bleibt ohne oder mit den R\u00e4dern<\/li>\n<\/ul>\n","protected":false},"excerpt":{"rendered":"<p>Pizzo-inox Set besteht aus dem Pizzaofen Pizzo-inox und Untergestell Baso-inox. Es ist eine wunderbare Zusammensetzung von italienischem Inhalt und praktischen nordischen Design. Wer mal eine Pizza von Holzofen gegessen hat, wei\u00df was zu erwarten ist! Dank hoher Temperatur bis zu 400C sind die Pizzas in nur wenigen Minuten fertig.<\/p>\n<p>Pizzaofen Pizzo-inox ist nicht nur f\u00fcr Pizzas geschaffen worden \u2013 man kann hier auch unterschiedliche Brotprodukte backen: Wei\u00dfbrot, Brot, Ciabatta etc. Dank sehr guter W\u00e4rmeisolierung bleibt der Ofen lange warm und somit k\u00f6nnen hier unterschiedliche Gerichte zubereitet werden.<\/p>\n<p><strong>R\u00e4der k\u00f6nnen angebracht werden, als Zubeh\u00f6r dazu kaufen.<\/strong><\/p>\n","protected":false},"featured_media":20363,"comment_status":"open","ping_status":"closed","template":"","meta":{"footnotes":""},"class_list":["post-20118","product","type-product","status-publish","has-post-thumbnail","hentry","product_cat-pizzaoefen-und-zubehoer"],"_links":{"self":[{"href":"https:\/\/www.grillsymbol.com\/de\/wp-json\/wp\/v2\/product\/20118","targetHints":{"allow":["GET"]}}],"collection":[{"href":"https:\/\/www.grillsymbol.com\/de\/wp-json\/wp\/v2\/product"}],"about":[{"href":"https:\/\/www.grillsymbol.com\/de\/wp-json\/wp\/v2\/types\/product"}],"replies":[{"embeddable":true,"href":"https:\/\/www.grillsymbol.com\/de\/wp-json\/wp\/v2\/comments?post=20118"}],"version-history":[{"count":0,"href":"https:\/\/www.grillsymbol.com\/de\/wp-json\/wp\/v2\/product\/20118\/revisions"}],"wp:featuredmedia":[{"embeddable":true,"href":"https:\/\/www.grillsymbol.com\/de\/wp-json\/wp\/v2\/media\/20363"}],"wp:attachment":[{"href":"https:\/\/www.grillsymbol.com\/de\/wp-json\/wp\/v2\/media?parent=20118"}],"curies":[{"name":"wp","href":"https:\/\/api.w.org\/{rel}","templated":true}]}}