{"id":20990,"date":"2023-04-25T07:19:54","date_gmt":"2023-04-25T07:19:54","guid":{"rendered":"https:\/\/www.grillsymbol.com\/?post_type=product&#038;p=20990"},"modified":"2024-02-29T07:09:43","modified_gmt":"2024-02-29T07:09:43","slug":"petteri-wiimaa-pflanzkubel-aus-cortenstahl-lilly-s","status":"publish","type":"product","link":"https:\/\/www.grillsymbol.com\/de\/shop\/pflanzkuebeln-aus-cortenstahl\/petteri-wiimaa-pflanzkubel-aus-cortenstahl-lilly-s\/","title":{"rendered":"Petteri Wiimaa Pflanzk\u00fcbel aus Cortenstahl Lilly S, 100x22x40 cm"},"content":{"rendered":"<p>&nbsp;<\/p>\n<ul>\n<li>Material: 2 mm Cortenstahl<\/li>\n<li>Ma\u00dfe: 100 x 22 x 40 cm (LxBxH)<\/li>\n<li>Gewicht: 20 kg<\/li>\n<li>Im Boden sind Ablaufl\u00f6cher f\u00fcr Wasser<\/li>\n<li><span class=\"HwtZe\" lang=\"de\"><span class=\"jCAhz ChMk0b\"><span class=\"ryNqvb\">Der Pflanzk\u00fcbeln wird in Einzelteilen geliefert, Montagezeit ca. 20 min<\/span><\/span><\/span><\/li>\n<\/ul>\n<p>&nbsp;<\/p>\n<p><strong>Achtung:<\/strong>\u00a0CorTen-Stahl Pflanzk\u00fcbel werden unbehandelt geliefert und sind grau.<\/p>\n<p>&nbsp;<\/p>\n<h5><a href=\"https:\/\/www.grillsymbol.com\/de\/ueber-die-materialien-und-bodenformen-der-pfannen\/corten-alterungsprozess\/\" target=\"_blank\" rel=\"noopener\">Siehe hier: Alterungsleitfaden f\u00fcr Cor-Ten-Produkte<\/a><\/h5>\n","protected":false},"excerpt":{"rendered":"<p><strong>Pflanzk\u00fcbel aus Cor-Ten Stahl<\/strong><\/p>\n<p><strong>Design: Petteri Wiimaa<\/strong><\/p>\n<p>Cortenstahl ist fast reiner Kohlenstoffstahl, aber wetterfest behandelt, so dass eine Schutzschicht gegen Wettereinfl\u00fcsse entsteht. Die Oberfl\u00e4che ist anfangs grau, wird aber durch Wettereinfl\u00fcsse r\u00f6tlichbraun (Farbe ist \u00e4hnlich dem Rost), mit der Zeit wird die Farbe etwas dunkler. Bei bestimmungsgem\u00e4\u00dfer Verwendung ist Cor-Ten Stahl ausdrucksstark, pflegefrei und bleibt lang im guten Zustand.<\/p>\n<p>Die Produkte aus Cortenstahl m\u00fcssen im Winter weder in Innenr\u00e4umen gelagert noch bedeckt werden, da der rostfreie Cortenstahl jedem Wetter standh\u00e4lt.<\/p>\n<p>Dar\u00fcber hinaus ist Cortenstahl zu 100% recyclebar und somit ein \u00f6kologisches Material.<\/p>\n","protected":false},"featured_media":23968,"comment_status":"open","ping_status":"closed","template":"","meta":{"footnotes":""},"class_list":["post-20990","product","type-product","status-publish","has-post-thumbnail","hentry","product_cat-pflanzkuebeln-aus-cortenstahl","product_cat-modulare-blumenkasten"],"_links":{"self":[{"href":"https:\/\/www.grillsymbol.com\/de\/wp-json\/wp\/v2\/product\/20990","targetHints":{"allow":["GET"]}}],"collection":[{"href":"https:\/\/www.grillsymbol.com\/de\/wp-json\/wp\/v2\/product"}],"about":[{"href":"https:\/\/www.grillsymbol.com\/de\/wp-json\/wp\/v2\/types\/product"}],"replies":[{"embeddable":true,"href":"https:\/\/www.grillsymbol.com\/de\/wp-json\/wp\/v2\/comments?post=20990"}],"version-history":[{"count":0,"href":"https:\/\/www.grillsymbol.com\/de\/wp-json\/wp\/v2\/product\/20990\/revisions"}],"wp:featuredmedia":[{"embeddable":true,"href":"https:\/\/www.grillsymbol.com\/de\/wp-json\/wp\/v2\/media\/23968"}],"wp:attachment":[{"href":"https:\/\/www.grillsymbol.com\/de\/wp-json\/wp\/v2\/media?parent=20990"}],"curies":[{"name":"wp","href":"https:\/\/api.w.org\/{rel}","templated":true}]}}