{"id":21024,"date":"2023-04-25T08:21:46","date_gmt":"2023-04-25T08:21:46","guid":{"rendered":"https:\/\/www.grillsymbol.com\/?post_type=product&#038;p=21024"},"modified":"2024-08-21T14:05:08","modified_gmt":"2024-08-21T14:05:08","slug":"grillsymbol-deckel-aus-edelstahl-fuer-feuerschale-luna","status":"publish","type":"product","link":"https:\/\/www.grillsymbol.com\/de\/shop\/feuerschalen\/grillsymbol-deckel-aus-edelstahl-fuer-feuerschale-luna\/","title":{"rendered":"GrillSymbol Deckel aus Edelstahl f\u00fcr Feuerschale Luna"},"content":{"rendered":"<p>&nbsp;<\/p>\n<ul>\n<li>Material: Edelstahl<\/li>\n<li>Durchmesser: 79 cm<\/li>\n<li>Gewicht: 8 kg<\/li>\n<li>Material der Griffe: Edelstahl<\/li>\n<li>Zu Fixierung des Deckels werden die Ecken mit M6 Bolzen befestigt<\/li>\n<li>Montage: ca. 5-10 Minuten<\/li>\n<\/ul>\n<p>&nbsp;<\/p>\n<p>Das Produkt darf nur auf festen, nicht brennbaren Untergrund installiert werden, da die Feuerschale w\u00e4hrend des Erhitzens sehr hei\u00df wird. Im Boden der Feuerschale befinden sich L\u00f6cher, aus denen kleine Kohlenst\u00fccke herausfallen k\u00f6nnen. \u00dcbersch\u00fcssiges Wasser kann aus den L\u00f6chern abflie\u00dfen, so wird vermieden, dass stehendes Wasser in der Feuerschale sich ansammelt.<\/p>\n<p>&nbsp;<\/p>\n","protected":false},"excerpt":{"rendered":"<p>Deckel aus Edelstahl f\u00fcr Feuerschale Luna. Der Deckel gibt der Feuerschale \u00e4sthetisches Aussehen und deckt den Innenraum der Feuerschale. Auch hilft es das Innere haupts\u00e4chlich trocken zu halten.<\/p>\n<p><strong>Disain: Petteri Wiimaa<\/strong><\/p>\n<p>&nbsp;<\/p>\n<p>&nbsp;<\/p>\n","protected":false},"featured_media":21032,"comment_status":"open","ping_status":"closed","template":"","meta":{"footnotes":""},"class_list":["post-21024","product","type-product","status-publish","has-post-thumbnail","hentry","product_cat-feuerschalen"],"_links":{"self":[{"href":"https:\/\/www.grillsymbol.com\/de\/wp-json\/wp\/v2\/product\/21024","targetHints":{"allow":["GET"]}}],"collection":[{"href":"https:\/\/www.grillsymbol.com\/de\/wp-json\/wp\/v2\/product"}],"about":[{"href":"https:\/\/www.grillsymbol.com\/de\/wp-json\/wp\/v2\/types\/product"}],"replies":[{"embeddable":true,"href":"https:\/\/www.grillsymbol.com\/de\/wp-json\/wp\/v2\/comments?post=21024"}],"version-history":[{"count":0,"href":"https:\/\/www.grillsymbol.com\/de\/wp-json\/wp\/v2\/product\/21024\/revisions"}],"wp:featuredmedia":[{"embeddable":true,"href":"https:\/\/www.grillsymbol.com\/de\/wp-json\/wp\/v2\/media\/21032"}],"wp:attachment":[{"href":"https:\/\/www.grillsymbol.com\/de\/wp-json\/wp\/v2\/media?parent=21024"}],"curies":[{"name":"wp","href":"https:\/\/api.w.org\/{rel}","templated":true}]}}