{"id":21581,"date":"2023-07-13T12:18:32","date_gmt":"2023-07-13T12:18:35","guid":{"rendered":"https:\/\/www.grillsymbol.com\/?post_type=product&#038;p=21581"},"modified":"2025-06-27T08:57:38","modified_gmt":"2025-06-27T08:57:38","slug":"grillsymbol-deckel-fuer-feuerschale-lucas","status":"publish","type":"product","link":"https:\/\/www.grillsymbol.com\/de\/shop\/feuerschalen\/grillsymbol-deckel-fuer-feuerschale-lucas\/","title":{"rendered":"GrillSymbol Deckel aus Corten Stahl f\u00fcr Feuerschale Lucas"},"content":{"rendered":"<ul>\n<li>Material: 2 mm Cortenstahl<\/li>\n<li>Durchmesser: 95 cm<\/li>\n<li>Gewicht: 12 kg<\/li>\n<li>Griff: Edelstahl<\/li>\n<li>Zu Fixierung des Deckels werden die Ecken mit M6 Bolzen befestigt<\/li>\n<li>Montage: ca. 5-10 Minuten<\/li>\n<\/ul>\n<p>&nbsp;<\/p>\n<p>Das Produkt darf nur auf festen, nicht brennbaren Untergrund installiert werden, da die Feuerschale w\u00e4hrend des Erhitzens sehr hei\u00df wird. Im Boden der Feuerschale befinden sich L\u00f6cher, aus denen kleine Kohlenst\u00fccke herausfallen k\u00f6nnen. \u00dcbersch\u00fcssiges Wasser kann aus den L\u00f6chern abflie\u00dfen, so wird vermieden, dass stehendes Wasser in der Feuerschale sich ansammelt.<\/p>\n<p><strong>Achtung:<\/strong>\u00a0CorTen-Stahl Feuerschalen werden unbehandelt geliefert und sind grau. Die Kochsalzl\u00f6sung kann den Alterungsprozess beschleunigen. Genauere Infos finden Sie hier:<\/p>\n<p>&nbsp;<\/p>\n<h5><a href=\"https:\/\/www.grillsymbol.com\/de\/ueber-die-materialien-und-bodenformen-der-pfannen\/corten-alterungsprozess\/\" target=\"_blank\" rel=\"noopener\">Siehe hier: Alterungsleitfaden f\u00fcr Cor-Ten-Produkte<\/a><\/h5>\n","protected":false},"excerpt":{"rendered":"<p>Deckel aus Corten Stahl f\u00fcr Feuerschale Lucas. Der Deckel gibt der Feuerschale \u00e4sthetisches Aussehen und deckt den Innenraum der Feuerschale. Auch hilft es das Innere haupts\u00e4chlich trocken zu halten.<\/p>\n<p>Cortenstahl ist fast reiner Kohlenstoffstahl, aber wetterfest behandelt, so dass eine Schutzschicht gegen Wettereinfl\u00fcsse entsteht. Die Oberfl\u00e4che ist anfangs grau, wird aber durch Wettereinfl\u00fcsse r\u00f6tlichbraun (Farbe ist \u00e4hnlich dem Rost), mit der Zeit wird die Farbe etwas dunkler. Bei bestimmungsgem\u00e4\u00dfer Verwendung ist Cor-Ten Stahl ausdrucksstark, pflegefrei und bleibt lang im guten Zustand.<\/p>\n<p><strong>Disain: Petteri Wiimaa<\/strong><\/p>\n<p>&nbsp;<\/p>\n","protected":false},"featured_media":22954,"comment_status":"open","ping_status":"closed","template":"","meta":{"footnotes":""},"class_list":["post-21581","product","type-product","status-publish","has-post-thumbnail","hentry","product_cat-feuerschalen"],"_links":{"self":[{"href":"https:\/\/www.grillsymbol.com\/de\/wp-json\/wp\/v2\/product\/21581","targetHints":{"allow":["GET"]}}],"collection":[{"href":"https:\/\/www.grillsymbol.com\/de\/wp-json\/wp\/v2\/product"}],"about":[{"href":"https:\/\/www.grillsymbol.com\/de\/wp-json\/wp\/v2\/types\/product"}],"replies":[{"embeddable":true,"href":"https:\/\/www.grillsymbol.com\/de\/wp-json\/wp\/v2\/comments?post=21581"}],"version-history":[{"count":0,"href":"https:\/\/www.grillsymbol.com\/de\/wp-json\/wp\/v2\/product\/21581\/revisions"}],"wp:featuredmedia":[{"embeddable":true,"href":"https:\/\/www.grillsymbol.com\/de\/wp-json\/wp\/v2\/media\/22954"}],"wp:attachment":[{"href":"https:\/\/www.grillsymbol.com\/de\/wp-json\/wp\/v2\/media?parent=21581"}],"curies":[{"name":"wp","href":"https:\/\/api.w.org\/{rel}","templated":true}]}}