{"id":21845,"date":"2023-08-24T11:44:50","date_gmt":"2023-08-24T11:44:50","guid":{"rendered":"https:\/\/www.grillsymbol.com\/?post_type=product&#038;p=21845"},"modified":"2026-04-29T06:39:03","modified_gmt":"2026-04-29T06:39:03","slug":"grillsymbol-kamin-herd-amigo-mit-holzheizung","status":"publish","type":"product","link":"https:\/\/www.grillsymbol.com\/de\/shop\/feuerschalen\/grillsymbol-kamin-herd-amigo-mit-holzheizung\/","title":{"rendered":"GrillSymbol Kamin-Herd Amigo mit Holzheizung"},"content":{"rendered":"<p>&nbsp;<\/p>\n<ul>\n<li>Ma\u00dfe: 210 x 41 x 54 cm (H\u00f6he x Breite x Tiefe)<\/li>\n<li>Gewicht: ca. 50 kg<\/li>\n<li>Material: 3mm Corten Stahl<\/li>\n<li>T\u00fcr mit hitzebest\u00e4ndigem Glas (Fenster 17,7*17,7 cm)<\/li>\n<li>Herdplatte aus S355 Stahl, Ma\u00dfe: 33 x 30 cm<\/li>\n<li>Schornstein besteht aus 2 Teilen, kann niedrig oder hoch benutzt<\/li>\n<li>Abflussl\u00f6cher im Boden zu Abfuhr des \u00fcbersch\u00fcssigen Wassers<\/li>\n<li>Wird in mehreren Teilen transportiert<\/li>\n<li>Montage: ca. 15-20 Minuten<\/li>\n<\/ul>\n<p>&nbsp;<\/p>\n<p>Amigo ist der perfekte Begleiter auf Deiner kulinarischen Reise: finde einen kleinen Stuhl, etwas Zeit, T\u00f6pfe und Pfannen und es geht los! H\u00f6he der Arbeitsfl\u00e4che ist 66cm \u2013 genau ideal, um neben dem Herd auf einem ca. 40cm hohen Stuhl zu sitzen.<\/p>\n<p>F\u00fcr den Au\u00dfenbereich. Das Produkt darf auf ein Holzsockel gestellt werden, wenn dieser ordnungsgem\u00e4\u00df feuerfest gemacht wird und die \u00f6rtlichen Brandschutzanordnungen gefolgt werden.<\/p>\n<p>Darf nicht ohne Aufsicht gelassen werden, wenn in der N\u00e4he brennbare Materialen sind!<\/p>\n<p><strong>Achtung!<\/strong> Die Produkte aus Corten Stahl werden unbehandelt geliefert und sind somit grau wie gew\u00f6hnlicher warmgewalzter Stahl. Anleitung zu Alterungsprozesses von Corten Stahl findest Du auf unserer Webseite oder kannst es direkt von dem Produkt Scannen.<\/p>\n<p>&nbsp;<\/p>\n<h5><a href=\"https:\/\/www.grillsymbol.com\/de\/ueber-die-materialien-und-bodenformen-der-pfannen\/corten-alterungsprozess\/\" target=\"_blank\" rel=\"noopener\">Siehe hier: Alterungsleitfaden f\u00fcr Cor-Ten-Produkte<\/a><\/h5>\n","protected":false},"excerpt":{"rendered":"<p>Kamin-Herd Amigo ist hei\u00dfbl\u00fctig, wie auch der Name sagt! \u00dcberaus praktisch und stilvoll! Hei\u00dfbl\u00fctiger S\u00fcdl\u00e4nder arbeitet hart und sorgt f\u00fcr Sicherheitsgef\u00fchl, dass das Leben nicht stillsteht, wenn Strom mal ausbleibt \u2013 Hauptsache man hat Feuerholz parat.<\/p>\n<p>Koche leckeres Essen oder genie\u00dfe einfach die W\u00e4rme.<\/p>\n<p>Einem Gentleman passend kann Amigo sowohl auf der Terrasse einer noblen Villa als auch auf dem Hof eines Sommerhauses stehen. Es kann tapfer K\u00e4lte, Regen, Schnee und Wind aushalten und durch die Glast\u00fcr gl\u00fcht gem\u00fctliches Feuer \u2013 zum Nachdenken einladend.<\/p>\n<p>&nbsp;<\/p>\n","protected":false},"featured_media":21853,"comment_status":"open","ping_status":"closed","template":"","meta":{"footnotes":""},"class_list":["post-21845","product","type-product","status-publish","has-post-thumbnail","hentry","product_cat-feuerschalen"],"_links":{"self":[{"href":"https:\/\/www.grillsymbol.com\/de\/wp-json\/wp\/v2\/product\/21845","targetHints":{"allow":["GET"]}}],"collection":[{"href":"https:\/\/www.grillsymbol.com\/de\/wp-json\/wp\/v2\/product"}],"about":[{"href":"https:\/\/www.grillsymbol.com\/de\/wp-json\/wp\/v2\/types\/product"}],"replies":[{"embeddable":true,"href":"https:\/\/www.grillsymbol.com\/de\/wp-json\/wp\/v2\/comments?post=21845"}],"version-history":[{"count":1,"href":"https:\/\/www.grillsymbol.com\/de\/wp-json\/wp\/v2\/product\/21845\/revisions"}],"predecessor-version":[{"id":35792,"href":"https:\/\/www.grillsymbol.com\/de\/wp-json\/wp\/v2\/product\/21845\/revisions\/35792"}],"wp:featuredmedia":[{"embeddable":true,"href":"https:\/\/www.grillsymbol.com\/de\/wp-json\/wp\/v2\/media\/21853"}],"wp:attachment":[{"href":"https:\/\/www.grillsymbol.com\/de\/wp-json\/wp\/v2\/media?parent=21845"}],"curies":[{"name":"wp","href":"https:\/\/api.w.org\/{rel}","templated":true}]}}