{"id":22194,"date":"2023-10-31T08:16:12","date_gmt":"2023-10-31T08:16:13","guid":{"rendered":"https:\/\/www.grillsymbol.com\/?post_type=product&#038;p=22194"},"modified":"2023-12-21T07:50:51","modified_gmt":"2023-12-21T07:50:51","slug":"outlet-grillsymbol-smoker-holzkohlegrill-smoky-beast-xl-produktmuster","status":"publish","type":"product","link":"https:\/\/www.grillsymbol.com\/de\/shop\/outlet-de\/outlet-grillsymbol-smoker-holzkohlegrill-smoky-beast-xl-produktmuster\/","title":{"rendered":"OUTLET GrillSymbol Smoker Holzkohlegrill Smoky Beast XL (Produktmuster)"},"content":{"rendered":"<p><strong>Im Preis enthalten:<\/strong> Grillkohlewannen (2 St\u00fcck), ein Modul f\u00fcr die Grillbriketts, eingebaute F\u00e4cher.<\/p>\n<p>&nbsp;<\/p>\n<ul>\n<li>Material: 3 mm Cortenstahl<\/li>\n<li>Gewicht: 200 kg<\/li>\n<li>Wird aufgebaut geliefert, nur die Schornsteine m\u00fcssen angebracht werden<\/li>\n<li>Der Backbereich und die Heizkammer k\u00f6nnen voneinander getrennt werden, die Schornsteine lassen sich abnehmen<\/li>\n<li>Der Smoker-Holzkohlegrill wird nicht lackiert<\/li>\n<li>Der Rahmen hat R\u00e4der mit einem Diameter von 10 cm, wodurch er auf einer harten Fl\u00e4che gerollt werden kann<\/li>\n<li>Zwei Grillroste auf verschiedenen Ebenen mit den Abmessungen 118 x 60 cm und 118 x 50 cm Material: rostfreier Stahl. Die Fl\u00e4che der Garroste: insgesamt 12 900 cm2 (bzw. 1,29 m2)<\/li>\n<li>Kapazit\u00e4t: auf zwei Roste passen bis zu 70 kg Fleisch<\/li>\n<li>Schornsteine auf beiden Seiten garantieren eine gleichm\u00e4\u00dfige W\u00e4rmeverteilung<\/li>\n<li>Wasser kann durch ein spezielles Rohr in die Wasserwanne zugegossen werden, der Grillofen braucht dazu nicht ge\u00f6ffnet zu werden<\/li>\n<li>Das Fett flie\u00dft durch die daf\u00fcr bestimmte Wanne und tropft in einen speziellen Eimer<\/li>\n<li>Am Ende der Schornsteine befinden sich Schieber, mit deren Hilfe die Temperatur im Ofen geregelt werden kann<\/li>\n<li>Der Smoker-Holzkohlegrill verf\u00fcgt \u00fcber ein \u00e4u\u00dferes Thermometer (Skala von 0-300 \u00b0C).<\/li>\n<li>Die Tiefe der Heizkammer betr\u00e4gt 48 cm, am Boden befindet sich ein Gussrost<\/li>\n<li>Auf dem vorderen Teil der Heizkammer befindet sich eine 20 x 20 cm Herdplatte, auf der Mop-So\u00dfen aufgew\u00e4rmt werden k\u00f6nnen<\/li>\n<li>Die T\u00fcr l\u00e4sst sich aus zwei Positionen schlie\u00dfen \u2013 eine gute M\u00f6glichkeit, um die Temperatur zu regulieren<\/li>\n<li>Die T\u00fcr der Heizkammer hat eine Doppelwand und h\u00e4lt der Hitze somit besser stand<\/li>\n<\/ul>\n<p>&nbsp;<\/p>\n<p>Zum Material des <strong>Smoker-Holzkohlegrills<\/strong>: Cortenstahl ist ein fast reiner Kohlenstoffstahl, der jedoch so bearbeitet ist, dass eine Schutzschicht auf der Oberfl\u00e4che gebildet wird, um Wetterbedingungen standzuhalten.<\/p>\n<p><strong>Smoker-Holzkohlegrills <\/strong>werden unbehandelt geliefert und sind grau. Durch Wettereinfluss wird die Oberfl\u00e4chenschicht anfangs rotbraun (ein Ton, der Rost \u00e4hnelt), wird aber mit der Zeit dunkler. Bei bestimmungsgem\u00e4\u00dfer Benutzung ist Cortenstahl ausdrucksstark, langlebig und pflegeleicht, und h\u00e4lt der Zeit auf einzigartige Weise stand.<br \/>\nDie Kochsalzl\u00f6sung kann den Alterungsprozess beschleunigen. Genauere Infos finden Sie hier:<\/p>\n<p>&nbsp;<\/p>\n<blockquote class=\"wp-embedded-content\" data-secret=\"EeEMxWp53W\"><p><a href=\"https:\/\/www.grillsymbol.com\/de\/ueber-die-materialien-und-bodenformen-der-pfannen\/corten-alterungsprozess\/\">Corten Alterungsprozess<\/a><\/p><\/blockquote>\n<p><iframe loading=\"lazy\" class=\"wp-embedded-content\" sandbox=\"allow-scripts\" security=\"restricted\" style=\"position: absolute; clip: rect(1px, 1px, 1px, 1px);\" title=\"&#8222;Corten Alterungsprozess&#8220; &#8212; GrillSymbol\" src=\"https:\/\/www.grillsymbol.com\/de\/ueber-die-materialien-und-bodenformen-der-pfannen\/corten-alterungsprozess\/embed\/#?secret=69ZFc4Jdjt#?secret=EeEMxWp53W\" data-secret=\"EeEMxWp53W\" width=\"600\" height=\"338\" frameborder=\"0\" marginwidth=\"0\" marginheight=\"0\" scrolling=\"no\"><\/iframe><\/p>\n","protected":false},"excerpt":{"rendered":"<p><strong>Achtung: Produktmuster.<\/strong><\/p>\n<p>Klassischer <strong>Smoker-Holzkohlegrill<\/strong>\u00a0mit zwei Schornsteinen und sehr gro\u00dfer Kapazit\u00e4t, mit dessen Verwendung die besten Geschmackserlebnisse erzielt werden. Er wird aus Cortenstahl handgefertigt. Beim Garen von Barbecue-Gut kann der Grill sowohl mit <strong>Holz als auch mit Holzkohle<\/strong> geheizt werden. Weiterhin kann er auch als Kohlegrill verwendet werden. W\u00e4hrend die Hitze beim Garen oder R\u00e4uchern von unten aus den Heizkammern kommt, gibt es zum Grillen eine spezielle <strong>Kohleschale<\/strong>, die unter den Grillrosten angebracht wird.<\/p>\n<p>Das Modell <strong>Smoky Beast XL<\/strong> ist von der Kapazit\u00e4t her gr\u00f6\u00dfer als die gr\u00f6\u00dften Modelle der keramischen Kamado Grills(Kennzeichnungen 2XL, Pro Joe). Die Gesamtfl\u00e4che beider Grillroste zusammen betr\u00e4gt 12 900 cm2 (bzw. 1,29 m2). In den Grill passen gleichzeitig 70 kg Fleisch.<\/p>\n","protected":false},"featured_media":20097,"comment_status":"open","ping_status":"closed","template":"","meta":{"footnotes":""},"class_list":["post-22194","product","type-product","status-publish","has-post-thumbnail","hentry","product_cat-outlet-de"],"_links":{"self":[{"href":"https:\/\/www.grillsymbol.com\/de\/wp-json\/wp\/v2\/product\/22194","targetHints":{"allow":["GET"]}}],"collection":[{"href":"https:\/\/www.grillsymbol.com\/de\/wp-json\/wp\/v2\/product"}],"about":[{"href":"https:\/\/www.grillsymbol.com\/de\/wp-json\/wp\/v2\/types\/product"}],"replies":[{"embeddable":true,"href":"https:\/\/www.grillsymbol.com\/de\/wp-json\/wp\/v2\/comments?post=22194"}],"version-history":[{"count":0,"href":"https:\/\/www.grillsymbol.com\/de\/wp-json\/wp\/v2\/product\/22194\/revisions"}],"wp:featuredmedia":[{"embeddable":true,"href":"https:\/\/www.grillsymbol.com\/de\/wp-json\/wp\/v2\/media\/20097"}],"wp:attachment":[{"href":"https:\/\/www.grillsymbol.com\/de\/wp-json\/wp\/v2\/media?parent=22194"}],"curies":[{"name":"wp","href":"https:\/\/api.w.org\/{rel}","templated":true}]}}