{"id":22242,"date":"2023-10-31T13:20:16","date_gmt":"2023-10-31T13:20:28","guid":{"rendered":"https:\/\/www.grillsymbol.com\/?post_type=product&#038;p=22242"},"modified":"2023-12-21T07:57:18","modified_gmt":"2023-12-21T07:57:18","slug":"outlet-grillsymbol-holzkohlegrill-chef-xxl-produktmuster","status":"publish","type":"product","link":"https:\/\/www.grillsymbol.com\/de\/shop\/outlet-de\/outlet-grillsymbol-holzkohlegrill-chef-xxl-produktmuster\/","title":{"rendered":"OUTLET GrillSymbol Holzkohlegrill Chef XXL (Produktmuster)"},"content":{"rendered":"<ul>\n<li>Ma\u03b2e: 116 x 65 x 90 cm (B x T x H)<\/li>\n<li>Gewicht: 60 kg<\/li>\n<li>Material Korpus: 3 mm Cortenstahl<\/li>\n<li>Grillfl\u00e4che 115 x 62 cm<\/li>\n<li>Ma\u03b2 Grillrost: 62 x 38 cm (im Set sind 2 Grillroste)<\/li>\n<li>Am Boden des Grills sind Bel\u00fcftungsl\u00f6cher mit einem Regulierer<\/li>\n<li>F\u00fc\u00dfe werden mit Fl\u00fcgelschrauben befestigt<\/li>\n<li>F\u00fc\u00dfe haben Sohlen f\u00fcr mehr Stabilit\u00e4t<\/li>\n<li>Material Kohle Vorbereitungspfanne: 2 mm rostfreier Stahl<\/li>\n<li>Material Kohlepfanne: Boden 1,2 mm rostfreier Stahl, Umrandung 3 mm rostfreier Stahl<\/li>\n<li>Grill hat Wind- und Spritzschutz, Ma\u03b2e 116 x 15 cm (B x H)<\/li>\n<\/ul>\n<p>&nbsp;<\/p>\n<p><strong>Chef XXL Holzkohlegrill Zubeh\u00f6r (nicht im Preis enthalten):<\/strong><\/p>\n<ul>\n<li>Deckel f\u00fcr den Grill, aus rostfreiem Stahl (deckt 2\/3 von Grillfl\u00e4che, 62 x76 cm)<\/li>\n<li>Grillrost Classic, aus Rundstahl mit Durchmesser 8 mm (deckt 1\/3 von Grillfl\u00e4che, 62 x 38 cm)<\/li>\n<li>Argentinischer Grill (deckt 2\/3 von Grillfl\u00e4che, 62 x 76 cm)<\/li>\n<li>Blech, aus 5 mm rostfreiem Stahl (deckt 1\/3 von Grillfl\u00e4che, 62 x 38 cm)<\/li>\n<li>Seitenregale f\u00fcr den Grill, aus rostfreiem Stahl, 2 Stk.)<\/li>\n<li>Regal f\u00fcr Grillrost (f\u00fcr 3 Stk.)<\/li>\n<li>Adapter f\u00fcr 1\/1 GN Beh\u00e4lter (deckt 1\/3 von Grillfl\u00e4che, 62 x 38 cm)<\/li>\n<\/ul>\n<p>&nbsp;<\/p>\n<p><strong>Achtung! <\/strong>W\u00e4hrend des Grillens und durch Hitze wir der Korpus aus Cortenstahl etwas dunkler als auf den Produktfotos zu sehen ist!<\/p>\n<p><strong>Achtung:<\/strong> CorTen-Stahl Holzkohlegrills werden unbehandelt geliefert und sind grau. Die Kochsalzl\u00f6sung kann den Alterungsprozess beschleunigen. Genauere Infos finden Sie hier:<\/p>\n<p>&nbsp;<\/p>\n<blockquote class=\"wp-embedded-content\" data-secret=\"dBmG7RQkcW\"><p><a href=\"https:\/\/www.grillsymbol.com\/de\/ueber-die-materialien-und-bodenformen-der-pfannen\/corten-alterungsprozess\/\">Corten Alterungsprozess<\/a><\/p><\/blockquote>\n<p><iframe loading=\"lazy\" class=\"wp-embedded-content\" sandbox=\"allow-scripts\" security=\"restricted\" style=\"position: absolute; clip: rect(1px, 1px, 1px, 1px);\" title=\"&#8222;Corten Alterungsprozess&#8220; &#8212; GrillSymbol\" src=\"https:\/\/www.grillsymbol.com\/de\/ueber-die-materialien-und-bodenformen-der-pfannen\/corten-alterungsprozess\/embed\/#?secret=NOhy8iq6TO#?secret=dBmG7RQkcW\" data-secret=\"dBmG7RQkcW\" width=\"600\" height=\"338\" frameborder=\"0\" marginwidth=\"0\" marginheight=\"0\" scrolling=\"no\"><\/iframe><\/p>\n","protected":false},"excerpt":{"rendered":"<p><strong>Achtung: Produktmuster.<\/strong><\/p>\n<p><strong>Chef XXL<\/strong> ist ein gro\u00dfer, standfester und starker Holzkohlegrill mit hoher Leistungsf\u00e4higkeit. Einfach zu montieren, nimmt wenig Platz und leistet gro\u00dfartige Arbeit. Grillfl\u00e4che ist 115x62cm. Im Set sind 2 Grillroste aus Stahl, die 2\/3 der Grillfl\u00e4che bedecken, Vorbereitungspfanne f\u00fcr Kohle und Kohlenpfanne. Der Grill hat einen Wind- und Spritzschutz in Breite 15cm.<\/p>\n<p>Chef Holzkohlegrills sind eine Symbiose von altem Klassiker und modernen Materialien. Alter und klassischer Form, praktische Details und moderne Materialien, wobei nicht gespart wird. Das Geh\u00e4use wird aus 3 mm Cortenstahl gefertigt, was dabei hilft, Temperatur w\u00e4hrend des Grillens gleichm\u00e4\u00dfig zu halten.<\/p>\n","protected":false},"featured_media":13001,"comment_status":"open","ping_status":"closed","template":"","meta":{"footnotes":""},"class_list":["post-22242","product","type-product","status-publish","has-post-thumbnail","hentry","product_cat-outlet-de"],"_links":{"self":[{"href":"https:\/\/www.grillsymbol.com\/de\/wp-json\/wp\/v2\/product\/22242","targetHints":{"allow":["GET"]}}],"collection":[{"href":"https:\/\/www.grillsymbol.com\/de\/wp-json\/wp\/v2\/product"}],"about":[{"href":"https:\/\/www.grillsymbol.com\/de\/wp-json\/wp\/v2\/types\/product"}],"replies":[{"embeddable":true,"href":"https:\/\/www.grillsymbol.com\/de\/wp-json\/wp\/v2\/comments?post=22242"}],"version-history":[{"count":0,"href":"https:\/\/www.grillsymbol.com\/de\/wp-json\/wp\/v2\/product\/22242\/revisions"}],"wp:featuredmedia":[{"embeddable":true,"href":"https:\/\/www.grillsymbol.com\/de\/wp-json\/wp\/v2\/media\/13001"}],"wp:attachment":[{"href":"https:\/\/www.grillsymbol.com\/de\/wp-json\/wp\/v2\/media?parent=22242"}],"curies":[{"name":"wp","href":"https:\/\/api.w.org\/{rel}","templated":true}]}}