{"id":22601,"date":"2024-01-09T08:55:05","date_gmt":"2024-01-09T08:55:06","guid":{"rendered":"https:\/\/www.grillsymbol.com\/?post_type=product&#038;p=22601"},"modified":"2024-09-10T12:59:33","modified_gmt":"2024-09-10T12:59:33","slug":"grillsymbol-herdrost-fuer-30-cm-gas-brenner","status":"publish","type":"product","link":"https:\/\/www.grillsymbol.com\/de\/shop\/paella-zubehor\/grillsymbol-herdrost-fuer-30-cm-gas-brenner\/","title":{"rendered":"GrillSymbol Herdrost f\u00fcr 30 cm Gas-Brenner"},"content":{"rendered":"<p>SA-30 passt f\u00fcr die Modelle PRO-460\/PRO-450, PRO-450 CAT, B300 und TW-460<\/p>\n","protected":false},"excerpt":{"rendered":"<p>Universeller Herdrost aus Edelstahl. Passend f\u00fcr Ringbrenner.<\/p>\n<p>Das Design des Herdrostes erm\u00f6glicht es, darauf sowohl gro\u00dfe als auch kleine T\u00f6pfe und Pfannen zu benutzen. Diese L\u00f6sung macht den Ringbrenner multifunktionell. Stelle den Rost auf Gasbrenner und koche das Essen im Freien direkt auf dem Gasfeuer! Diese L\u00f6sung schafft die Gewissheit, dass das Leben ohne Strom nicht stillsteht &#8211; Hauptsache, es ist Gas in der Gasflasche.<\/p>\n<p>&nbsp;<\/p>\n","protected":false},"featured_media":22607,"comment_status":"open","ping_status":"closed","template":"","meta":{"footnotes":""},"class_list":["post-22601","product","type-product","status-publish","has-post-thumbnail","hentry","product_cat-paella-zubehor"],"_links":{"self":[{"href":"https:\/\/www.grillsymbol.com\/de\/wp-json\/wp\/v2\/product\/22601","targetHints":{"allow":["GET"]}}],"collection":[{"href":"https:\/\/www.grillsymbol.com\/de\/wp-json\/wp\/v2\/product"}],"about":[{"href":"https:\/\/www.grillsymbol.com\/de\/wp-json\/wp\/v2\/types\/product"}],"replies":[{"embeddable":true,"href":"https:\/\/www.grillsymbol.com\/de\/wp-json\/wp\/v2\/comments?post=22601"}],"version-history":[{"count":0,"href":"https:\/\/www.grillsymbol.com\/de\/wp-json\/wp\/v2\/product\/22601\/revisions"}],"wp:featuredmedia":[{"embeddable":true,"href":"https:\/\/www.grillsymbol.com\/de\/wp-json\/wp\/v2\/media\/22607"}],"wp:attachment":[{"href":"https:\/\/www.grillsymbol.com\/de\/wp-json\/wp\/v2\/media?parent=22601"}],"curies":[{"name":"wp","href":"https:\/\/api.w.org\/{rel}","templated":true}]}}