{"id":22850,"date":"2024-01-11T17:19:25","date_gmt":"2024-01-11T17:19:26","guid":{"rendered":"https:\/\/grillsymbol.com\/?post_type=product&#038;p=22850"},"modified":"2024-08-22T07:11:05","modified_gmt":"2024-08-22T07:11:05","slug":"grillsymbol-gusseisenpfanne-oe-16-cm","status":"publish","type":"product","link":"https:\/\/www.grillsymbol.com\/de\/shop\/grillzubehor\/grillsymbol-gusseisenpfanne-oe-16-cm\/","title":{"rendered":"GrillSymbol Gusseisenpfanne, \u00f8 16 cm"},"content":{"rendered":"<ul>\n<li>Pfanne ist aus hochwertigem Gusseisen.<\/li>\n<li>Durchmesser: 16 cm<\/li>\n<li>Gewicht: 1 kg<\/li>\n<\/ul>\n<p>&nbsp;<\/p>\n","protected":false},"excerpt":{"rendered":"<p>Die Pfanne aus Gusseisen h\u00e4lt die Hitze gut und gart gleichm\u00e4\u00dfig.<\/p>\n<p>Passend zur Benutzung auf Grill, Herd, usw.<\/p>\n<p>&nbsp;<\/p>\n","protected":false},"featured_media":25951,"comment_status":"open","ping_status":"closed","template":"","meta":{"footnotes":""},"class_list":["post-22850","product","type-product","status-publish","has-post-thumbnail","hentry","product_cat-grillzubehor"],"_links":{"self":[{"href":"https:\/\/www.grillsymbol.com\/de\/wp-json\/wp\/v2\/product\/22850","targetHints":{"allow":["GET"]}}],"collection":[{"href":"https:\/\/www.grillsymbol.com\/de\/wp-json\/wp\/v2\/product"}],"about":[{"href":"https:\/\/www.grillsymbol.com\/de\/wp-json\/wp\/v2\/types\/product"}],"replies":[{"embeddable":true,"href":"https:\/\/www.grillsymbol.com\/de\/wp-json\/wp\/v2\/comments?post=22850"}],"version-history":[{"count":0,"href":"https:\/\/www.grillsymbol.com\/de\/wp-json\/wp\/v2\/product\/22850\/revisions"}],"wp:featuredmedia":[{"embeddable":true,"href":"https:\/\/www.grillsymbol.com\/de\/wp-json\/wp\/v2\/media\/25951"}],"wp:attachment":[{"href":"https:\/\/www.grillsymbol.com\/de\/wp-json\/wp\/v2\/media?parent=22850"}],"curies":[{"name":"wp","href":"https:\/\/api.w.org\/{rel}","templated":true}]}}