{"id":23158,"date":"2024-01-18T14:19:52","date_gmt":"2024-01-18T14:19:53","guid":{"rendered":"https:\/\/grillsymbol.com\/?post_type=product&#038;p=23158"},"modified":"2024-09-11T08:51:28","modified_gmt":"2024-09-11T08:51:28","slug":"grillsymbol-herdrost-fur-40-cm-gas-brenner","status":"publish","type":"product","link":"https:\/\/www.grillsymbol.com\/de\/shop\/paella-zubehor\/grillsymbol-herdrost-fur-40-cm-gas-brenner\/","title":{"rendered":"GrillSymbol Herdrost f\u00fcr 40 und 60 cm Gas-Brenner"},"content":{"rendered":"<p>SA-40 passt f\u00fcr die Modelle PRO-580, PRO-545, PRO-545 CAT, PRO-720, PRO-675, Basic-580, B400, B600, TW-580, TW-720 und TW-960.<\/p>\n","protected":false},"excerpt":{"rendered":"<p>Universeller Herdrost aus Edelstahl. Passend f\u00fcr Ringbrenner.<\/p>\n<p>Das Design des Herdrostes erm\u00f6glicht es, darauf sowohl gro\u00dfe als auch kleine T\u00f6pfe und Pfannen zu benutzen. Diese L\u00f6sung macht den Ringbrenner multifunktionell. Stelle den Rost auf Gasbrenner und koche das Essen im Freien direkt auf dem Gasfeuer! Diese L\u00f6sung schafft die Gewissheit, dass das Leben ohne Strom nicht stillsteht &#8211; Hauptsache, es ist Gas in der Gasflasche.<\/p>\n<p>&nbsp;<\/p>\n<p>&nbsp;<\/p>\n","protected":false},"featured_media":23164,"comment_status":"open","ping_status":"closed","template":"","meta":{"footnotes":""},"class_list":["post-23158","product","type-product","status-publish","has-post-thumbnail","hentry","product_cat-paella-zubehor"],"_links":{"self":[{"href":"https:\/\/www.grillsymbol.com\/de\/wp-json\/wp\/v2\/product\/23158","targetHints":{"allow":["GET"]}}],"collection":[{"href":"https:\/\/www.grillsymbol.com\/de\/wp-json\/wp\/v2\/product"}],"about":[{"href":"https:\/\/www.grillsymbol.com\/de\/wp-json\/wp\/v2\/types\/product"}],"replies":[{"embeddable":true,"href":"https:\/\/www.grillsymbol.com\/de\/wp-json\/wp\/v2\/comments?post=23158"}],"version-history":[{"count":0,"href":"https:\/\/www.grillsymbol.com\/de\/wp-json\/wp\/v2\/product\/23158\/revisions"}],"wp:featuredmedia":[{"embeddable":true,"href":"https:\/\/www.grillsymbol.com\/de\/wp-json\/wp\/v2\/media\/23164"}],"wp:attachment":[{"href":"https:\/\/www.grillsymbol.com\/de\/wp-json\/wp\/v2\/media?parent=23158"}],"curies":[{"name":"wp","href":"https:\/\/api.w.org\/{rel}","templated":true}]}}