{"id":23547,"date":"2024-03-21T12:56:15","date_gmt":"2024-03-21T12:56:15","guid":{"rendered":"https:\/\/grillsymbol.com\/?post_type=product&#038;p=23547"},"modified":"2024-03-31T07:30:17","modified_gmt":"2024-03-31T07:30:17","slug":"petteri-wiimaa-pflanzkubel-aus-cortenstahl-clara-xxl","status":"publish","type":"product","link":"https:\/\/www.grillsymbol.com\/de\/shop\/pflanzkuebeln-aus-cortenstahl\/petteri-wiimaa-pflanzkubel-aus-cortenstahl-clara-xxl\/","title":{"rendered":"Petteri Wiimaa Pflanzk\u00fcbel aus Cortenstahl Clara XXL"},"content":{"rendered":"<p>&nbsp;<\/p>\n<ul>\n<li>Material: 2 mm Cor-Ten-Stahl<\/li>\n<li>Ma\u00dfe: 80 x 80 x 80 cm (L*B*H)<\/li>\n<li>Gewicht: 55 kg<\/li>\n<li>Im Boden sind Ablaufl\u00f6cher f\u00fcr Wasser<\/li>\n<li><span class=\"HwtZe\" lang=\"de\"><span class=\"jCAhz ChMk0b\"><span class=\"ryNqvb\">Der Pflanzk\u00fcbeln wird in Einzelteilen geliefert, Montagezeit ca. 30 min<\/span><\/span><\/span><\/li>\n<\/ul>\n<p>&nbsp;<\/p>\n<p><strong>Achtung!<\/strong>\u00a0Die Produkte aus Corten Stahl werden unbehandelt geliefert und sind somit grau wie gew\u00f6hnlicher warmgewalzter Stahl. Anleitung zu Alterungsprozesses von Corten Stahl findest Du auf unserer Webseite oder kannst es direkt von dem Produkt Scannen.<\/p>\n<h5><\/h5>\n<h5><a href=\"https:\/\/www.grillsymbol.com\/de\/ueber-die-materialien-und-bodenformen-der-pfannen\/corten-alterungsprozess\/\" target=\"_blank\" rel=\"noopener\">Siehe hier: Alterungsleitfaden f\u00fcr Cor-Ten-Produkte<\/a><\/h5>\n","protected":false},"excerpt":{"rendered":"<p><strong>Blumentopf aus Cor-Ten Stahl<\/strong><\/p>\n<p><strong>Design: Petteri Wiimaa<\/strong><\/p>\n<p>Cortenstahl ist fast reiner Kohlenstoffstahl, aber wetterfest behandelt, so dass eine Schutzschicht gegen Wettereinfl\u00fcsse entsteht. Die Oberfl\u00e4che ist anfangs grau, wird aber durch Wettereinfl\u00fcsse r\u00f6tlichbraun (Farbe ist \u00e4hnlich dem Rost), mit der Zeit wird die Farbe etwas dunkler. Bei bestimmungsgem\u00e4\u00dfer Verwendung ist Cor-Ten Stahl ausdrucksstark, pflegefrei und bleibt lang im guten Zustand.<\/p>\n<p>Die Produkte aus Cortenstahl m\u00fcssen im Winter weder in Innenr\u00e4umen gelagert noch bedeckt werden, da der rostfreie Cortenstahl jedem Wetter standh\u00e4lt.<\/p>\n<p>Dar\u00fcber hinaus ist Cortenstahl zu 100% recyclebar und somit ein \u00f6kologisches Material.<\/p>\n","protected":false},"featured_media":23710,"comment_status":"open","ping_status":"closed","template":"","meta":{"footnotes":""},"class_list":{"0":"post-23547","1":"product","2":"type-product","3":"status-publish","4":"has-post-thumbnail","5":"hentry","6":"product_cat-modulare-blumenkasten","9":"product_cat-pflanzkuebeln-aus-cortenstahl"},"_links":{"self":[{"href":"https:\/\/www.grillsymbol.com\/de\/wp-json\/wp\/v2\/product\/23547","targetHints":{"allow":["GET"]}}],"collection":[{"href":"https:\/\/www.grillsymbol.com\/de\/wp-json\/wp\/v2\/product"}],"about":[{"href":"https:\/\/www.grillsymbol.com\/de\/wp-json\/wp\/v2\/types\/product"}],"replies":[{"embeddable":true,"href":"https:\/\/www.grillsymbol.com\/de\/wp-json\/wp\/v2\/comments?post=23547"}],"version-history":[{"count":0,"href":"https:\/\/www.grillsymbol.com\/de\/wp-json\/wp\/v2\/product\/23547\/revisions"}],"wp:featuredmedia":[{"embeddable":true,"href":"https:\/\/www.grillsymbol.com\/de\/wp-json\/wp\/v2\/media\/23710"}],"wp:attachment":[{"href":"https:\/\/www.grillsymbol.com\/de\/wp-json\/wp\/v2\/media?parent=23547"}],"curies":[{"name":"wp","href":"https:\/\/api.w.org\/{rel}","templated":true}]}}